{"id":31006,"date":"2026-02-27T00:12:01","date_gmt":"2026-02-27T00:12:01","guid":{"rendered":"https:\/\/nordicmart.andreevmaster.com\/product\/songmics-aurinkovarjo-o-200-cm-taittuva\/"},"modified":"2026-02-27T09:35:08","modified_gmt":"2026-02-27T09:35:08","slug":"songmics-aurinkovarjo-o-200-cm-taittuva","status":"publish","type":"product","link":"https:\/\/nordicmart.andreevmaster.com\/fi\/tuote\/songmics-aurinkovarjo-o-200-cm-taittuva\/","title":{"rendered":"SONGMICS aurinkovarjo \u00d8 200 cm taittuva"},"content":{"rendered":"<p>Unohtumaton kes\u00e4: l\u00e4mmin aurinko, sininen taivas, raikas ilma \u2013 nyt tarvitset vain kauniin aurinkovarjon t\u00e4ydent\u00e4m\u00e4\u00e4n upeaa lomaasi. Hemmottele siis itse\u00e4si t\u00e4ll\u00e4 SONGMICS-rantavarjolla! PA-pinnoitetun varjokangasta ansiosta se tarjoaa erinomaisen UV-suojan jopa UPF 50+ -tasolle asti, joten sinun ei tarvitse huolehtia siit\u00e4, ett\u00e4 kirkas auringonvalo vahingoittaa silmi\u00e4si ja punoittaa ihoasi. Tyylikk\u00e4\u00e4n v\u00e4rins\u00e4 ansiosta t\u00e4m\u00e4 varjo tulee olemaan katseenvangitsija rannalla! Seuralainen moniksi vuosiksi! Kest\u00e4v\u00e4t lasikuituripustukset, korkealaatuinen sinkkiseosmekanismi, k\u00e4yt\u00e4nn\u00f6llinen turvalukko, joka est\u00e4\u00e4 sateenvarjon \u00e4killisen sulkeutumisen, mit\u00e4 muuta? Mukana toimitetaan kuljetuskassi, joten voit s\u00e4ilytt\u00e4\u00e4 sateenvarjon tilaa s\u00e4\u00e4st\u00e4en ja ottaa sen mukaan minne tahansa. Uskollinen matkakumppani sinulle! Tuotetiedot:V\u00e4ri: harmaa Materiaali: sateenvarjon varsi jauhemaalattua ter\u00e4st\u00e4, 160 g\/m\u00b2 polyesterikangas PA-pinnoitteella, lasikuituripustukset Kaarevuuden pituus: 2,2 m Vaakasuora halkaisija: 2 m Paino: 2 kg Toimitus sis\u00e4lt\u00e4\u00e4: 1 x sateenvarjo 1 x kuljetuslaukku 1 x turvalukko SONGMICS Huomautukset:Sateenvarjotelinett\u00e4 ei toimiteta mukana. Avaa sateenvarjo varovasti ja hitaasti, \u00e4l\u00e4 v\u00e4kisin. Sulje sateenvarjo y\u00f6ll\u00e4, kovalla tuulella tai sateisella s\u00e4\u00e4ll\u00e4 vahingoittumisen est\u00e4miseksi.Suojaa sateenvarjo suojapeitteell\u00e4 (ei sis\u00e4lly toimitukseen), jotta se kest\u00e4\u00e4 pidemp\u00e4\u00e4n. Sulje sateenvarjo hitaasti, jotta sormesi eiv\u00e4t j\u00e4\u00e4 puristuksiin.<\/p>\n","protected":false},"excerpt":{"rendered":"<p>SONGMICS aurinkovarjo, \u00d8 160 cm, markkinavarjo, UV-suoja UPF 50+, aurinkosuoja, kahdeksankulmainen puutarhavarjo polyesterist\u00e4, lasikuituripustukset, kantolaukku, sininen GPU60BU<\/p>\n","protected":false},"featured_media":40205,"comment_status":"open","ping_status":"closed","template":"","meta":[],"product_brand":[],"product_cat":[32],"product_tag":[],"class_list":{"0":"post-31006","1":"product","2":"type-product","3":"status-publish","4":"has-post-thumbnail","6":"product_cat-uncategorized-fi","8":"first","9":"instock","10":"shipping-taxable","11":"purchasable","12":"product-type-simple"},"_links":{"self":[{"href":"https:\/\/nordicmart.andreevmaster.com\/fi\/wp-json\/wp\/v2\/product\/31006","targetHints":{"allow":["GET"]}}],"collection":[{"href":"https:\/\/nordicmart.andreevmaster.com\/fi\/wp-json\/wp\/v2\/product"}],"about":[{"href":"https:\/\/nordicmart.andreevmaster.com\/fi\/wp-json\/wp\/v2\/types\/product"}],"replies":[{"embeddable":true,"href":"https:\/\/nordicmart.andreevmaster.com\/fi\/wp-json\/wp\/v2\/comments?post=31006"}],"wp:featuredmedia":[{"embeddable":true,"href":"https:\/\/nordicmart.andreevmaster.com\/fi\/wp-json\/wp\/v2\/media\/40205"}],"wp:attachment":[{"href":"https:\/\/nordicmart.andreevmaster.com\/fi\/wp-json\/wp\/v2\/media?parent=31006"}],"wp:term":[{"taxonomy":"product_brand","embeddable":true,"href":"https:\/\/nordicmart.andreevmaster.com\/fi\/wp-json\/wp\/v2\/product_brand?post=31006"},{"taxonomy":"product_cat","embeddable":true,"href":"https:\/\/nordicmart.andreevmaster.com\/fi\/wp-json\/wp\/v2\/product_cat?post=31006"},{"taxonomy":"product_tag","embeddable":true,"href":"https:\/\/nordicmart.andreevmaster.com\/fi\/wp-json\/wp\/v2\/product_tag?post=31006"}],"curies":[{"name":"wp","href":"https:\/\/api.w.org\/{rel}","templated":true}]}}