{"id":31000,"date":"2026-02-27T00:11:59","date_gmt":"2026-02-27T00:11:59","guid":{"rendered":"https:\/\/nordicmart.andreevmaster.com\/product\/songmics-aurinkovarjo-kamelinruskea-vipuvivulla-ja-ristijalalla\/"},"modified":"2026-02-27T09:35:07","modified_gmt":"2026-02-27T09:35:07","slug":"songmics-aurinkovarjo-kamelinruskea-vipuvivulla-ja-ristijalalla","status":"publish","type":"product","link":"https:\/\/nordicmart.andreevmaster.com\/fi\/tuote\/songmics-aurinkovarjo-kamelinruskea-vipuvivulla-ja-ristijalalla\/","title":{"rendered":"SONGMICS aurinkovarjo kamelinruskea, vipuvivulla ja ristijalalla"},"content":{"rendered":"<p>SONGMICS aurinkovarjo, riippuva aurinkovarjo, 270 x 270 cm, UV-suoja UPF 50+, puutarhavarjo, 360\u00b0 k\u00e4\u00e4ntyv\u00e4, kallistuskulma s\u00e4\u00e4dett\u00e4viss\u00e4, kampi, ristijalka<br \/>\nV\u00e4ri: kamelinruskea<br \/>\nMateriaali: ter\u00e4s, 180 g\/m\u00b2 polyesteri<br \/>\nSateenvarjon kankaan koko: 270 x 270 cm (P x L)<br \/>\nKorkeus: 240 cm<br \/>\nPaino: 17,4 kg<\/p>\n","protected":false},"excerpt":{"rendered":"<p>SONGMICS aurinkovarjo, riippuva aurinkovarjo, 270 x 270 cm, UV-suoja UPF 50+, puutarhavarjo, 360\u00b0 k\u00e4\u00e4ntyv\u00e4, kallistuskulma s\u00e4\u00e4dett\u00e4viss\u00e4, kampi, ristijalka<\/p>\n","protected":false},"featured_media":40199,"comment_status":"open","ping_status":"closed","template":"","meta":[],"product_brand":[],"product_cat":[32],"product_tag":[],"class_list":{"0":"post-31000","1":"product","2":"type-product","3":"status-publish","4":"has-post-thumbnail","6":"product_cat-uncategorized-fi","8":"first","9":"instock","10":"shipping-taxable","11":"purchasable","12":"product-type-simple"},"_links":{"self":[{"href":"https:\/\/nordicmart.andreevmaster.com\/fi\/wp-json\/wp\/v2\/product\/31000","targetHints":{"allow":["GET"]}}],"collection":[{"href":"https:\/\/nordicmart.andreevmaster.com\/fi\/wp-json\/wp\/v2\/product"}],"about":[{"href":"https:\/\/nordicmart.andreevmaster.com\/fi\/wp-json\/wp\/v2\/types\/product"}],"replies":[{"embeddable":true,"href":"https:\/\/nordicmart.andreevmaster.com\/fi\/wp-json\/wp\/v2\/comments?post=31000"}],"wp:featuredmedia":[{"embeddable":true,"href":"https:\/\/nordicmart.andreevmaster.com\/fi\/wp-json\/wp\/v2\/media\/40199"}],"wp:attachment":[{"href":"https:\/\/nordicmart.andreevmaster.com\/fi\/wp-json\/wp\/v2\/media?parent=31000"}],"wp:term":[{"taxonomy":"product_brand","embeddable":true,"href":"https:\/\/nordicmart.andreevmaster.com\/fi\/wp-json\/wp\/v2\/product_brand?post=31000"},{"taxonomy":"product_cat","embeddable":true,"href":"https:\/\/nordicmart.andreevmaster.com\/fi\/wp-json\/wp\/v2\/product_cat?post=31000"},{"taxonomy":"product_tag","embeddable":true,"href":"https:\/\/nordicmart.andreevmaster.com\/fi\/wp-json\/wp\/v2\/product_tag?post=31000"}],"curies":[{"name":"wp","href":"https:\/\/api.w.org\/{rel}","templated":true}]}}