{"id":30991,"date":"2026-02-27T00:11:58","date_gmt":"2026-02-27T00:11:58","guid":{"rendered":"https:\/\/nordicmart.andreevmaster.com\/product\/songmics-aurinkovarjo-300-cm-upf-50-28-aurinkokayttoisella-led-valolla-harmaa\/"},"modified":"2026-02-27T09:35:06","modified_gmt":"2026-02-27T09:35:06","slug":"songmics-aurinkovarjo-300-cm-upf-50-28-aurinkokayttoisella-led-valolla-harmaa","status":"publish","type":"product","link":"https:\/\/nordicmart.andreevmaster.com\/fi\/tuote\/songmics-aurinkovarjo-300-cm-upf-50-28-aurinkokayttoisella-led-valolla-harmaa\/","title":{"rendered":"SONGMICS aurinkovarjo 300 cm UPF 50+ 28 aurinkok\u00e4ytt\u00f6isell\u00e4 LED-valolla, harmaa"},"content":{"rendered":"<p>SONGMICS aurinkovarjo, riippuva aurinkovarjo, 300 cm, 28 aurinkokennovalaisinta, UPF 50+, puutarhavarjo, 360\u00b0 k\u00e4\u00e4ntyv\u00e4, kallistuskulma portaattomasti s\u00e4\u00e4dett\u00e4viss\u00e4, kampi, ristijalka<br \/>\nV\u00e4ri: harmaa<br \/>\nMateriaali: ter\u00e4s, 180 g\/m\u00b2 polyesteri<br \/>\nVarjokangas: 300 cm d<br \/>\nKorkeus: 240 cm<br \/>\nPaino: 15,3 kg<\/p>\n","protected":false},"excerpt":{"rendered":"<p>SONGMICS aurinkovarjo, riippuva aurinkovarjo, 300 cm, 28 aurinkokennovalaisinta, UPF 50+, puutarhavarjo, 360\u00b0 k\u00e4\u00e4ntyv\u00e4, kallistuskulma portaattomasti s\u00e4\u00e4dett\u00e4viss\u00e4, kampi, ristijalka<\/p>\n","protected":false},"featured_media":40190,"comment_status":"open","ping_status":"closed","template":"","meta":[],"product_brand":[],"product_cat":[32],"product_tag":[],"class_list":{"0":"post-30991","1":"product","2":"type-product","3":"status-publish","4":"has-post-thumbnail","6":"product_cat-uncategorized-fi","8":"first","9":"instock","10":"shipping-taxable","11":"purchasable","12":"product-type-simple"},"_links":{"self":[{"href":"https:\/\/nordicmart.andreevmaster.com\/fi\/wp-json\/wp\/v2\/product\/30991","targetHints":{"allow":["GET"]}}],"collection":[{"href":"https:\/\/nordicmart.andreevmaster.com\/fi\/wp-json\/wp\/v2\/product"}],"about":[{"href":"https:\/\/nordicmart.andreevmaster.com\/fi\/wp-json\/wp\/v2\/types\/product"}],"replies":[{"embeddable":true,"href":"https:\/\/nordicmart.andreevmaster.com\/fi\/wp-json\/wp\/v2\/comments?post=30991"}],"wp:featuredmedia":[{"embeddable":true,"href":"https:\/\/nordicmart.andreevmaster.com\/fi\/wp-json\/wp\/v2\/media\/40190"}],"wp:attachment":[{"href":"https:\/\/nordicmart.andreevmaster.com\/fi\/wp-json\/wp\/v2\/media?parent=30991"}],"wp:term":[{"taxonomy":"product_brand","embeddable":true,"href":"https:\/\/nordicmart.andreevmaster.com\/fi\/wp-json\/wp\/v2\/product_brand?post=30991"},{"taxonomy":"product_cat","embeddable":true,"href":"https:\/\/nordicmart.andreevmaster.com\/fi\/wp-json\/wp\/v2\/product_cat?post=30991"},{"taxonomy":"product_tag","embeddable":true,"href":"https:\/\/nordicmart.andreevmaster.com\/fi\/wp-json\/wp\/v2\/product_tag?post=30991"}],"curies":[{"name":"wp","href":"https:\/\/api.w.org\/{rel}","templated":true}]}}