{"id":30989,"date":"2026-02-27T00:11:57","date_gmt":"2026-02-27T00:11:57","guid":{"rendered":"https:\/\/nordicmart.andreevmaster.com\/product\/songmics-aurinkovarjo-taittuu-30-molemmin-puolin-harmaa\/"},"modified":"2026-02-27T09:35:06","modified_gmt":"2026-02-27T09:35:06","slug":"songmics-aurinkovarjo-taittuu-30-molemmin-puolin-harmaa","status":"publish","type":"product","link":"https:\/\/nordicmart.andreevmaster.com\/fi\/tuote\/songmics-aurinkovarjo-taittuu-30-molemmin-puolin-harmaa\/","title":{"rendered":"SONGMICS Aurinkovarjo, taittuu 30\u00b0 molemmin puolin, harmaa"},"content":{"rendered":"<p>SONGMICS aurinkovarjo, \u00d8 300 cm, markkinavarjo, UV-suoja UPF 50+, puutarhavarjo, terassivarjo, aurinkosuoja, kampi, ilman jalustaa, ulkok\u00e4ytt\u00f6\u00f6n, puutarhaan, parvekkeelle ja terassille, beige GPU30BE<br \/>\nV\u00e4ri: Harmaa<br \/>\nMateriaali: metallinen varjostin, 180 g\/m\u00b2 polyesterikangas<br \/>\nSateenvarjon kaaren kaarevuus: 340 cm<br \/>\nSateenvarjon kankaan vaakasuora halkaisija: 327,5 cm<br \/>\nSateenvarjon varren halkaisija: 38 mm<br \/>\nKorkeus: 246 cm<br \/>\nPaino: 7,5 kg<\/p>\n","protected":false},"excerpt":{"rendered":"<p>SONGMICS aurinkovarjo, \u00d8 300 cm, markkinavarjo, UV-suoja UPF 50+, puutarhavarjo, terassivarjo, aurinkosuoja, kampi, ilman jalustaa, ulkok\u00e4ytt\u00f6\u00f6n, puutarhaan, parvekkeelle ja terassille, beige GPU30BE<\/p>\n","protected":false},"featured_media":40188,"comment_status":"open","ping_status":"closed","template":"","meta":[],"product_brand":[],"product_cat":[32],"product_tag":[],"class_list":{"0":"post-30989","1":"product","2":"type-product","3":"status-publish","4":"has-post-thumbnail","6":"product_cat-uncategorized-fi","8":"first","9":"instock","10":"shipping-taxable","11":"purchasable","12":"product-type-simple"},"_links":{"self":[{"href":"https:\/\/nordicmart.andreevmaster.com\/fi\/wp-json\/wp\/v2\/product\/30989","targetHints":{"allow":["GET"]}}],"collection":[{"href":"https:\/\/nordicmart.andreevmaster.com\/fi\/wp-json\/wp\/v2\/product"}],"about":[{"href":"https:\/\/nordicmart.andreevmaster.com\/fi\/wp-json\/wp\/v2\/types\/product"}],"replies":[{"embeddable":true,"href":"https:\/\/nordicmart.andreevmaster.com\/fi\/wp-json\/wp\/v2\/comments?post=30989"}],"wp:featuredmedia":[{"embeddable":true,"href":"https:\/\/nordicmart.andreevmaster.com\/fi\/wp-json\/wp\/v2\/media\/40188"}],"wp:attachment":[{"href":"https:\/\/nordicmart.andreevmaster.com\/fi\/wp-json\/wp\/v2\/media?parent=30989"}],"wp:term":[{"taxonomy":"product_brand","embeddable":true,"href":"https:\/\/nordicmart.andreevmaster.com\/fi\/wp-json\/wp\/v2\/product_brand?post=30989"},{"taxonomy":"product_cat","embeddable":true,"href":"https:\/\/nordicmart.andreevmaster.com\/fi\/wp-json\/wp\/v2\/product_cat?post=30989"},{"taxonomy":"product_tag","embeddable":true,"href":"https:\/\/nordicmart.andreevmaster.com\/fi\/wp-json\/wp\/v2\/product_tag?post=30989"}],"curies":[{"name":"wp","href":"https:\/\/api.w.org\/{rel}","templated":true}]}}