{"id":30986,"date":"2026-02-27T00:11:57","date_gmt":"2026-02-27T00:11:57","guid":{"rendered":"https:\/\/nordicmart.andreevmaster.com\/product\/songmics-aurinkovarjo-230-x-150-cm-korkeussaadettava-harmaa\/"},"modified":"2026-02-27T09:35:05","modified_gmt":"2026-02-27T09:35:05","slug":"songmics-aurinkovarjo-230-x-150-cm-korkeussaadettava-harmaa","status":"publish","type":"product","link":"https:\/\/nordicmart.andreevmaster.com\/fi\/tuote\/songmics-aurinkovarjo-230-x-150-cm-korkeussaadettava-harmaa\/","title":{"rendered":"SONGMICS aurinkovarjo 230 x 150 cm, korkeuss\u00e4\u00e4dett\u00e4v\u00e4, harmaa"},"content":{"rendered":"<p>SONGMICS aurinkovarjo parvekkeelle, suorakulmainen puutarhavarjo, 200 x 125 cm, UV-suoja UPF 50+, taittuva, PA-pinnoitettu varjokangas, puutarhaan, terassille, ilman jalustaa, harmaa GPU25GY<br \/>\nV\u00e4ri: harmaa<br \/>\nMateriaali: ter\u00e4srunko, sateenvarjokangas 160 g\/m\u00b2 polyesterikangasta<br \/>\nKangasliinan koko: 230 x 150 cm (P x L)<br \/>\nKorkeus pystyss\u00e4: 175\u2013245 cm<br \/>\n\u00d8 sateenvarjon varsi: yl\u00e4osa 28 mm\/alaosa 32 mm<br \/>\nPaino: 3,7 kg<\/p>\n","protected":false},"excerpt":{"rendered":"<p>SONGMICS aurinkovarjo parvekkeelle, suorakulmainen puutarhavarjo, 200 x 125 cm, UV-suoja UPF 50+, taittuva, PA-pinnoitettu varjokangas, puutarhaan, terassille, ilman jalustaa, harmaa GPU25GY<\/p>\n","protected":false},"featured_media":40185,"comment_status":"open","ping_status":"closed","template":"","meta":[],"product_brand":[],"product_cat":[32],"product_tag":[],"class_list":{"0":"post-30986","1":"product","2":"type-product","3":"status-publish","4":"has-post-thumbnail","6":"product_cat-uncategorized-fi","8":"first","9":"instock","10":"shipping-taxable","11":"purchasable","12":"product-type-simple"},"_links":{"self":[{"href":"https:\/\/nordicmart.andreevmaster.com\/fi\/wp-json\/wp\/v2\/product\/30986","targetHints":{"allow":["GET"]}}],"collection":[{"href":"https:\/\/nordicmart.andreevmaster.com\/fi\/wp-json\/wp\/v2\/product"}],"about":[{"href":"https:\/\/nordicmart.andreevmaster.com\/fi\/wp-json\/wp\/v2\/types\/product"}],"replies":[{"embeddable":true,"href":"https:\/\/nordicmart.andreevmaster.com\/fi\/wp-json\/wp\/v2\/comments?post=30986"}],"wp:featuredmedia":[{"embeddable":true,"href":"https:\/\/nordicmart.andreevmaster.com\/fi\/wp-json\/wp\/v2\/media\/40185"}],"wp:attachment":[{"href":"https:\/\/nordicmart.andreevmaster.com\/fi\/wp-json\/wp\/v2\/media?parent=30986"}],"wp:term":[{"taxonomy":"product_brand","embeddable":true,"href":"https:\/\/nordicmart.andreevmaster.com\/fi\/wp-json\/wp\/v2\/product_brand?post=30986"},{"taxonomy":"product_cat","embeddable":true,"href":"https:\/\/nordicmart.andreevmaster.com\/fi\/wp-json\/wp\/v2\/product_cat?post=30986"},{"taxonomy":"product_tag","embeddable":true,"href":"https:\/\/nordicmart.andreevmaster.com\/fi\/wp-json\/wp\/v2\/product_tag?post=30986"}],"curies":[{"name":"wp","href":"https:\/\/api.w.org\/{rel}","templated":true}]}}