{"id":30984,"date":"2026-02-27T00:11:56","date_gmt":"2026-02-27T00:11:56","guid":{"rendered":"https:\/\/nordicmart.andreevmaster.com\/product\/aurinkovarjo-led-aurinkovalolla\/"},"modified":"2026-02-27T09:35:05","modified_gmt":"2026-02-27T09:35:05","slug":"aurinkovarjo-led-aurinkovalolla","status":"publish","type":"product","link":"https:\/\/nordicmart.andreevmaster.com\/fi\/tuote\/aurinkovarjo-led-aurinkovalolla\/","title":{"rendered":"Aurinkovarjo LED-aurinkovalolla"},"content":{"rendered":"<p>Antaa varjoa p\u00e4iv\u00e4n aikana: t\u00e4st\u00e4 l\u00e4htien sinun ei en\u00e4\u00e4 tarvitse pel\u00e4t\u00e4 voimakasta auringonvaloa! Halusitpa sitten ottaa nokoset puutarhassa, sy\u00f6d\u00e4 terassilla yst\u00e4vien kanssa tai nauttia kahvitauosta perheen kanssa ulkona, t\u00e4m\u00e4 aurinkovarjo tekee suunnitelmistasi totta. Se on valmistettu 180 g\/m\u00b2 polyesterikankaasta, tarjoaa erinomaisen UV-suojan jopa UPF 50+ ja luo romanttista tunnelmaa iltaisin: Heti kun aurinko laskee, juhlat alkavat! Kytke aurinkopaneelilla toimivat LED-valot p\u00e4\u00e4lle ja luo parvekkeellesi romanttinen tunnelma. Illallinen kumppanisi kanssa? Syntym\u00e4p\u00e4iv\u00e4yll\u00e4tys keskiy\u00f6ll\u00e4? Nauti kauniista hetkist\u00e4 rakkaidesi kanssa pehme\u00e4ss\u00e4 valossa! Toimitus sis\u00e4lt\u00e4\u00e4: V\u00e4ri: Beige Materiaali: Metallinen sateenvarjoteline, 180 g\/m\u00b2 polyesterikangas Sateenvarjo: 2,7 m Paino: 6,3 kg Toimitus sis\u00e4lt\u00e4\u00e4: 1 x sateenvarjo 1 x aurinkopaneeli LED-valaistusta varten 1 x k\u00e4ytt\u00f6ohje SONGICS Huomautukset: Sateenvarjotelinett\u00e4 ei toimiteta mukana. \u00c4l\u00e4 avaa sateenvarjoa voimakkaasti, vaan varovasti ja hitaasti.Sulje aurinkovarjo tuulisina p\u00e4ivin\u00e4 vahinkojen v\u00e4ltt\u00e4miseksi.<\/p>\n","protected":false},"excerpt":{"rendered":"<p>Antaa varjoa p\u00e4iv\u00e4n aikana: t\u00e4st\u00e4 l\u00e4htien sinun ei en\u00e4\u00e4 tarvitse pel\u00e4t\u00e4 voimakasta auringonvaloa! Halusitpa sitten ottaa nokoset puutarhassa, sy\u00f6d\u00e4 terassilla yst\u00e4vien kanssa tai nauttia kahvitauosta perheen kanssa ulkona, t\u00e4m\u00e4 aurinkovarjo tekee suunnitelmistasi totta. Se on valmistettu 180 g\/m\u00b2 polyesterikankaasta, tarjoaa erinomaisen UV-suojan jopa UPF 50+ ja luo romanttista tunnelmaa iltaisin: Heti kun aurinko laskee, juhlat [&hellip;]<\/p>\n","protected":false},"featured_media":0,"comment_status":"open","ping_status":"closed","template":"","meta":[],"product_brand":[],"product_cat":[32],"product_tag":[],"class_list":{"0":"post-30984","1":"product","2":"type-product","3":"status-publish","5":"product_cat-uncategorized-fi","7":"first","8":"instock","9":"shipping-taxable","10":"product-type-simple"},"_links":{"self":[{"href":"https:\/\/nordicmart.andreevmaster.com\/fi\/wp-json\/wp\/v2\/product\/30984","targetHints":{"allow":["GET"]}}],"collection":[{"href":"https:\/\/nordicmart.andreevmaster.com\/fi\/wp-json\/wp\/v2\/product"}],"about":[{"href":"https:\/\/nordicmart.andreevmaster.com\/fi\/wp-json\/wp\/v2\/types\/product"}],"replies":[{"embeddable":true,"href":"https:\/\/nordicmart.andreevmaster.com\/fi\/wp-json\/wp\/v2\/comments?post=30984"}],"wp:attachment":[{"href":"https:\/\/nordicmart.andreevmaster.com\/fi\/wp-json\/wp\/v2\/media?parent=30984"}],"wp:term":[{"taxonomy":"product_brand","embeddable":true,"href":"https:\/\/nordicmart.andreevmaster.com\/fi\/wp-json\/wp\/v2\/product_brand?post=30984"},{"taxonomy":"product_cat","embeddable":true,"href":"https:\/\/nordicmart.andreevmaster.com\/fi\/wp-json\/wp\/v2\/product_cat?post=30984"},{"taxonomy":"product_tag","embeddable":true,"href":"https:\/\/nordicmart.andreevmaster.com\/fi\/wp-json\/wp\/v2\/product_tag?post=30984"}],"curies":[{"name":"wp","href":"https:\/\/api.w.org\/{rel}","templated":true}]}}