{"id":30983,"date":"2026-02-27T00:11:56","date_gmt":"2026-02-27T00:11:56","guid":{"rendered":"https:\/\/nordicmart.andreevmaster.com\/product\/songmics-aurinkovarjo-led-aurinkovalolla-taupe\/"},"modified":"2026-02-27T09:35:05","modified_gmt":"2026-02-27T09:35:05","slug":"songmics-aurinkovarjo-led-aurinkovalolla-taupe","status":"publish","type":"product","link":"https:\/\/nordicmart.andreevmaster.com\/fi\/tuote\/songmics-aurinkovarjo-led-aurinkovalolla-taupe\/","title":{"rendered":"SONGMICS aurinkovarjo LED-aurinkovalolla, taupe"},"content":{"rendered":"<p>Tarjoaa varjoa p\u00e4iv\u00e4ll\u00e4: t\u00e4st\u00e4 l\u00e4htien sinun ei tarvitse en\u00e4\u00e4 pel\u00e4t\u00e4 kirkasta auringonvaloa! Haluatpa sitten ottaa nokoset puutarhassa, sy\u00f6d\u00e4 terassilla yst\u00e4vien kanssa tai nauttia kahvitauosta perheen kanssa ulkona, t\u00e4m\u00e4 aurinkovarjo tekee suunnitelmistasi totta. Se on valmistettu 180 g\/m\u00b2 polyesterikankaasta ja tarjoaa erinomaisen UV-suojan jopa UPF 50+. Luo romanttista tunnelmaa iltaisin: Heti kun aurinko laskee, juhlat voivat alkaa! Kytke aurinkopaneelista virtaa saavat LED-valot p\u00e4\u00e4lle ja luo parvekkeellesi romanttinen tunnelma. Illallinen kumppanisi kanssa? Yll\u00e4tys syntym\u00e4p\u00e4iv\u00e4n\u00e4 keskiy\u00f6ll\u00e4? Nauti kauniista hetkist\u00e4 rakkaimpiesi kanssa pehme\u00e4ss\u00e4 valossa!Toimitus sis\u00e4lt\u00e4\u00e4:V\u00e4ri: TaupeMateriaali: Metallinen varjostinpylv\u00e4s, 180 g\/m\u00b2 polyesterikangas\u00d8 Varjostin: 2,7 mPaino: 6,3 kgToimitus sis\u00e4lt\u00e4\u00e4:1 x aurinkovarjo1 x aurinkopaneeli LED-valaistusta varten1 x ohjeSONGMICS Huomautukset:Sateenvarjotelinett\u00e4 ei toimiteta mukana. \u00c4l\u00e4 avaa sateenvarjoa v\u00e4kisin, vaan varovasti ja hitaasti. Sulje sateenvarjo tuulisina p\u00e4ivin\u00e4 vahingoittumisen est\u00e4miseksi.<\/p>\n","protected":false},"excerpt":{"rendered":"<p>SONGMICS aurinkovarjo LED-aurinkovalolla, puutarhavarjo \u00d8 270 cm, UV-suoja UPF 50+, taittuva, avaus- ja sulkemiskammella, ilman jalustaa, taupe GPU040K01<\/p>\n","protected":false},"featured_media":40183,"comment_status":"open","ping_status":"closed","template":"","meta":[],"product_brand":[],"product_cat":[32],"product_tag":[],"class_list":{"0":"post-30983","1":"product","2":"type-product","3":"status-publish","4":"has-post-thumbnail","6":"product_cat-uncategorized-fi","8":"first","9":"instock","10":"shipping-taxable","11":"purchasable","12":"product-type-simple"},"_links":{"self":[{"href":"https:\/\/nordicmart.andreevmaster.com\/fi\/wp-json\/wp\/v2\/product\/30983","targetHints":{"allow":["GET"]}}],"collection":[{"href":"https:\/\/nordicmart.andreevmaster.com\/fi\/wp-json\/wp\/v2\/product"}],"about":[{"href":"https:\/\/nordicmart.andreevmaster.com\/fi\/wp-json\/wp\/v2\/types\/product"}],"replies":[{"embeddable":true,"href":"https:\/\/nordicmart.andreevmaster.com\/fi\/wp-json\/wp\/v2\/comments?post=30983"}],"wp:featuredmedia":[{"embeddable":true,"href":"https:\/\/nordicmart.andreevmaster.com\/fi\/wp-json\/wp\/v2\/media\/40183"}],"wp:attachment":[{"href":"https:\/\/nordicmart.andreevmaster.com\/fi\/wp-json\/wp\/v2\/media?parent=30983"}],"wp:term":[{"taxonomy":"product_brand","embeddable":true,"href":"https:\/\/nordicmart.andreevmaster.com\/fi\/wp-json\/wp\/v2\/product_brand?post=30983"},{"taxonomy":"product_cat","embeddable":true,"href":"https:\/\/nordicmart.andreevmaster.com\/fi\/wp-json\/wp\/v2\/product_cat?post=30983"},{"taxonomy":"product_tag","embeddable":true,"href":"https:\/\/nordicmart.andreevmaster.com\/fi\/wp-json\/wp\/v2\/product_tag?post=30983"}],"curies":[{"name":"wp","href":"https:\/\/api.w.org\/{rel}","templated":true}]}}