{"id":30980,"date":"2026-02-27T00:11:55","date_gmt":"2026-02-27T00:11:55","guid":{"rendered":"https:\/\/nordicmart.andreevmaster.com\/product\/27-m-puutarhaparasoli-aurinkokennokayttoisella-led-valolla-aurinkosuoja-upf-50-suojauksella-kaannettava-kasikayttoinen-avaus-ja-sulkemismekanismi-jalusta-ei-sisally-toimitukseen-harmaa-gpu040\/"},"modified":"2026-02-27T09:35:04","modified_gmt":"2026-02-27T09:35:04","slug":"27-m-puutarhaparasoli-aurinkokennokayttoisella-led-valolla-aurinkosuoja-upf-50-suojauksella-kaannettava-kasikayttoinen-avaus-ja-sulkemismekanismi-jalusta-ei-sisally-toimitukseen-harmaa-gpu040","status":"publish","type":"product","link":"https:\/\/nordicmart.andreevmaster.com\/fi\/tuote\/27-m-puutarhaparasoli-aurinkokennokayttoisella-led-valolla-aurinkosuoja-upf-50-suojauksella-kaannettava-kasikayttoinen-avaus-ja-sulkemismekanismi-jalusta-ei-sisally-toimitukseen-harmaa-gpu040\/","title":{"rendered":"2,7 m puutarhaparasoli aurinkokennok\u00e4ytt\u00f6isell\u00e4 LED-valolla, aurinkosuoja UPF 50+ -suojauksella, k\u00e4\u00e4nnett\u00e4v\u00e4, k\u00e4sik\u00e4ytt\u00f6inen avaus- ja sulkemismekanismi, jalusta ei sis\u00e4lly toimitukseen, harmaa GPU040G01"},"content":{"rendered":"<p>Valot syttyv\u00e4t: Rakastatko sy\u00f6d\u00e4 parvekkeella ja ihailla auringonlaskua? \u00c4l\u00e4 missaa maagisia hetki\u00e4, kun pimeys laskeutuu! 32 LED-valoa, jotka toimivat auringonvalolla ja on sijoitettu sateenvarjon kehykseen, luovat romanttisen tunnelman seuraavaksi 6\u20138 tunniksi!<\/p>\n<p>Ota aikaa nauttia: uppoudu dekkariin t\u00e4m\u00e4n puutarhasateenvarjon alla! Baldakinen tarjoaa UPF 50+ -aurinkosuojan, est\u00e4\u00e4 98 % UV-s\u00e4teist\u00e4 ja suojaa ihoasi pidemp\u00e4\u00e4n ulkona.V\u00e4ri s\u00e4ilyy: \u00c4l\u00e4 anna helposti haalistuvien sateenvarjojen tummentaa puutarhaasi. T\u00e4m\u00e4 terassiparaply, joka on valmistettu kest\u00e4v\u00e4st\u00e4 180 g\/m\u00b2 polyesterist\u00e4, joka ei haalistu ajan my\u00f6t\u00e4, s\u00e4ilytt\u00e4\u00e4 aina kirkkaan ja loistavan v\u00e4rins\u00e4.<\/p>\n<p>Kallista sit\u00e4! Laadukkaalla galvanoidulla metalliseoksella, joka kest\u00e4\u00e4 ruostetta ja murtumia, t\u00e4t\u00e4 valaistua puutarhaparapelia on helppo kallistaa est\u00e4m\u00e4\u00e4n auringonvaloa mist\u00e4 tahansa kulmasta ja antamaan sinulle enemm\u00e4n varjoa, joka voidaan s\u00e4\u00e4t\u00e4\u00e4 p\u00e4iv\u00e4najan mukaan.<\/p>\n<p>Mit\u00e4 saat: Aurinkovarjo, jonka halkaisija on 2,7 metri\u00e4 ja jossa on 32 LED-valoa, jotka saavat virtaa aurinkovarjon aurinkopaneelista, jotta voit nauttia puutarhastasi my\u00f6s iltaisin!<\/p>\n<p>Antaa varjoa p\u00e4iv\u00e4n aikana: T\u00e4st\u00e4 l\u00e4htien sinun ei en\u00e4\u00e4 tarvitse huolehtia kirkkaasta auringonvalosta! Haluatpa sitten ottaa nokoset puutarhassa, sy\u00f6d\u00e4 illallista yst\u00e4vien kanssa terassilla tai nauttia kahvitauosta perheen kanssa ulkona, t\u00e4m\u00e4 aurinkovarjo tekee suunnitelmistasi totta. Se on valmistettu 180 g\/m\u00b2 polyesterikankaasta, tarjoaa erinomaisen UV-suojan jopa UPF 50+ ja luo romanttista tunnelmaa iltaisin: Heti kun aurinko laskee, juhlat alkavat! Kytke aurinkopaneelilla toimivat LED-valot p\u00e4\u00e4lle ja luo parvekkeellesi romanttinen tunnelma. Illallinen kumppanisi kanssa? Syntym\u00e4p\u00e4iv\u00e4yll\u00e4tys keskiy\u00f6ll\u00e4? Nauti kauniista hetkist\u00e4 rakkaidesi kanssa pehme\u00e4ss\u00e4 valossa! Toimitus sis\u00e4lt\u00e4\u00e4: V\u00e4ri: Harmaa Materiaali: Metallinen sateenvarjoteline, 180 g\/m\u00b2 polyesterikangas Sateenvarjo: 2,7 m Paino: 6,3 kg Toimitus sis\u00e4lt\u00e4\u00e4: 1 x sateenvarjo 1 x aurinkopaneeli LED-valaistusta varten 1 x k\u00e4ytt\u00f6ohje SONGICS Huomautukset: Sateenvarjotelinett\u00e4 ei toimiteta mukana. \u00c4l\u00e4 avaa sateenvarjoa voimakkaasti, vaan varovasti ja hitaasti.Sulje sateenvarjo tuulisina p\u00e4ivin\u00e4 vahinkojen v\u00e4ltt\u00e4miseksi.<\/p>\n","protected":false},"excerpt":{"rendered":"<p>Valot syttyv\u00e4t: Rakastatko sy\u00f6d\u00e4 parvekkeella ja ihailla auringonlaskua? \u00c4l\u00e4 missaa maagisia hetki\u00e4, kun pimeys laskeutuu! 32 LED-valoa, jotka toimivat auringonvalolla ja on sijoitettu sateenvarjon kehykseen, luovat romanttisen tunnelman seuraavaksi 6\u20138 tunniksi! Ota aikaa nauttia: uppoudu dekkariin t\u00e4m\u00e4n puutarhasateenvarjon alla! Baldakinen tarjoaa UPF 50+ -aurinkosuojan, est\u00e4\u00e4 98 % UV-s\u00e4teist\u00e4 ja suojaa ihoasi pidemp\u00e4\u00e4n ulkona.V\u00e4ri s\u00e4ilyy: \u00c4l\u00e4 [&hellip;]<\/p>\n","protected":false},"featured_media":0,"comment_status":"open","ping_status":"closed","template":"","meta":[],"product_brand":[],"product_cat":[32],"product_tag":[],"class_list":{"0":"post-30980","1":"product","2":"type-product","3":"status-publish","5":"product_cat-uncategorized-fi","7":"first","8":"instock","9":"shipping-taxable","10":"product-type-simple"},"_links":{"self":[{"href":"https:\/\/nordicmart.andreevmaster.com\/fi\/wp-json\/wp\/v2\/product\/30980","targetHints":{"allow":["GET"]}}],"collection":[{"href":"https:\/\/nordicmart.andreevmaster.com\/fi\/wp-json\/wp\/v2\/product"}],"about":[{"href":"https:\/\/nordicmart.andreevmaster.com\/fi\/wp-json\/wp\/v2\/types\/product"}],"replies":[{"embeddable":true,"href":"https:\/\/nordicmart.andreevmaster.com\/fi\/wp-json\/wp\/v2\/comments?post=30980"}],"wp:attachment":[{"href":"https:\/\/nordicmart.andreevmaster.com\/fi\/wp-json\/wp\/v2\/media?parent=30980"}],"wp:term":[{"taxonomy":"product_brand","embeddable":true,"href":"https:\/\/nordicmart.andreevmaster.com\/fi\/wp-json\/wp\/v2\/product_brand?post=30980"},{"taxonomy":"product_cat","embeddable":true,"href":"https:\/\/nordicmart.andreevmaster.com\/fi\/wp-json\/wp\/v2\/product_cat?post=30980"},{"taxonomy":"product_tag","embeddable":true,"href":"https:\/\/nordicmart.andreevmaster.com\/fi\/wp-json\/wp\/v2\/product_tag?post=30980"}],"curies":[{"name":"wp","href":"https:\/\/api.w.org\/{rel}","templated":true}]}}