{"id":30979,"date":"2026-02-27T00:11:55","date_gmt":"2026-02-27T00:11:55","guid":{"rendered":"https:\/\/nordicmart.andreevmaster.com\/product\/songmics-aurinkovarjo-kallistuskulma-saadettavissa-beige\/"},"modified":"2026-02-27T09:35:04","modified_gmt":"2026-02-27T09:35:04","slug":"songmics-aurinkovarjo-kallistuskulma-saadettavissa-beige","status":"publish","type":"product","link":"https:\/\/nordicmart.andreevmaster.com\/fi\/tuote\/songmics-aurinkovarjo-kallistuskulma-saadettavissa-beige\/","title":{"rendered":"SONGMICS aurinkovarjo, kallistuskulma s\u00e4\u00e4dett\u00e4viss\u00e4, beige"},"content":{"rendered":"<p>T\u00e4m\u00e4n riippumaton sateenvarjon edut yhdell\u00e4 silm\u00e4yksell\u00e4:<br \/>\n360\u00b0 k\u00e4\u00e4ntyv\u00e4: K\u00e4\u00e4nn\u00e4 aurinkovarjoa jalkapolkimella.<br \/>\nS\u00e4\u00e4dett\u00e4viss\u00e4 4 kulmaan: S\u00e4\u00e4d\u00e4 sateenvarjon kallistuskulma kahvalla.<br \/>\nErinomainen aurinkosuoja: Terassiparveke tarjoaa erinomaisen UV-suojan (UPF 50+) ja est\u00e4\u00e4 yli 98 % UV-s\u00e4teist\u00e4.<br \/>\nSuojaa tihkusateelta: Aurinkovarjo on valmistettu 200 g\/m\u00b2 polyesterikankaasta, jossa on PA-pinnoite, ja se on vett\u00e4 hylkiv\u00e4.<br \/>\nHelppo avata ja sulkea: K\u00e4\u00e4nn\u00e4 kahvasta avataksesi ja sulkeaksesi puutarhavarjon.<br \/>\nSis\u00e4lt\u00e4\u00e4 lis\u00e4varusteet: Toimitamme mukana ristijalan, kiinnityshihnat ja suojan, jotka lis\u00e4\u00e4v\u00e4t k\u00e4ytt\u00f6mukavuutta.<\/p>\n","protected":false},"excerpt":{"rendered":"<p>SONGMICS aurinkovarjo, riippuva aurinkovarjo, 300 x 300 cm, neli\u00f6nmuotoinen, puutarhavarjo, UV-suoja UPF 50+, 360\u00b0 k\u00e4\u00e4ntyv\u00e4, kallistuskulma s\u00e4\u00e4dett\u00e4viss\u00e4, kampi ja jalusta, beige GPU039M01<\/p>\n","protected":false},"featured_media":40181,"comment_status":"open","ping_status":"closed","template":"","meta":[],"product_brand":[],"product_cat":[32],"product_tag":[],"class_list":{"0":"post-30979","1":"product","2":"type-product","3":"status-publish","4":"has-post-thumbnail","6":"product_cat-uncategorized-fi","8":"first","9":"instock","10":"shipping-taxable","11":"purchasable","12":"product-type-simple"},"_links":{"self":[{"href":"https:\/\/nordicmart.andreevmaster.com\/fi\/wp-json\/wp\/v2\/product\/30979","targetHints":{"allow":["GET"]}}],"collection":[{"href":"https:\/\/nordicmart.andreevmaster.com\/fi\/wp-json\/wp\/v2\/product"}],"about":[{"href":"https:\/\/nordicmart.andreevmaster.com\/fi\/wp-json\/wp\/v2\/types\/product"}],"replies":[{"embeddable":true,"href":"https:\/\/nordicmart.andreevmaster.com\/fi\/wp-json\/wp\/v2\/comments?post=30979"}],"wp:featuredmedia":[{"embeddable":true,"href":"https:\/\/nordicmart.andreevmaster.com\/fi\/wp-json\/wp\/v2\/media\/40181"}],"wp:attachment":[{"href":"https:\/\/nordicmart.andreevmaster.com\/fi\/wp-json\/wp\/v2\/media?parent=30979"}],"wp:term":[{"taxonomy":"product_brand","embeddable":true,"href":"https:\/\/nordicmart.andreevmaster.com\/fi\/wp-json\/wp\/v2\/product_brand?post=30979"},{"taxonomy":"product_cat","embeddable":true,"href":"https:\/\/nordicmart.andreevmaster.com\/fi\/wp-json\/wp\/v2\/product_cat?post=30979"},{"taxonomy":"product_tag","embeddable":true,"href":"https:\/\/nordicmart.andreevmaster.com\/fi\/wp-json\/wp\/v2\/product_tag?post=30979"}],"curies":[{"name":"wp","href":"https:\/\/api.w.org\/{rel}","templated":true}]}}