{"id":30978,"date":"2026-02-27T00:11:55","date_gmt":"2026-02-27T00:11:55","guid":{"rendered":"https:\/\/nordicmart.andreevmaster.com\/product\/songmics-aurinkovarjo-290-x-290-cm-360-kaantyva-jalustalla\/"},"modified":"2026-02-27T09:35:04","modified_gmt":"2026-02-27T09:35:04","slug":"songmics-aurinkovarjo-290-x-290-cm-360-kaantyva-jalustalla","status":"publish","type":"product","link":"https:\/\/nordicmart.andreevmaster.com\/fi\/tuote\/songmics-aurinkovarjo-290-x-290-cm-360-kaantyva-jalustalla\/","title":{"rendered":"SONGMICS aurinkovarjo 290 x 290 cm, 360\u00b0 k\u00e4\u00e4ntyv\u00e4, jalustalla"},"content":{"rendered":"<p>SONGMICS aurinkovarjo, riippuva aurinkovarjo, 300 x 300 cm, neli\u00f6nmuotoinen, puutarhavarjo, UV-suoja UPF 50+, 360\u00b0 k\u00e4\u00e4ntyv\u00e4, kallistuskulma s\u00e4\u00e4dett\u00e4viss\u00e4, kampi ja jalusta, beige GPU039M01<br \/>\nV\u00e4ri: vaaleanharmaa<br \/>\nMateriaali: alumiininen sateenvarjon varsi, ter\u00e4ksiset ripat, 200 g\/m\u00b2 polyesterikangas<br \/>\nSateenvarjon kankaan koko: 290 x 290 cm (P x L)<br \/>\nKorkeus: 253 cm<br \/>\nRistijalan koko: 100 x 100 x 5,5 cm (P x L x K)<br \/>\nPaino: 25 kg<\/p>\n","protected":false},"excerpt":{"rendered":"<p>SONGMICS aurinkovarjo, riippuva aurinkovarjo, 300 x 300 cm, neli\u00f6nmuotoinen, puutarhavarjo, UV-suoja UPF 50+, 360\u00b0 k\u00e4\u00e4ntyv\u00e4, kallistuskulma s\u00e4\u00e4dett\u00e4viss\u00e4, kampi ja jalusta, beige GPU039M01<\/p>\n","protected":false},"featured_media":40180,"comment_status":"open","ping_status":"closed","template":"","meta":[],"product_brand":[],"product_cat":[32],"product_tag":[],"class_list":{"0":"post-30978","1":"product","2":"type-product","3":"status-publish","4":"has-post-thumbnail","6":"product_cat-uncategorized-fi","8":"first","9":"instock","10":"shipping-taxable","11":"purchasable","12":"product-type-simple"},"_links":{"self":[{"href":"https:\/\/nordicmart.andreevmaster.com\/fi\/wp-json\/wp\/v2\/product\/30978","targetHints":{"allow":["GET"]}}],"collection":[{"href":"https:\/\/nordicmart.andreevmaster.com\/fi\/wp-json\/wp\/v2\/product"}],"about":[{"href":"https:\/\/nordicmart.andreevmaster.com\/fi\/wp-json\/wp\/v2\/types\/product"}],"replies":[{"embeddable":true,"href":"https:\/\/nordicmart.andreevmaster.com\/fi\/wp-json\/wp\/v2\/comments?post=30978"}],"wp:featuredmedia":[{"embeddable":true,"href":"https:\/\/nordicmart.andreevmaster.com\/fi\/wp-json\/wp\/v2\/media\/40180"}],"wp:attachment":[{"href":"https:\/\/nordicmart.andreevmaster.com\/fi\/wp-json\/wp\/v2\/media?parent=30978"}],"wp:term":[{"taxonomy":"product_brand","embeddable":true,"href":"https:\/\/nordicmart.andreevmaster.com\/fi\/wp-json\/wp\/v2\/product_brand?post=30978"},{"taxonomy":"product_cat","embeddable":true,"href":"https:\/\/nordicmart.andreevmaster.com\/fi\/wp-json\/wp\/v2\/product_cat?post=30978"},{"taxonomy":"product_tag","embeddable":true,"href":"https:\/\/nordicmart.andreevmaster.com\/fi\/wp-json\/wp\/v2\/product_tag?post=30978"}],"curies":[{"name":"wp","href":"https:\/\/api.w.org\/{rel}","templated":true}]}}