{"id":30975,"date":"2026-02-27T00:11:54","date_gmt":"2026-02-27T00:11:54","guid":{"rendered":"https:\/\/nordicmart.andreevmaster.com\/product\/songmics-aurinkovarjo-led-valaistuksella-harmaa\/"},"modified":"2026-02-27T09:35:04","modified_gmt":"2026-02-27T09:35:04","slug":"songmics-aurinkovarjo-led-valaistuksella-harmaa","status":"publish","type":"product","link":"https:\/\/nordicmart.andreevmaster.com\/fi\/tuote\/songmics-aurinkovarjo-led-valaistuksella-harmaa\/","title":{"rendered":"SONGMICS aurinkovarjo LED-valaistuksella, harmaa"},"content":{"rendered":"<p>Auringonnoususta auringonlaskuun: kaunis s\u00e4\u00e4 voi tulla! Ulkona auringossa! Mutta \u00e4l\u00e4 unohda aurinkosuojaa! Varusta puutarhasi tai terassisi t\u00e4ll\u00e4 aurinkovarjolla, joka tarjoaa erinomaisen UV-suojan jopa UPF 50+. Avaa varjo k\u00e4tev\u00e4ll\u00e4 k\u00e4sikammella. S\u00e4\u00e4d\u00e4 aurinkovarjon kallistuskulmaa sivussa olevalla kahvalla, kun aurinko liikkuu. Paina poljinta ja k\u00e4\u00e4nn\u00e4 varjon masto, jotta varjo osoittaa toiseen suuntaan. Ihanaa! Hauskuus ei ole viel\u00e4 ohi! Kun aurinko laskee, kytke t\u00e4m\u00e4n varjon LED-valaistus p\u00e4\u00e4lle, se tuo romantiikkaa puutarhaan! Valaistus saa virran yl\u00e4osassa olevasta aurinkopaneelista tai mukana toimitetusta USB-kaapelista.Tuotetiedot: V\u00e4ri: harmaa Materiaali: alumiininen varjostimen varsi, metalliset varjostimen s\u00e4teet, 240 g\/m\u00b2 polyesterikangas PA-pinnoitteella \u00d8 varjostin: 3 m Korkeus: 2,5 m Paino: 18,5 kg Toimitus sis\u00e4lt\u00e4\u00e4: 1 x varjostin 1 x jalusta 1 x ohjeet SONGICSin huomautukset:Aseta painavat esineet (ei sis\u00e4lly toimitukseen) jalustalle, jotta tuote pysyy vakaana. Avaa aurinkovarjo varovasti ja hitaasti, \u00e4l\u00e4 v\u00e4kisin. Sulje aurinkovarjo y\u00f6ll\u00e4, kovalla tuulella tai sateisella s\u00e4\u00e4ll\u00e4 vahingoittumisen est\u00e4miseksi.Suojaa sateenvarjo suojapeitteell\u00e4 (ei sis\u00e4lly toimitukseen), jotta se kest\u00e4\u00e4 pidemp\u00e4\u00e4n.<\/p>\n","protected":false},"excerpt":{"rendered":"<p>SONGMICS aurinkovarjo LED-valaistuksella, katosvarjo \u00d8 300 cm, puutarhavarjo, UV-suoja UPF 50+, 360\u00b0 k\u00e4\u00e4ntyv\u00e4, kallistuskulma s\u00e4\u00e4dett\u00e4viss\u00e4, kampi ja jalusta, harmaa GPU038G01<\/p>\n","protected":false},"featured_media":40177,"comment_status":"open","ping_status":"closed","template":"","meta":[],"product_brand":[],"product_cat":[32],"product_tag":[],"class_list":{"0":"post-30975","1":"product","2":"type-product","3":"status-publish","4":"has-post-thumbnail","6":"product_cat-uncategorized-fi","8":"first","9":"instock","10":"shipping-taxable","11":"purchasable","12":"product-type-simple"},"_links":{"self":[{"href":"https:\/\/nordicmart.andreevmaster.com\/fi\/wp-json\/wp\/v2\/product\/30975","targetHints":{"allow":["GET"]}}],"collection":[{"href":"https:\/\/nordicmart.andreevmaster.com\/fi\/wp-json\/wp\/v2\/product"}],"about":[{"href":"https:\/\/nordicmart.andreevmaster.com\/fi\/wp-json\/wp\/v2\/types\/product"}],"replies":[{"embeddable":true,"href":"https:\/\/nordicmart.andreevmaster.com\/fi\/wp-json\/wp\/v2\/comments?post=30975"}],"wp:featuredmedia":[{"embeddable":true,"href":"https:\/\/nordicmart.andreevmaster.com\/fi\/wp-json\/wp\/v2\/media\/40177"}],"wp:attachment":[{"href":"https:\/\/nordicmart.andreevmaster.com\/fi\/wp-json\/wp\/v2\/media?parent=30975"}],"wp:term":[{"taxonomy":"product_brand","embeddable":true,"href":"https:\/\/nordicmart.andreevmaster.com\/fi\/wp-json\/wp\/v2\/product_brand?post=30975"},{"taxonomy":"product_cat","embeddable":true,"href":"https:\/\/nordicmart.andreevmaster.com\/fi\/wp-json\/wp\/v2\/product_cat?post=30975"},{"taxonomy":"product_tag","embeddable":true,"href":"https:\/\/nordicmart.andreevmaster.com\/fi\/wp-json\/wp\/v2\/product_tag?post=30975"}],"curies":[{"name":"wp","href":"https:\/\/api.w.org\/{rel}","templated":true}]}}