{"id":30971,"date":"2026-02-27T00:11:54","date_gmt":"2026-02-27T00:11:54","guid":{"rendered":"https:\/\/nordicmart.andreevmaster.com\/product\/songmics-kaksoisparasolli-kammella\/"},"modified":"2026-02-27T09:35:03","modified_gmt":"2026-02-27T09:35:03","slug":"songmics-kaksoisparasolli-kammella","status":"publish","type":"product","link":"https:\/\/nordicmart.andreevmaster.com\/fi\/tuote\/songmics-kaksoisparasolli-kammella\/","title":{"rendered":"SONGMICS kaksoisparasolli kammella"},"content":{"rendered":"<p>Etsitk\u00f6 erityisen suurta aurinkovarjoa, joka tarjoaa laajan varjon terassille? Silloin t\u00e4m\u00e4 460 x 270 cm:n kokoinen SONGMICS-kaksoisaurinkovarjo on juuri oikea valinta. Sen avulla luot perheellesi todellisen paratiisin viile\u00e4ss\u00e4 varjossa! Rentoudu mukavasti parvekkeella! SONGMICS:n kaksinkertaisen aurinkovarjon kohokohdat: Eritt\u00e4in suuri varjokangas (460 x 270 cm); tarjoaa laajan varjostuksen UV-suoja UPF 50+; optimaalinen suoja UV-s\u00e4teilylt\u00e4 Kest\u00e4v\u00e4 varjomasto \u00d8 48 mm metallitangoista 12 metallista varjokaaria; antavat sateenvarjolle vahvan tuen. Sateenvarjon kangas 180 g\/m\u00b2 polyesteri\u00e4; takaa pitk\u00e4n k\u00e4ytt\u00f6i\u00e4n. Sateenvarjo on helppo avata ja sulkea k\u00e4tev\u00e4n vipuvivun avulla. Sateenvarjon maston yl\u00e4putki voidaan ruuvata kiinni alaosaan. Ty\u00f6kaluja ei tarvita; asennus onnistuu muutamassa minuutissa. Tuotetiedot:V\u00e4ri: beige Materiaali: metallinen sateenvarjon varsi ja s\u00e4teet, 180 g\/m\u00b2 polyesteri Korkeus: 245 cm Sateenvarjon kankaan koko: 460 x 270 cm (P x L) Sateenvarjon varren halkaisija: 48 mm Paino: 12,1 kg Toimitus sis\u00e4lt\u00e4\u00e4: 1 x sateenvarjo 1 x ohjeet SONGICSin huomautukset:Sateenvarjotelinett\u00e4 ei toimiteta mukana. Suosittelemme k\u00e4ytt\u00e4m\u00e4\u00e4n yli 50 kg painavaa sateenvarjotelinett\u00e4. \u00c4l\u00e4 avaa sateenvarjoa v\u00e4kisin, vaan avaa se varovasti ja hitaasti. Puhdista sateenvarjon kangas pehme\u00e4ll\u00e4, neutraalilla puhdistusaineella kostutetulla liinalla. S\u00e4ilyt\u00e4 tuotetta kuivassa, hyvin ilmastoidussa paikassa, mutta vasta kun sateenvarjon kangas on t\u00e4ysin kuivunut. Sulje sateenvarjo tuulisina p\u00e4ivin\u00e4 vahingoittumisen est\u00e4miseksi. Pid\u00e4 tuote poissa tulen l\u00e4hteist\u00e4; suojaa sit\u00e4 my\u00f6s \u00e4\u00e4rimm\u00e4iselt\u00e4 kylmyydelt\u00e4 tai kuumuudelta ja muilta s\u00e4\u00e4olosuhteilta, kuten sateelta, tuulelta, lumelta, rakeilta jne.<\/p>\n","protected":false},"excerpt":{"rendered":"<p>SONGMICS Kaksinkertainen aurinkovarjo 460 x 270 cm, erityisen suuri aurinkovarjo, puutarhavarjo, UV-suoja UPF 50+, terassivarjo, kammella, markkinat, puutarha, parveke, ulkok\u00e4ytt\u00f6, ilman jalustaa, harmaa GPU36GY<\/p>\n","protected":false},"featured_media":40173,"comment_status":"open","ping_status":"closed","template":"","meta":[],"product_brand":[],"product_cat":[32],"product_tag":[],"class_list":{"0":"post-30971","1":"product","2":"type-product","3":"status-publish","4":"has-post-thumbnail","6":"product_cat-uncategorized-fi","8":"first","9":"instock","10":"shipping-taxable","11":"purchasable","12":"product-type-simple"},"_links":{"self":[{"href":"https:\/\/nordicmart.andreevmaster.com\/fi\/wp-json\/wp\/v2\/product\/30971","targetHints":{"allow":["GET"]}}],"collection":[{"href":"https:\/\/nordicmart.andreevmaster.com\/fi\/wp-json\/wp\/v2\/product"}],"about":[{"href":"https:\/\/nordicmart.andreevmaster.com\/fi\/wp-json\/wp\/v2\/types\/product"}],"replies":[{"embeddable":true,"href":"https:\/\/nordicmart.andreevmaster.com\/fi\/wp-json\/wp\/v2\/comments?post=30971"}],"wp:featuredmedia":[{"embeddable":true,"href":"https:\/\/nordicmart.andreevmaster.com\/fi\/wp-json\/wp\/v2\/media\/40173"}],"wp:attachment":[{"href":"https:\/\/nordicmart.andreevmaster.com\/fi\/wp-json\/wp\/v2\/media?parent=30971"}],"wp:term":[{"taxonomy":"product_brand","embeddable":true,"href":"https:\/\/nordicmart.andreevmaster.com\/fi\/wp-json\/wp\/v2\/product_brand?post=30971"},{"taxonomy":"product_cat","embeddable":true,"href":"https:\/\/nordicmart.andreevmaster.com\/fi\/wp-json\/wp\/v2\/product_cat?post=30971"},{"taxonomy":"product_tag","embeddable":true,"href":"https:\/\/nordicmart.andreevmaster.com\/fi\/wp-json\/wp\/v2\/product_tag?post=30971"}],"curies":[{"name":"wp","href":"https:\/\/api.w.org\/{rel}","templated":true}]}}