{"id":30970,"date":"2026-02-27T00:11:53","date_gmt":"2026-02-27T00:11:53","guid":{"rendered":"https:\/\/nordicmart.andreevmaster.com\/product\/songmics-kaksoisvarjo-460-x-270-cm-uv-suoja-upf-50\/"},"modified":"2026-02-27T09:35:03","modified_gmt":"2026-02-27T09:35:03","slug":"songmics-kaksoisvarjo-460-x-270-cm-uv-suoja-upf-50","status":"publish","type":"product","link":"https:\/\/nordicmart.andreevmaster.com\/fi\/tuote\/songmics-kaksoisvarjo-460-x-270-cm-uv-suoja-upf-50\/","title":{"rendered":"SONGMICS kaksoisvarjo 460 x 270 cm UV-suoja UPF 50+"},"content":{"rendered":"<p>SONGMICS Kaksinkertainen aurinkovarjo 460 x 270 cm, erityisen suuri aurinkovarjo, puutarhavarjo, UV-suoja UPF 50+, terassivarjo, kammella, markkinat, puutarha, parveke, ulkok\u00e4ytt\u00f6, ilman jalustaa, harmaa GPU36GY<\/p>\n<p>V\u00e4ri: h\u00e4m\u00e4r\u00e4sininen<br \/>\nMateriaali: metallinen varjopylv\u00e4s ja varjokaaret, 180 g\/m\u00b2 polyesteri<br \/>\nKorkeus: 245 cm<br \/>\nSateenvarjon kangas: 460 x 270 cm (P x L)<br \/>\nSateenvarjon varren halkaisija: 48 mm<br \/>\nPaino: 11,5 kg<\/p>\n","protected":false},"excerpt":{"rendered":"<p>SONGMICS Kaksinkertainen aurinkovarjo 460 x 270 cm, erityisen suuri aurinkovarjo, puutarhavarjo, UV-suoja UPF 50+, terassivarjo, kammella, markkinat, puutarha, parveke, ulkok\u00e4ytt\u00f6, ilman jalustaa, harmaa GPU36GY<\/p>\n","protected":false},"featured_media":40172,"comment_status":"open","ping_status":"closed","template":"","meta":[],"product_brand":[],"product_cat":[32],"product_tag":[],"class_list":{"0":"post-30970","1":"product","2":"type-product","3":"status-publish","4":"has-post-thumbnail","6":"product_cat-uncategorized-fi","8":"first","9":"instock","10":"shipping-taxable","11":"purchasable","12":"product-type-simple"},"_links":{"self":[{"href":"https:\/\/nordicmart.andreevmaster.com\/fi\/wp-json\/wp\/v2\/product\/30970","targetHints":{"allow":["GET"]}}],"collection":[{"href":"https:\/\/nordicmart.andreevmaster.com\/fi\/wp-json\/wp\/v2\/product"}],"about":[{"href":"https:\/\/nordicmart.andreevmaster.com\/fi\/wp-json\/wp\/v2\/types\/product"}],"replies":[{"embeddable":true,"href":"https:\/\/nordicmart.andreevmaster.com\/fi\/wp-json\/wp\/v2\/comments?post=30970"}],"wp:featuredmedia":[{"embeddable":true,"href":"https:\/\/nordicmart.andreevmaster.com\/fi\/wp-json\/wp\/v2\/media\/40172"}],"wp:attachment":[{"href":"https:\/\/nordicmart.andreevmaster.com\/fi\/wp-json\/wp\/v2\/media?parent=30970"}],"wp:term":[{"taxonomy":"product_brand","embeddable":true,"href":"https:\/\/nordicmart.andreevmaster.com\/fi\/wp-json\/wp\/v2\/product_brand?post=30970"},{"taxonomy":"product_cat","embeddable":true,"href":"https:\/\/nordicmart.andreevmaster.com\/fi\/wp-json\/wp\/v2\/product_cat?post=30970"},{"taxonomy":"product_tag","embeddable":true,"href":"https:\/\/nordicmart.andreevmaster.com\/fi\/wp-json\/wp\/v2\/product_tag?post=30970"}],"curies":[{"name":"wp","href":"https:\/\/api.w.org\/{rel}","templated":true}]}}