{"id":30966,"date":"2026-02-27T00:11:53","date_gmt":"2026-02-27T00:11:53","guid":{"rendered":"https:\/\/nordicmart.andreevmaster.com\/product\/songmics-aurinkovarjo\/"},"modified":"2026-02-27T09:35:03","modified_gmt":"2026-02-27T09:35:03","slug":"songmics-aurinkovarjo","status":"publish","type":"product","link":"https:\/\/nordicmart.andreevmaster.com\/fi\/tuote\/songmics-aurinkovarjo\/","title":{"rendered":"SONGMICS aurinkovarjo"},"content":{"rendered":"<p>L\u00e4mmin aurinko, sininen taivas, raikas ilma, kaunis luonto&#8230; Mit\u00e4 viel\u00e4 odotat? Aika rentoutua parvekkeella! Pelk\u00e4\u00e4tk\u00f6 voimakkaita auringon s\u00e4teit\u00e4? \u00c4l\u00e4 huoli. Avaa vain t\u00e4m\u00e4 SONGMICS-aurinkovarjo ja nauti kauniista s\u00e4\u00e4st\u00e4 varjossa! T\u00e4ss\u00e4 ovat t\u00e4m\u00e4n aurinkovarjon kohokohdat: 180 g\/m\u00b2 polyesterikankaasta valmistettu varjokangas tarjoaa erinomaisen UV-suojan UPF 50+ asti. Laadukas sinkkiseoksesta valmistettu taivutusmekanismi takaa pitk\u00e4n k\u00e4ytt\u00f6i\u00e4n.Metallinen varjostimen varsi on tukeva ja antaa terassillesi erityisen ilmeen. 8 suorakulmaista varjostimen ripaa antavat varjostimelle vahvan tuen. Varjostin on helppo avata ja sulkea k\u00e4tev\u00e4n vipukahvan avulla. Sinun tarvitsee vain ruuvata varjostimen varren yl\u00e4osa yhteen alaosan kanssa, niin aurinkovarjo on k\u00e4ytt\u00f6valmis. Yl\u00e4osan tuuletusaukot pit\u00e4v\u00e4t aurinkovarjon vakaana my\u00f6s kevyess\u00e4 tuulessa. Tuotetiedot: V\u00e4ri: tummanvihre\u00e4 Materiaali: Metallinen sateenvarjon varsi, 180 g\/m\u00b2 polyesterikangas Sateenvarjon halkaisija: 2,7 m Korkeus: 2,4 m Paino: 7 kg Toimitus sis\u00e4lt\u00e4\u00e4: 1 x sateenvarjo 1 x ohjeet SONGICSin ohjeet: Aseta painavat esineet (ei sis\u00e4lly toimitukseen) jalustalle, jotta tuote pysyy vakaana.\u00c4l\u00e4 avaa aurinkovarjoa v\u00e4kisin, vaan avaa se varovasti ja hitaasti. Sulje aurinkovarjo y\u00f6ll\u00e4, kovalla tuulella tai sateisella s\u00e4\u00e4ll\u00e4 vahingoittumisen est\u00e4miseksi. Suojaa varjo suojapeitteell\u00e4 (ei sis\u00e4lly toimitukseen) sen k\u00e4ytt\u00f6i\u00e4n pident\u00e4miseksi.<\/p>\n","protected":false},"excerpt":{"rendered":"<p>SONGMICS Aurinkovarjo, \u00d8 270 cm, puutarhavarjo, markkinavarjo, UV-suoja UPF 50+, terassivarjo, aurinkosuoja, taittuva, kampi, ilman jalustaa, puutarha, parveke, terassi, tummansininen GPU027L01<\/p>\n","protected":false},"featured_media":40168,"comment_status":"open","ping_status":"closed","template":"","meta":[],"product_brand":[],"product_cat":[32],"product_tag":[],"class_list":{"0":"post-30966","1":"product","2":"type-product","3":"status-publish","4":"has-post-thumbnail","6":"product_cat-uncategorized-fi","8":"first","9":"instock","10":"shipping-taxable","11":"purchasable","12":"product-type-simple"},"_links":{"self":[{"href":"https:\/\/nordicmart.andreevmaster.com\/fi\/wp-json\/wp\/v2\/product\/30966","targetHints":{"allow":["GET"]}}],"collection":[{"href":"https:\/\/nordicmart.andreevmaster.com\/fi\/wp-json\/wp\/v2\/product"}],"about":[{"href":"https:\/\/nordicmart.andreevmaster.com\/fi\/wp-json\/wp\/v2\/types\/product"}],"replies":[{"embeddable":true,"href":"https:\/\/nordicmart.andreevmaster.com\/fi\/wp-json\/wp\/v2\/comments?post=30966"}],"wp:featuredmedia":[{"embeddable":true,"href":"https:\/\/nordicmart.andreevmaster.com\/fi\/wp-json\/wp\/v2\/media\/40168"}],"wp:attachment":[{"href":"https:\/\/nordicmart.andreevmaster.com\/fi\/wp-json\/wp\/v2\/media?parent=30966"}],"wp:term":[{"taxonomy":"product_brand","embeddable":true,"href":"https:\/\/nordicmart.andreevmaster.com\/fi\/wp-json\/wp\/v2\/product_brand?post=30966"},{"taxonomy":"product_cat","embeddable":true,"href":"https:\/\/nordicmart.andreevmaster.com\/fi\/wp-json\/wp\/v2\/product_cat?post=30966"},{"taxonomy":"product_tag","embeddable":true,"href":"https:\/\/nordicmart.andreevmaster.com\/fi\/wp-json\/wp\/v2\/product_tag?post=30966"}],"curies":[{"name":"wp","href":"https:\/\/api.w.org\/{rel}","templated":true}]}}