{"id":30964,"date":"2026-02-27T00:11:52","date_gmt":"2026-02-27T00:11:52","guid":{"rendered":"https:\/\/nordicmart.andreevmaster.com\/product\/songmics-aurinkovarjo-200-x-125-cm-beige\/"},"modified":"2026-02-27T09:35:02","modified_gmt":"2026-02-27T09:35:02","slug":"songmics-aurinkovarjo-200-x-125-cm-beige","status":"publish","type":"product","link":"https:\/\/nordicmart.andreevmaster.com\/fi\/tuote\/songmics-aurinkovarjo-200-x-125-cm-beige\/","title":{"rendered":"SONGMICS aurinkovarjo 200 x 125 cm beige"},"content":{"rendered":"<p>Nauti kauniista s\u00e4\u00e4st\u00e4 varjossa! Ulkona vietett\u00e4v\u00e4 kausi on alkanut, ja on aika valloittaa puutarha tai terassi! Mutta varo! Muista hankkia riitt\u00e4v\u00e4 aurinkosuoja! Kun vihdoin saat takaisin ulkotilasi pitk\u00e4n, kylm\u00e4n talven j\u00e4lkeen ja nautit kahvitauosta perheen kanssa, on tullut t\u00e4ydellinen hetki k\u00e4ytt\u00e4\u00e4 t\u00e4t\u00e4 aurinkovarjoa! Mit\u00e4 etuja voit odottaa t\u00e4lt\u00e4 aurinkovarjolta?   Erinomainen aurinkosuoja? Kyll\u00e4! Jopa UPF 50+. Kallistuskulma ja korkeus s\u00e4\u00e4dett\u00e4viss\u00e4? Kyll\u00e4! Tukevan sinkkiseosmekanismin ja k\u00e4tev\u00e4n kiertokytkimen ansiosta. Hyv\u00e4 vakaus kevyess\u00e4 tuulessa? Kyll\u00e4! Pulverimaalatusta metallista valmistetun varjostimen varren ja 4 lis\u00e4vahvistustangon ansiosta. Lis\u00e4ksi: Varjostimessamme on turvalukko, joka est\u00e4\u00e4 varjostimen \u00e4killisen sulkeutumisen. Tarjoamme my\u00f6s kuljetuslaukun, jotta voit ottaa varjostimen mukaasi minne tahansa. Tuotetiedot: &#8211; V\u00e4ri: beige &#8211; Materiaali: jauhemaalattu ter\u00e4svarsi, 160 g\/m\u00b2 polyesterikangas PA-pinnoitteella &#8211; Korkeus: 2,4 m &#8211; Varjokangas: 2 x 1,25 m (P x L) &#8211; Paino: 2,9 kg Toimitus sis\u00e4lt\u00e4\u00e4: &#8211; 1 x aurinkovarjo &#8211; 1 x kuljetuslaukku &#8211; 1 x turvalukko SONGMICS-ohjeet: &#8211; Aurinkovarjon jalustaa ei toimiteta mukana. &#8211; \u00c4l\u00e4 avaa aurinkovarjoa v\u00e4kisin, vaan avaa se varovasti ja hitaasti.- Sulje aurinkovarjo y\u00f6ll\u00e4, kovalla tuulella tai sateisella s\u00e4\u00e4ll\u00e4 vahingoittumisen est\u00e4miseksi. &#8211; Suojaa varjo suojapeitteell\u00e4 (ei sis\u00e4lly toimitukseen) sen k\u00e4ytt\u00f6i\u00e4n pident\u00e4miseksi. &#8211; Sulje aurinkovarjo hitaasti, jotta sormesi eiv\u00e4t j\u00e4\u00e4 puristuksiin.<\/p>\n","protected":false},"excerpt":{"rendered":"<p>SONGMICS aurinkovarjo parvekkeelle, suorakulmainen puutarhavarjo, 200 x 125 cm, UV-suoja UPF 50+, taittuva, PA-pinnoitettu varjokangas, puutarhaan, terassille, ilman jalustaa, harmaa GPU25GY<\/p>\n","protected":false},"featured_media":40166,"comment_status":"open","ping_status":"closed","template":"","meta":[],"product_brand":[],"product_cat":[32],"product_tag":[],"class_list":{"0":"post-30964","1":"product","2":"type-product","3":"status-publish","4":"has-post-thumbnail","6":"product_cat-uncategorized-fi","8":"first","9":"instock","10":"shipping-taxable","11":"purchasable","12":"product-type-simple"},"_links":{"self":[{"href":"https:\/\/nordicmart.andreevmaster.com\/fi\/wp-json\/wp\/v2\/product\/30964","targetHints":{"allow":["GET"]}}],"collection":[{"href":"https:\/\/nordicmart.andreevmaster.com\/fi\/wp-json\/wp\/v2\/product"}],"about":[{"href":"https:\/\/nordicmart.andreevmaster.com\/fi\/wp-json\/wp\/v2\/types\/product"}],"replies":[{"embeddable":true,"href":"https:\/\/nordicmart.andreevmaster.com\/fi\/wp-json\/wp\/v2\/comments?post=30964"}],"wp:featuredmedia":[{"embeddable":true,"href":"https:\/\/nordicmart.andreevmaster.com\/fi\/wp-json\/wp\/v2\/media\/40166"}],"wp:attachment":[{"href":"https:\/\/nordicmart.andreevmaster.com\/fi\/wp-json\/wp\/v2\/media?parent=30964"}],"wp:term":[{"taxonomy":"product_brand","embeddable":true,"href":"https:\/\/nordicmart.andreevmaster.com\/fi\/wp-json\/wp\/v2\/product_brand?post=30964"},{"taxonomy":"product_cat","embeddable":true,"href":"https:\/\/nordicmart.andreevmaster.com\/fi\/wp-json\/wp\/v2\/product_cat?post=30964"},{"taxonomy":"product_tag","embeddable":true,"href":"https:\/\/nordicmart.andreevmaster.com\/fi\/wp-json\/wp\/v2\/product_tag?post=30964"}],"curies":[{"name":"wp","href":"https:\/\/api.w.org\/{rel}","templated":true}]}}