{"id":30961,"date":"2026-02-27T00:11:52","date_gmt":"2026-02-27T00:11:52","guid":{"rendered":"https:\/\/nordicmart.andreevmaster.com\/product\/songmics-aurinkovarjo-led-aurinkovalolla-beige\/"},"modified":"2026-02-27T09:35:02","modified_gmt":"2026-02-27T09:35:02","slug":"songmics-aurinkovarjo-led-aurinkovalolla-beige","status":"publish","type":"product","link":"https:\/\/nordicmart.andreevmaster.com\/fi\/tuote\/songmics-aurinkovarjo-led-aurinkovalolla-beige\/","title":{"rendered":"SONGMICS aurinkovarjo LED-aurinkovalolla, beige"},"content":{"rendered":"<p>Tarjoaa varjoa p\u00e4iv\u00e4ll\u00e4: t\u00e4st\u00e4 l\u00e4htien sinun ei tarvitse en\u00e4\u00e4 pel\u00e4t\u00e4 kirkasta auringonvaloa! Halusitpa sitten ottaa nokoset puutarhassa, sy\u00f6d\u00e4 terassilla yst\u00e4vien kanssa tai nauttia kahvitauosta perheen kanssa ulkona, t\u00e4m\u00e4 aurinkovarjo tekee suunnitelmistasi totta. Se on valmistettu 180 g\/m\u00b2 polyesterikankaasta ja tarjoaa erinomaisen UV-suojan jopa UPF 50+ asti. Luo romanttista tunnelmaa iltaisin: Heti kun aurinko laskee, juhlat voivat alkaa! Kytke aurinkopaneelilla toimivat LED-valot p\u00e4\u00e4lle ja luo parvekkeellesi romanttinen tunnelma. Illallinen kumppanisi kanssa? Yll\u00e4tys syntym\u00e4p\u00e4iv\u00e4n\u00e4 keskiy\u00f6ll\u00e4? Nauti kauniista hetkist\u00e4 rakkaimpiesi kanssa pehme\u00e4ss\u00e4 valossa! Tuotetiedot: V\u00e4ri: beige Materiaali: metallinen varjostimen varsi, 180 g\/m\u00b2 polyesterikangas \u00d8 varjostin: 3 m Korkeus: 2,45 m Paino: 13 kg Toimitus sis\u00e4lt\u00e4\u00e4: 1 x aurinkovarjo 1 x jalusta 1 x ohjeet SONGMICSin ohjeet:Aseta raskaat esineet (ei sis\u00e4lly toimitukseen) jalustalle, jotta tuote pysyy vakaana. Avaa aurinkovarjo varovasti ja hitaasti, \u00e4l\u00e4 v\u00e4kisin. Sulje aurinkovarjo y\u00f6ll\u00e4, kovalla tuulella tai sateisella s\u00e4\u00e4ll\u00e4 vahingoittumisen est\u00e4miseksi.Suojaa sateenvarjo suojapeitteell\u00e4 (ei sis\u00e4lly toimitukseen), jotta se kest\u00e4\u00e4 pidemp\u00e4\u00e4n.<\/p>\n","protected":false},"excerpt":{"rendered":"<p>SONGMICS aurinkovarjo LED-aurinkovalolla, katosvarjo, puutarhavarjo, 32 LED-lamppua, \u00d8 300 cm, jalustalla, UV-suoja UPF 50+, kampi, puutarhaan, terassille, merensininen GPU018L01<\/p>\n","protected":false},"featured_media":40163,"comment_status":"open","ping_status":"closed","template":"","meta":[],"product_brand":[],"product_cat":[32],"product_tag":[],"class_list":{"0":"post-30961","1":"product","2":"type-product","3":"status-publish","4":"has-post-thumbnail","6":"product_cat-uncategorized-fi","8":"first","9":"instock","10":"shipping-taxable","11":"purchasable","12":"product-type-simple"},"_links":{"self":[{"href":"https:\/\/nordicmart.andreevmaster.com\/fi\/wp-json\/wp\/v2\/product\/30961","targetHints":{"allow":["GET"]}}],"collection":[{"href":"https:\/\/nordicmart.andreevmaster.com\/fi\/wp-json\/wp\/v2\/product"}],"about":[{"href":"https:\/\/nordicmart.andreevmaster.com\/fi\/wp-json\/wp\/v2\/types\/product"}],"replies":[{"embeddable":true,"href":"https:\/\/nordicmart.andreevmaster.com\/fi\/wp-json\/wp\/v2\/comments?post=30961"}],"wp:featuredmedia":[{"embeddable":true,"href":"https:\/\/nordicmart.andreevmaster.com\/fi\/wp-json\/wp\/v2\/media\/40163"}],"wp:attachment":[{"href":"https:\/\/nordicmart.andreevmaster.com\/fi\/wp-json\/wp\/v2\/media?parent=30961"}],"wp:term":[{"taxonomy":"product_brand","embeddable":true,"href":"https:\/\/nordicmart.andreevmaster.com\/fi\/wp-json\/wp\/v2\/product_brand?post=30961"},{"taxonomy":"product_cat","embeddable":true,"href":"https:\/\/nordicmart.andreevmaster.com\/fi\/wp-json\/wp\/v2\/product_cat?post=30961"},{"taxonomy":"product_tag","embeddable":true,"href":"https:\/\/nordicmart.andreevmaster.com\/fi\/wp-json\/wp\/v2\/product_tag?post=30961"}],"curies":[{"name":"wp","href":"https:\/\/api.w.org\/{rel}","templated":true}]}}