{"id":30956,"date":"2026-02-27T00:11:51","date_gmt":"2026-02-27T00:11:51","guid":{"rendered":"https:\/\/nordicmart.andreevmaster.com\/product\/songmics-aurinkovarjo-beige\/"},"modified":"2026-02-27T09:35:01","modified_gmt":"2026-02-27T09:35:01","slug":"songmics-aurinkovarjo-beige","status":"publish","type":"product","link":"https:\/\/nordicmart.andreevmaster.com\/fi\/tuote\/songmics-aurinkovarjo-beige\/","title":{"rendered":"SONGMICS aurinkovarjo, beige"},"content":{"rendered":"<p>Tuotetiedot: V\u00e4ri: Beige Materiaali: Metallinen varjostimen varsi, 180 g\/m\u00b2 polyesterikangas \u00d8 Varjostin: 3 m Korkeus: 2,45 m Paino: 13 kg Toimitus sis\u00e4lt\u00e4\u00e4: 1 x aurinkovarjo 1 x jalusta 1 x ohjeet (DE, EN, FR, ES, IT) SONGMICS Huomautukset:Aseta painavia esineit\u00e4 (ei sis\u00e4lly toimitukseen) jalustalle tuotteen vakauden varmistamiseksi. Avaa aurinkovarjo varovasti ja hitaasti, \u00e4l\u00e4 v\u00e4kisin. Sulje aurinkovarjo y\u00f6ll\u00e4, kovalla tuulella tai sateisella s\u00e4\u00e4ll\u00e4 vahingoittumisen est\u00e4miseksi.Suojaa sateenvarjo suojapeitteell\u00e4 (ei sis\u00e4lly toimitukseen), jotta se kest\u00e4\u00e4 pidemp\u00e4\u00e4n.<\/p>\n","protected":false},"excerpt":{"rendered":"<p>SONGMICS aurinkovarjo, riippuva aurinkovarjo \u00d8 300 cm, avattava ja suljettava kampi, aurinkosuoja, puutarhavarjo, UV-suoja UPF 50+, puutarhaan, terassille, harmaa GPU016G01<\/p>\n","protected":false},"featured_media":40158,"comment_status":"open","ping_status":"closed","template":"","meta":[],"product_brand":[],"product_cat":[32],"product_tag":[],"class_list":{"0":"post-30956","1":"product","2":"type-product","3":"status-publish","4":"has-post-thumbnail","6":"product_cat-uncategorized-fi","8":"first","9":"instock","10":"shipping-taxable","11":"purchasable","12":"product-type-simple"},"_links":{"self":[{"href":"https:\/\/nordicmart.andreevmaster.com\/fi\/wp-json\/wp\/v2\/product\/30956","targetHints":{"allow":["GET"]}}],"collection":[{"href":"https:\/\/nordicmart.andreevmaster.com\/fi\/wp-json\/wp\/v2\/product"}],"about":[{"href":"https:\/\/nordicmart.andreevmaster.com\/fi\/wp-json\/wp\/v2\/types\/product"}],"replies":[{"embeddable":true,"href":"https:\/\/nordicmart.andreevmaster.com\/fi\/wp-json\/wp\/v2\/comments?post=30956"}],"wp:featuredmedia":[{"embeddable":true,"href":"https:\/\/nordicmart.andreevmaster.com\/fi\/wp-json\/wp\/v2\/media\/40158"}],"wp:attachment":[{"href":"https:\/\/nordicmart.andreevmaster.com\/fi\/wp-json\/wp\/v2\/media?parent=30956"}],"wp:term":[{"taxonomy":"product_brand","embeddable":true,"href":"https:\/\/nordicmart.andreevmaster.com\/fi\/wp-json\/wp\/v2\/product_brand?post=30956"},{"taxonomy":"product_cat","embeddable":true,"href":"https:\/\/nordicmart.andreevmaster.com\/fi\/wp-json\/wp\/v2\/product_cat?post=30956"},{"taxonomy":"product_tag","embeddable":true,"href":"https:\/\/nordicmart.andreevmaster.com\/fi\/wp-json\/wp\/v2\/product_tag?post=30956"}],"curies":[{"name":"wp","href":"https:\/\/api.w.org\/{rel}","templated":true}]}}