{"id":30953,"date":"2026-02-27T00:11:50","date_gmt":"2026-02-27T00:11:50","guid":{"rendered":"https:\/\/nordicmart.andreevmaster.com\/product\/songmics-aurinkovarjo-o-300-cm-harmaa\/"},"modified":"2026-02-27T09:35:00","modified_gmt":"2026-02-27T09:35:00","slug":"songmics-aurinkovarjo-o-300-cm-harmaa","status":"publish","type":"product","link":"https:\/\/nordicmart.andreevmaster.com\/fi\/tuote\/songmics-aurinkovarjo-o-300-cm-harmaa\/","title":{"rendered":"SONGMICS aurinkovarjo \u00d8 300 cm harmaa"},"content":{"rendered":"<p>L\u00e4mmin aurinko, sininen taivas, raikas ilma, kaunis luonto&#8230; Mit\u00e4 viel\u00e4 odotat? Aika rentoutua ulkona! Pelk\u00e4\u00e4tk\u00f6 voimakkaita auringon s\u00e4teit\u00e4? \u00c4l\u00e4 huoli. Avaa vain t\u00e4m\u00e4 SONGMICS:n \u00d8 3 m aurinkovarjo ja nauti kauniista s\u00e4\u00e4st\u00e4 varjossa! Unohtumaton kes\u00e4: Haluatpa sitten ottaa nokoset puutarhassa, sy\u00f6d\u00e4 terassilla yst\u00e4vien kanssa tai nauttia kahvitauosta perheen kanssa ulkona, t\u00e4m\u00e4 aurinkovarjo tekee kaikista suunnitelmistasi totta. Se on valmistettu 180 g\/m\u00b2 polyesterikankaasta ja tarjoaa erinomaisen UV-suojan UPF 50+ asti. Sinun ei siis tarvitse huolehtia siit\u00e4, ett\u00e4 kirkas auringonvalo satuttaa silmi\u00e4si ja punoittaa ihoasi. Kes\u00e4n v\u00e4ltt\u00e4m\u00e4t\u00f6n varuste! Tukeva, jauhemaalatusta metallista valmistettu varjostimen varsi, kest\u00e4v\u00e4t ja suorakulmaiset varjostimen s\u00e4teet, metallivahvistetut liitososat \u2013 t\u00e4m\u00e4 aurinkovarjo on uskollinen kumppanisi, kun viet\u00e4t paljon aikaa ulkona kes\u00e4ll\u00e4.Tuotetiedot: V\u00e4ri: harmaa Materiaali: metallinen varjostimen varsi, 180 g\/m\u00b2 polyesterikangas \u00d8 varjostin: 3 m Korkeus: 2,45 m Paino: 13 kg Toimitus sis\u00e4lt\u00e4\u00e4: 1 x varjostin 1 x jalusta 1 x ohjeet (DE, EN, FR, ES, IT) SONGMICS-ohjeet:Aseta painavat esineet (ei sis\u00e4lly toimitukseen) jalustalle, jotta tuote pysyy vakaana. Avaa aurinkovarjo varovasti ja hitaasti, \u00e4l\u00e4 v\u00e4kisin. Sulje aurinkovarjo y\u00f6ll\u00e4, kovalla tuulella tai sateisella s\u00e4\u00e4ll\u00e4 vahingoittumisen est\u00e4miseksi.Suojaa sateenvarjo suojapeitteell\u00e4 (ei sis\u00e4lly toimitukseen), jotta se kest\u00e4\u00e4 pidemp\u00e4\u00e4n.<\/p>\n","protected":false},"excerpt":{"rendered":"<p>SONGMICS aurinkovarjo, riippuva aurinkovarjo \u00d8 300 cm, avattava ja suljettava kampi, aurinkosuoja, puutarhavarjo, UV-suoja UPF 50+, puutarhaan, terassille, harmaa GPU016G01<\/p>\n","protected":false},"featured_media":40155,"comment_status":"open","ping_status":"closed","template":"","meta":[],"product_brand":[],"product_cat":[32],"product_tag":[],"class_list":{"0":"post-30953","1":"product","2":"type-product","3":"status-publish","4":"has-post-thumbnail","6":"product_cat-uncategorized-fi","8":"first","9":"instock","10":"shipping-taxable","11":"purchasable","12":"product-type-simple"},"_links":{"self":[{"href":"https:\/\/nordicmart.andreevmaster.com\/fi\/wp-json\/wp\/v2\/product\/30953","targetHints":{"allow":["GET"]}}],"collection":[{"href":"https:\/\/nordicmart.andreevmaster.com\/fi\/wp-json\/wp\/v2\/product"}],"about":[{"href":"https:\/\/nordicmart.andreevmaster.com\/fi\/wp-json\/wp\/v2\/types\/product"}],"replies":[{"embeddable":true,"href":"https:\/\/nordicmart.andreevmaster.com\/fi\/wp-json\/wp\/v2\/comments?post=30953"}],"wp:featuredmedia":[{"embeddable":true,"href":"https:\/\/nordicmart.andreevmaster.com\/fi\/wp-json\/wp\/v2\/media\/40155"}],"wp:attachment":[{"href":"https:\/\/nordicmart.andreevmaster.com\/fi\/wp-json\/wp\/v2\/media?parent=30953"}],"wp:term":[{"taxonomy":"product_brand","embeddable":true,"href":"https:\/\/nordicmart.andreevmaster.com\/fi\/wp-json\/wp\/v2\/product_brand?post=30953"},{"taxonomy":"product_cat","embeddable":true,"href":"https:\/\/nordicmart.andreevmaster.com\/fi\/wp-json\/wp\/v2\/product_cat?post=30953"},{"taxonomy":"product_tag","embeddable":true,"href":"https:\/\/nordicmart.andreevmaster.com\/fi\/wp-json\/wp\/v2\/product_tag?post=30953"}],"curies":[{"name":"wp","href":"https:\/\/api.w.org\/{rel}","templated":true}]}}