{"id":30949,"date":"2026-02-27T00:11:49","date_gmt":"2026-02-27T00:11:49","guid":{"rendered":"https:\/\/nordicmart.andreevmaster.com\/product\/songmics-aurinkovarjo-suorakulmainen-300-x-200-cm\/"},"modified":"2026-02-27T09:35:00","modified_gmt":"2026-02-27T09:35:00","slug":"songmics-aurinkovarjo-suorakulmainen-300-x-200-cm","status":"publish","type":"product","link":"https:\/\/nordicmart.andreevmaster.com\/fi\/tuote\/songmics-aurinkovarjo-suorakulmainen-300-x-200-cm\/","title":{"rendered":"SONGMICS aurinkovarjo, suorakulmainen, 300 x 200 cm"},"content":{"rendered":"<p>Kes\u00e4, aurinko, hauskaa: ulos ulos!T\u00e4m\u00e4 aurinkovarjo ei vain n\u00e4yt\u00e4 modernilta, vaan tarjoaa my\u00f6s riitt\u00e4v\u00e4n varjon ulkona mitoiltaan 3 x 2 m. Kutsu yst\u00e4v\u00e4si ja nauttikaa viileit\u00e4 juomia raikkaassa ilmassa aurinkovarjon alla \u2013 \u00e4l\u00e4 pelk\u00e4\u00e4 kirkasta auringonvaloa! T\u00e4rkeimm\u00e4t syyt, miksi t\u00e4m\u00e4 aurinkovarjo on juuri sinulle sopiva: Erinomainen aurinkosuoja: Varjokangas tarjoaa optimaalisen UV-suojan (UPF 50+) ja est\u00e4\u00e4 98 % UV-s\u00e4teist\u00e4. Kest\u00e4v\u00e4 taivutusmekanismi: Taivutusmekanismi on valmistettu sinkkiseoksesta ja takaa pitk\u00e4n k\u00e4ytt\u00f6i\u00e4n. Helppo avata ja sulkea: K\u00e4tev\u00e4 k\u00e4sikampi helpottaa sateenvarjon avaamista ja sulkemista. Korkea vakaus: Suorakulmaiset ripat antavat parvekesateenvarjolle lis\u00e4\u00e4 vakautta. Tuotetiedot:V\u00e4ri: tummansininen Materiaali: metallinen varjostimen varsi, 180 g\/m\u00b2 polyesterist\u00e4 valmistettu varjostimen kangas Varjostimen kankaan koko: 3 x 2 m (P x L) Korkeus: 2,4 m Paino: 6,2 kg Toimitus sis\u00e4lt\u00e4\u00e4: 1 x aurinkovarjo 1 x ohjeet SONGMICSin huomautukset:Varjostimen jalustaa ei toimiteta mukana. \u00c4l\u00e4 avaa varjostinta v\u00e4kisin, vaan avaa se varovasti ja hitaasti. Sulje varjostin y\u00f6ll\u00e4, kovalla tuulella tai sateisella s\u00e4\u00e4ll\u00e4 vahingoittumisen est\u00e4miseksi. Suojaa varjostinta suojapeitteell\u00e4 (ei sis\u00e4lly toimitukseen), jotta se kest\u00e4\u00e4 k\u00e4yt\u00f6ss\u00e4 pidemp\u00e4\u00e4n.<\/p>\n","protected":false},"excerpt":{"rendered":"<p>SONGMICS suorakulmainen aurinkovarjo, 300 x 200 cm, parvekkeen aurinkosuoja, parvekeaurinkovarjo, UPF 50+, puutarha-aurinkovarjo, taittuva, kampi, puutarhaan, terassille, ilman jalustaa, punainen GPU013R01<\/p>\n","protected":false},"featured_media":40151,"comment_status":"open","ping_status":"closed","template":"","meta":[],"product_brand":[],"product_cat":[32],"product_tag":[],"class_list":{"0":"post-30949","1":"product","2":"type-product","3":"status-publish","4":"has-post-thumbnail","6":"product_cat-uncategorized-fi","8":"first","9":"instock","10":"shipping-taxable","11":"purchasable","12":"product-type-simple"},"_links":{"self":[{"href":"https:\/\/nordicmart.andreevmaster.com\/fi\/wp-json\/wp\/v2\/product\/30949","targetHints":{"allow":["GET"]}}],"collection":[{"href":"https:\/\/nordicmart.andreevmaster.com\/fi\/wp-json\/wp\/v2\/product"}],"about":[{"href":"https:\/\/nordicmart.andreevmaster.com\/fi\/wp-json\/wp\/v2\/types\/product"}],"replies":[{"embeddable":true,"href":"https:\/\/nordicmart.andreevmaster.com\/fi\/wp-json\/wp\/v2\/comments?post=30949"}],"wp:featuredmedia":[{"embeddable":true,"href":"https:\/\/nordicmart.andreevmaster.com\/fi\/wp-json\/wp\/v2\/media\/40151"}],"wp:attachment":[{"href":"https:\/\/nordicmart.andreevmaster.com\/fi\/wp-json\/wp\/v2\/media?parent=30949"}],"wp:term":[{"taxonomy":"product_brand","embeddable":true,"href":"https:\/\/nordicmart.andreevmaster.com\/fi\/wp-json\/wp\/v2\/product_brand?post=30949"},{"taxonomy":"product_cat","embeddable":true,"href":"https:\/\/nordicmart.andreevmaster.com\/fi\/wp-json\/wp\/v2\/product_cat?post=30949"},{"taxonomy":"product_tag","embeddable":true,"href":"https:\/\/nordicmart.andreevmaster.com\/fi\/wp-json\/wp\/v2\/product_tag?post=30949"}],"curies":[{"name":"wp","href":"https:\/\/api.w.org\/{rel}","templated":true}]}}