{"id":30946,"date":"2026-02-27T00:11:48","date_gmt":"2026-02-27T00:11:48","guid":{"rendered":"https:\/\/nordicmart.andreevmaster.com\/product\/songmics-aurinkovarjo-o-265-cm-kasikammella\/"},"modified":"2026-02-27T09:34:59","modified_gmt":"2026-02-27T09:34:59","slug":"songmics-aurinkovarjo-o-265-cm-kasikammella","status":"publish","type":"product","link":"https:\/\/nordicmart.andreevmaster.com\/fi\/tuote\/songmics-aurinkovarjo-o-265-cm-kasikammella\/","title":{"rendered":"SONGMICS aurinkovarjo \u00d8 265 cm, k\u00e4sikammella"},"content":{"rendered":"<p>Etk\u00f6 malta odottaa, ett\u00e4 p\u00e4\u00e4set nauttimaan raikkaasta ilmasta ja l\u00e4mpim\u00e4st\u00e4 auringosta ulkona? Avaa t\u00e4m\u00e4 aurinkovarjo k\u00e4sikammella, kallista sit\u00e4 niin, ett\u00e4 se heitt\u00e4\u00e4 varjon aina oikeaan kohtaan, ja rentoudu kahvikupin \u00e4\u00e4ress\u00e4, juttele yst\u00e4vien kanssa tai lue hyv\u00e4 kirja.T\u00e4m\u00e4n aurinkovarjon kohokohdat yhdell\u00e4 silm\u00e4yksell\u00e4: Aurinkokangas on valmistettu 180 g\/m\u00b2 polyesterikankaasta, tarjoaa erinomaisen UV-suojan UPF 50+ asti ja torjuu 98 % UV-s\u00e4teist\u00e4. Korkealaatuisesta metalliseoksesta valmistettu taivutusmekanismi takaa pitk\u00e4n k\u00e4ytt\u00f6i\u00e4n. Aurinkovarjo on helppo avata ja sulkea k\u00e4sikammella.Vankat suorakulmaiset varjostimen rivat antavat varjostimelle hyv\u00e4n vakauden. Tuotetiedot: V\u00e4ri: mustavalkoinen raidallinen Materiaali: metallinen varjostimen varsi, 180 g\/m\u00b2 polyesterikangas \u00d8 varjostin: 2,65 m Paino: 5,5 kg Toimitus sis\u00e4lt\u00e4\u00e4: 1 x aurinkovarjo 1 x ohjeet SONGMICS Huomautukset:Sateenvarjotelinett\u00e4 ei toimiteta mukana. \u00c4l\u00e4 avaa sateenvarjoa v\u00e4kisin, vaan avaa se varovasti ja hitaasti. Sulje sateenvarjo y\u00f6ll\u00e4, kovalla tuulella tai sateisella s\u00e4\u00e4ll\u00e4 vahingoittumisen est\u00e4miseksi. Suojaa sateenvarjo suojapeitteell\u00e4 (ei sis\u00e4lly toimitukseen), jotta se kest\u00e4\u00e4 k\u00e4yt\u00f6ss\u00e4 pidemp\u00e4\u00e4n.<\/p>\n","protected":false},"excerpt":{"rendered":"<p>SONGMICS aurinkovarjo, \u00d8 265 cm, aurinkosuoja, 8 varjokaaria, UV-suoja UPF 50+, taittuva, kampi, ilman jalustaa, ulkok\u00e4ytt\u00f6\u00f6n, puutarhaan, parvekkeelle, terassille, sinivalkoinen raidallinen GPU009Q01<\/p>\n","protected":false},"featured_media":40148,"comment_status":"open","ping_status":"closed","template":"","meta":[],"product_brand":[],"product_cat":[32],"product_tag":[],"class_list":{"0":"post-30946","1":"product","2":"type-product","3":"status-publish","4":"has-post-thumbnail","6":"product_cat-uncategorized-fi","8":"first","9":"instock","10":"shipping-taxable","11":"purchasable","12":"product-type-simple"},"_links":{"self":[{"href":"https:\/\/nordicmart.andreevmaster.com\/fi\/wp-json\/wp\/v2\/product\/30946","targetHints":{"allow":["GET"]}}],"collection":[{"href":"https:\/\/nordicmart.andreevmaster.com\/fi\/wp-json\/wp\/v2\/product"}],"about":[{"href":"https:\/\/nordicmart.andreevmaster.com\/fi\/wp-json\/wp\/v2\/types\/product"}],"replies":[{"embeddable":true,"href":"https:\/\/nordicmart.andreevmaster.com\/fi\/wp-json\/wp\/v2\/comments?post=30946"}],"wp:featuredmedia":[{"embeddable":true,"href":"https:\/\/nordicmart.andreevmaster.com\/fi\/wp-json\/wp\/v2\/media\/40148"}],"wp:attachment":[{"href":"https:\/\/nordicmart.andreevmaster.com\/fi\/wp-json\/wp\/v2\/media?parent=30946"}],"wp:term":[{"taxonomy":"product_brand","embeddable":true,"href":"https:\/\/nordicmart.andreevmaster.com\/fi\/wp-json\/wp\/v2\/product_brand?post=30946"},{"taxonomy":"product_cat","embeddable":true,"href":"https:\/\/nordicmart.andreevmaster.com\/fi\/wp-json\/wp\/v2\/product_cat?post=30946"},{"taxonomy":"product_tag","embeddable":true,"href":"https:\/\/nordicmart.andreevmaster.com\/fi\/wp-json\/wp\/v2\/product_tag?post=30946"}],"curies":[{"name":"wp","href":"https:\/\/api.w.org\/{rel}","templated":true}]}}