{"id":30943,"date":"2026-02-27T00:11:48","date_gmt":"2026-02-27T00:11:48","guid":{"rendered":"https:\/\/nordicmart.andreevmaster.com\/product\/songmics-aurinkovarjo-upf-50-kummaltakin-puolelta-30-taivutettava-ilman-jalustaa\/"},"modified":"2026-02-27T09:34:59","modified_gmt":"2026-02-27T09:34:59","slug":"songmics-aurinkovarjo-upf-50-kummaltakin-puolelta-30-taivutettava-ilman-jalustaa","status":"publish","type":"product","link":"https:\/\/nordicmart.andreevmaster.com\/fi\/tuote\/songmics-aurinkovarjo-upf-50-kummaltakin-puolelta-30-taivutettava-ilman-jalustaa\/","title":{"rendered":"SONGMICS aurinkovarjo UPF 50+, kummaltakin puolelta 30\u00b0 taivutettava, ilman jalustaa"},"content":{"rendered":"<p>SONGMICS aurinkovarjo 160 cm, rantavarjo, aurinkosuoja UPF 50+, taivutettavissa 30\u00b0 molemmin puolin, korkeuss\u00e4\u00e4dett\u00e4v\u00e4, s\u00e4ilytystila, koukku, rannalle, puutarhaan, ilman jalustaa, sininen GPU0080Q01<br \/>\nV\u00e4ri: sininen<br \/>\nMateriaali: ter\u00e4s, polyesteri<br \/>\nSateenvarjon kankaan koko: 160 cm d<br \/>\nKorkeus pystyss\u00e4: 158\u2013206 cm<br \/>\nPaino: 1,8 kg<\/p>\n","protected":false},"excerpt":{"rendered":"<p>SONGMICS aurinkovarjo 160 cm, rantavarjo, aurinkosuoja UPF 50+, taivutettavissa 30\u00b0 molemmin puolin, korkeuss\u00e4\u00e4dett\u00e4v\u00e4, s\u00e4ilytystila, koukku, rannalle, puutarhaan, ilman jalustaa, sininen GPU0080Q01<\/p>\n","protected":false},"featured_media":40145,"comment_status":"open","ping_status":"closed","template":"","meta":[],"product_brand":[],"product_cat":[32],"product_tag":[],"class_list":{"0":"post-30943","1":"product","2":"type-product","3":"status-publish","4":"has-post-thumbnail","6":"product_cat-uncategorized-fi","8":"first","9":"instock","10":"shipping-taxable","11":"purchasable","12":"product-type-simple"},"_links":{"self":[{"href":"https:\/\/nordicmart.andreevmaster.com\/fi\/wp-json\/wp\/v2\/product\/30943","targetHints":{"allow":["GET"]}}],"collection":[{"href":"https:\/\/nordicmart.andreevmaster.com\/fi\/wp-json\/wp\/v2\/product"}],"about":[{"href":"https:\/\/nordicmart.andreevmaster.com\/fi\/wp-json\/wp\/v2\/types\/product"}],"replies":[{"embeddable":true,"href":"https:\/\/nordicmart.andreevmaster.com\/fi\/wp-json\/wp\/v2\/comments?post=30943"}],"wp:featuredmedia":[{"embeddable":true,"href":"https:\/\/nordicmart.andreevmaster.com\/fi\/wp-json\/wp\/v2\/media\/40145"}],"wp:attachment":[{"href":"https:\/\/nordicmart.andreevmaster.com\/fi\/wp-json\/wp\/v2\/media?parent=30943"}],"wp:term":[{"taxonomy":"product_brand","embeddable":true,"href":"https:\/\/nordicmart.andreevmaster.com\/fi\/wp-json\/wp\/v2\/product_brand?post=30943"},{"taxonomy":"product_cat","embeddable":true,"href":"https:\/\/nordicmart.andreevmaster.com\/fi\/wp-json\/wp\/v2\/product_cat?post=30943"},{"taxonomy":"product_tag","embeddable":true,"href":"https:\/\/nordicmart.andreevmaster.com\/fi\/wp-json\/wp\/v2\/product_tag?post=30943"}],"curies":[{"name":"wp","href":"https:\/\/api.w.org\/{rel}","templated":true}]}}