{"id":30940,"date":"2026-02-27T00:11:47","date_gmt":"2026-02-27T00:11:47","guid":{"rendered":"https:\/\/nordicmart.andreevmaster.com\/product\/songmics-terassipoyta-lasilevylla-harmaa\/"},"modified":"2026-02-27T09:34:59","modified_gmt":"2026-02-27T09:34:59","slug":"songmics-terassipoyta-lasilevylla-harmaa","status":"publish","type":"product","link":"https:\/\/nordicmart.andreevmaster.com\/fi\/tuote\/songmics-terassipoyta-lasilevylla-harmaa\/","title":{"rendered":"SONGMICS Terassip\u00f6yt\u00e4 lasilevyll\u00e4, harmaa"},"content":{"rendered":"<p>Tuotetiedot: V\u00e4ri: musta-harmaa Materiaali: karkaistu lasi, alumiini Koko: 85 x 85 x 73 cm (P x L x K) Paino: 13 kg Maks. staattinen kantavuus: 75 kg Toimitus sis\u00e4lt\u00e4\u00e4: 1 x puutarhap\u00f6yt\u00e4 1 x lis\u00e4varustepussi 1 x ohjeet (DE, EN, FR, ES, IT) SONGMICS Huomautukset:Ole varovainen lasip\u00f6yt\u00e4levyn asennuksessa. Lasilevyn kulmat ovat erityisen herkki\u00e4 rikkoutumaan. On suositeltavaa suojata tuote s\u00e4\u00e4olosuhteilta peitteell\u00e4. Turvallisuussyist\u00e4 lapset eiv\u00e4t saa kiivet\u00e4 tuotteelle tai leikki\u00e4 sill\u00e4. Tuotteen maksimaalinen staattinen kantavuus on 75 kg. \u00c4l\u00e4 ylit\u00e4 t\u00e4t\u00e4 enimm\u00e4ispainoa.<\/p>\n","protected":false},"excerpt":{"rendered":"<p>SONGMICS puutarhap\u00f6yt\u00e4, lasi, parvekep\u00f6yt\u00e4, neli\u00f6nmuotoinen, ulkok\u00e4ytt\u00f6\u00f6n, piknik, juhlat, kova lasinen p\u00f6yt\u00e4levy, alumiinirunko, 85 x 85 x 73 cm, musta GPT08BK<\/p>\n","protected":false},"featured_media":40142,"comment_status":"open","ping_status":"closed","template":"","meta":[],"product_brand":[],"product_cat":[32],"product_tag":[],"class_list":{"0":"post-30940","1":"product","2":"type-product","3":"status-publish","4":"has-post-thumbnail","6":"product_cat-uncategorized-fi","8":"first","9":"instock","10":"shipping-taxable","11":"purchasable","12":"product-type-simple"},"_links":{"self":[{"href":"https:\/\/nordicmart.andreevmaster.com\/fi\/wp-json\/wp\/v2\/product\/30940","targetHints":{"allow":["GET"]}}],"collection":[{"href":"https:\/\/nordicmart.andreevmaster.com\/fi\/wp-json\/wp\/v2\/product"}],"about":[{"href":"https:\/\/nordicmart.andreevmaster.com\/fi\/wp-json\/wp\/v2\/types\/product"}],"replies":[{"embeddable":true,"href":"https:\/\/nordicmart.andreevmaster.com\/fi\/wp-json\/wp\/v2\/comments?post=30940"}],"wp:featuredmedia":[{"embeddable":true,"href":"https:\/\/nordicmart.andreevmaster.com\/fi\/wp-json\/wp\/v2\/media\/40142"}],"wp:attachment":[{"href":"https:\/\/nordicmart.andreevmaster.com\/fi\/wp-json\/wp\/v2\/media?parent=30940"}],"wp:term":[{"taxonomy":"product_brand","embeddable":true,"href":"https:\/\/nordicmart.andreevmaster.com\/fi\/wp-json\/wp\/v2\/product_brand?post=30940"},{"taxonomy":"product_cat","embeddable":true,"href":"https:\/\/nordicmart.andreevmaster.com\/fi\/wp-json\/wp\/v2\/product_cat?post=30940"},{"taxonomy":"product_tag","embeddable":true,"href":"https:\/\/nordicmart.andreevmaster.com\/fi\/wp-json\/wp\/v2\/product_tag?post=30940"}],"curies":[{"name":"wp","href":"https:\/\/api.w.org\/{rel}","templated":true}]}}