{"id":30939,"date":"2026-02-27T00:11:47","date_gmt":"2026-02-27T00:11:47","guid":{"rendered":"https:\/\/nordicmart.andreevmaster.com\/product\/songmics-terassipoyta-lasilevylla-musta\/"},"modified":"2026-02-27T09:34:58","modified_gmt":"2026-02-27T09:34:58","slug":"songmics-terassipoyta-lasilevylla-musta","status":"publish","type":"product","link":"https:\/\/nordicmart.andreevmaster.com\/fi\/tuote\/songmics-terassipoyta-lasilevylla-musta\/","title":{"rendered":"SONGMICS terassip\u00f6yt\u00e4 lasilevyll\u00e4, musta"},"content":{"rendered":"<p>Sy\u00f6, juo ja rentoudu: raikas ilma, l\u00e4mmin auringonpaiste, lempe\u00e4 tuuli \u2013 aika rentoutua ulkona perheen kanssa! Haluatko nauttia aamiaista parvekkeella aamuauringossa? Haluatko jutella mukavasti perheen kanssa kahvikupin \u00e4\u00e4ress\u00e4? Haluatko j\u00e4rjest\u00e4\u00e4 cocktail-juhlat puutarhassa ja kutsua yst\u00e4v\u00e4si? T\u00e4m\u00e4 puutarhap\u00f6yt\u00e4 tarjoaa sinulle t\u00e4ydellisen paikan ja tekee kaikista suunnitelmistasi totta! Vahvuus ja tyyli: Ajaton musta, moderni muotoilu \u2013 t\u00e4m\u00e4 p\u00f6yt\u00e4 on tyylik\u00e4s lis\u00e4 puutarhaan, terassille tai parvekkeelle. Kovasta lasista valmistettu p\u00f6yt\u00e4levy, alumiinirunko \u2013 n\u00e4iden materiaalien yhdistelm\u00e4 takaa hyv\u00e4n kantavuuden (jopa 75 kg) ja samalla keveyden, joten voit helposti siirt\u00e4\u00e4 p\u00f6yd\u00e4n puutarhasta taloon. Tuotetiedot: V\u00e4ri: musta Materiaali: kova lasi, alumiini Koko: 85 x 85 x 73 cm (P x L x K) Paino: 13 kg Maks. staattinen kantavuus: 75 kg Toimitus sis\u00e4lt\u00e4\u00e4: 1 x puutarhap\u00f6yt\u00e4 1 x lis\u00e4varustepussi 1 x ohjeet (DE, EN, FR, ES, IT) SONGMICS-ohjeet: Ole varovainen lasisen p\u00f6yt\u00e4levyn asennuksessa. Lasilevyn kulmat ovat erityisen herkki\u00e4 s\u00e4rkymiselle. On suositeltavaa suojata tuote s\u00e4\u00e4olosuhteilta peitteell\u00e4. Turvallisuussyist\u00e4 lapset eiv\u00e4t saa kiivet\u00e4 tuotteelle tai leikki\u00e4 sill\u00e4.<\/p>\n","protected":false},"excerpt":{"rendered":"<p>SONGMICS puutarhap\u00f6yt\u00e4, lasi, parvekep\u00f6yt\u00e4, neli\u00f6nmuotoinen, ulkok\u00e4ytt\u00f6\u00f6n, piknik, juhlat, kova lasinen p\u00f6yt\u00e4levy, alumiinirunko, 85 x 85 x 73 cm, musta GPT08BK<\/p>\n","protected":false},"featured_media":40141,"comment_status":"open","ping_status":"closed","template":"","meta":[],"product_brand":[],"product_cat":[32],"product_tag":[],"class_list":{"0":"post-30939","1":"product","2":"type-product","3":"status-publish","4":"has-post-thumbnail","6":"product_cat-uncategorized-fi","8":"first","9":"instock","10":"shipping-taxable","11":"purchasable","12":"product-type-simple"},"_links":{"self":[{"href":"https:\/\/nordicmart.andreevmaster.com\/fi\/wp-json\/wp\/v2\/product\/30939","targetHints":{"allow":["GET"]}}],"collection":[{"href":"https:\/\/nordicmart.andreevmaster.com\/fi\/wp-json\/wp\/v2\/product"}],"about":[{"href":"https:\/\/nordicmart.andreevmaster.com\/fi\/wp-json\/wp\/v2\/types\/product"}],"replies":[{"embeddable":true,"href":"https:\/\/nordicmart.andreevmaster.com\/fi\/wp-json\/wp\/v2\/comments?post=30939"}],"wp:featuredmedia":[{"embeddable":true,"href":"https:\/\/nordicmart.andreevmaster.com\/fi\/wp-json\/wp\/v2\/media\/40141"}],"wp:attachment":[{"href":"https:\/\/nordicmart.andreevmaster.com\/fi\/wp-json\/wp\/v2\/media?parent=30939"}],"wp:term":[{"taxonomy":"product_brand","embeddable":true,"href":"https:\/\/nordicmart.andreevmaster.com\/fi\/wp-json\/wp\/v2\/product_brand?post=30939"},{"taxonomy":"product_cat","embeddable":true,"href":"https:\/\/nordicmart.andreevmaster.com\/fi\/wp-json\/wp\/v2\/product_cat?post=30939"},{"taxonomy":"product_tag","embeddable":true,"href":"https:\/\/nordicmart.andreevmaster.com\/fi\/wp-json\/wp\/v2\/product_tag?post=30939"}],"curies":[{"name":"wp","href":"https:\/\/api.w.org\/{rel}","templated":true}]}}