{"id":30938,"date":"2026-02-27T00:11:47","date_gmt":"2026-02-27T00:11:47","guid":{"rendered":"https:\/\/nordicmart.andreevmaster.com\/product\/songmics-parvekepoyta-polyrottinki-musta\/"},"modified":"2026-02-27T09:34:58","modified_gmt":"2026-02-27T09:34:58","slug":"songmics-parvekepoyta-polyrottinki-musta","status":"publish","type":"product","link":"https:\/\/nordicmart.andreevmaster.com\/fi\/tuote\/songmics-parvekepoyta-polyrottinki-musta\/","title":{"rendered":"SONGMICS parvekep\u00f6yt\u00e4, polyrottinki, musta"},"content":{"rendered":"<p>Siunaus pienille parvekkeille: L\u00e4mmin auringonpaiste, lempe\u00e4 tuuli \u2013 mik\u00e4 voisi olla parempaa kuin istua parvekkeella t\u00e4llaisella s\u00e4\u00e4ll\u00e4, kun kirja, kuppi kahvia ja v\u00e4lipalat ovat k\u00e4den ulottuvilla? Vaikka sinulla olisi vain pieni parveke, t\u00e4m\u00e4 parvekep\u00f6yt\u00e4 tarjoaa sinulle suurta mukavuutta. Joustava muotoilu: T\u00e4m\u00e4n p\u00f6yd\u00e4n s\u00e4\u00e4dett\u00e4vien ripustuskoukkujen ansiosta voit kiinnitt\u00e4\u00e4 p\u00f6yd\u00e4n eri levyisiin kaiteisiin ja kaiteisiin. Lis\u00e4ksi p\u00f6yd\u00e4n pinta on korkeuss\u00e4\u00e4dett\u00e4v\u00e4, joten l\u00f6yd\u00e4t ihanteellisen korkeuden kannettavallesi tai juomillesi.Yksi p\u00f6yt\u00e4, useita k\u00e4ytt\u00f6mahdollisuuksia: Tee siit\u00e4 miniruokap\u00f6yt\u00e4, jotta voit nauttia kupin kahvia auringonnousun aikaan, tai aseta se ulos bistrop\u00f6yt\u00e4n\u00e4, jotta voit jutella vanhojen yst\u00e4vien kanssa lasillisen viini\u00e4 nauttien, tai k\u00e4yt\u00e4 sit\u00e4 hyllyn\u00e4 kasveille, jotka nauttivat auringosta. Kissasi voi jopa ottaa torkut p\u00f6yd\u00e4n pinnalla. Tuotetiedot: V\u00e4ri: ruskea Materiaali: rauta, HDPE-muovi (korkeatiheyksinen polyeteeni) P\u00f6yd\u00e4n pinnan koko: 60 x 40 cm (P x L)Sopii seuraaville kaiteiden tai kaiteiden leveydille: 6\u201315 cm Koko avattuna: 60 x 63 x 83,5 cm (P x L x K) Paino: 3,4 kg Maks. staattinen kantavuus: 20 kg Toimitus sis\u00e4lt\u00e4\u00e4: 1 x parvekep\u00f6yt\u00e4 1 x ohjeet (DE, EN, FR, ES, IT) SONGMICS-huomautukset:Suosittelemme s\u00e4ilytt\u00e4m\u00e4\u00e4n tuotetta sis\u00e4tiloissa, jos sit\u00e4 ei k\u00e4ytet\u00e4 pitk\u00e4\u00e4n aikaan.<\/p>\n","protected":false},"excerpt":{"rendered":"<p>SONGMICS parvekep\u00f6yt\u00e4, ripustettava parvekep\u00f6yt\u00e4, taitettava p\u00f6yt\u00e4, 3-portainen korkeuss\u00e4\u00e4t\u00f6, taitettava, ulkok\u00e4ytt\u00f6\u00f6n, parveke, terassi, polyrottinki, musta GPT07BK<\/p>\n","protected":false},"featured_media":40140,"comment_status":"open","ping_status":"closed","template":"","meta":[],"product_brand":[],"product_cat":[32],"product_tag":[],"class_list":{"0":"post-30938","1":"product","2":"type-product","3":"status-publish","4":"has-post-thumbnail","6":"product_cat-uncategorized-fi","8":"first","9":"instock","10":"shipping-taxable","11":"purchasable","12":"product-type-simple"},"_links":{"self":[{"href":"https:\/\/nordicmart.andreevmaster.com\/fi\/wp-json\/wp\/v2\/product\/30938","targetHints":{"allow":["GET"]}}],"collection":[{"href":"https:\/\/nordicmart.andreevmaster.com\/fi\/wp-json\/wp\/v2\/product"}],"about":[{"href":"https:\/\/nordicmart.andreevmaster.com\/fi\/wp-json\/wp\/v2\/types\/product"}],"replies":[{"embeddable":true,"href":"https:\/\/nordicmart.andreevmaster.com\/fi\/wp-json\/wp\/v2\/comments?post=30938"}],"wp:featuredmedia":[{"embeddable":true,"href":"https:\/\/nordicmart.andreevmaster.com\/fi\/wp-json\/wp\/v2\/media\/40140"}],"wp:attachment":[{"href":"https:\/\/nordicmart.andreevmaster.com\/fi\/wp-json\/wp\/v2\/media?parent=30938"}],"wp:term":[{"taxonomy":"product_brand","embeddable":true,"href":"https:\/\/nordicmart.andreevmaster.com\/fi\/wp-json\/wp\/v2\/product_brand?post=30938"},{"taxonomy":"product_cat","embeddable":true,"href":"https:\/\/nordicmart.andreevmaster.com\/fi\/wp-json\/wp\/v2\/product_cat?post=30938"},{"taxonomy":"product_tag","embeddable":true,"href":"https:\/\/nordicmart.andreevmaster.com\/fi\/wp-json\/wp\/v2\/product_tag?post=30938"}],"curies":[{"name":"wp","href":"https:\/\/api.w.org\/{rel}","templated":true}]}}