{"id":30937,"date":"2026-02-27T00:11:47","date_gmt":"2026-02-27T00:11:47","guid":{"rendered":"https:\/\/nordicmart.andreevmaster.com\/product\/songmics-puunvarinen-puutarhapoyta-musta\/"},"modified":"2026-02-27T09:34:58","modified_gmt":"2026-02-27T09:34:58","slug":"songmics-puunvarinen-puutarhapoyta-musta","status":"publish","type":"product","link":"https:\/\/nordicmart.andreevmaster.com\/fi\/tuote\/songmics-puunvarinen-puutarhapoyta-musta\/","title":{"rendered":"SONGMICS puunv\u00e4rinen puutarhap\u00f6yt\u00e4, musta"},"content":{"rendered":"<p>Tuotekuvaus:SONGMICS \u2013 t\u00e4m\u00e4 tuotemerkki ei edusta vain tyylikk\u00e4it\u00e4 ja kest\u00e4vi\u00e4 sisustustuotteita. Haluamme tarjota sinulle my\u00f6s k\u00e4yt\u00e4nn\u00f6llisi\u00e4, s\u00e4\u00e4nkest\u00e4vi\u00e4 ja vakaita ulkokalusteita, joiden avulla voit nauttia vapaa-ajastasi viel\u00e4kin enemm\u00e4n. Ulkop\u00f6yt\u00e4 kaikkiin tilanteisiin Jos viet\u00e4t vapaa-aikaasi mielell\u00e4si terassilla tai parvekkeella, yll\u00e4 esitetty p\u00f6yt\u00e4 on k\u00e4yt\u00e4nn\u00f6llinen lis\u00e4 puutarhakalusteisiisi.Haluatpa sitten grillata makkaraa ja juoda olutta terassilla tai asettaa kauniin ruukkukasvin ja kahvikupin parvekkeen p\u00f6yd\u00e4lle, tukevat, lukuisilla ruuveilla varustetut rautajalat ja kest\u00e4v\u00e4 p\u00f6yt\u00e4levy takaavat t\u00e4m\u00e4n ulkokalusteen korkean vakauden.Tutustu my\u00f6s t\u00e4h\u00e4n p\u00f6yt\u00e4\u00e4n sopiviin puutarhatuoleihin ja muihin SONGMICSin ulkokalusteisiin! Tuotetiedot: V\u00e4ri: musta Materiaali: P\u00f6yd\u00e4n pinta: HDPE-muovi (korkeatiheyksinen polyeteeni) P\u00f6yd\u00e4n jalat: jauhemaalattu rauta Koko: 78 x 78 x 74 cm (P x L x K) Paino: 10 kg Maks. kantavuus: 110 kg Toimitus sis\u00e4lt\u00e4\u00e4: 1 x puutarhap\u00f6yt\u00e4 1 x ohjeet (DE, EN, FR, ES, IT) SONGMICS-ohjeet: \u00c4l\u00e4 altista tuotetta voimakkaalle auringonvalolle pitk\u00e4ksi aikaa.<\/p>\n","protected":false},"excerpt":{"rendered":"<p>SONGMICS puutarhap\u00f6yt\u00e4, pieni p\u00f6yt\u00e4, muovinen puuimitaatio, vedenkest\u00e4v\u00e4, tukevat rautajalat, helppo koota, puutarha, parveke, terassi, 78 x 78 x 74 cm, musta GPT06BK<\/p>\n","protected":false},"featured_media":40139,"comment_status":"open","ping_status":"closed","template":"","meta":[],"product_brand":[],"product_cat":[32],"product_tag":[],"class_list":{"0":"post-30937","1":"product","2":"type-product","3":"status-publish","4":"has-post-thumbnail","6":"product_cat-uncategorized-fi","8":"first","9":"instock","10":"shipping-taxable","11":"purchasable","12":"product-type-simple"},"_links":{"self":[{"href":"https:\/\/nordicmart.andreevmaster.com\/fi\/wp-json\/wp\/v2\/product\/30937","targetHints":{"allow":["GET"]}}],"collection":[{"href":"https:\/\/nordicmart.andreevmaster.com\/fi\/wp-json\/wp\/v2\/product"}],"about":[{"href":"https:\/\/nordicmart.andreevmaster.com\/fi\/wp-json\/wp\/v2\/types\/product"}],"replies":[{"embeddable":true,"href":"https:\/\/nordicmart.andreevmaster.com\/fi\/wp-json\/wp\/v2\/comments?post=30937"}],"wp:featuredmedia":[{"embeddable":true,"href":"https:\/\/nordicmart.andreevmaster.com\/fi\/wp-json\/wp\/v2\/media\/40139"}],"wp:attachment":[{"href":"https:\/\/nordicmart.andreevmaster.com\/fi\/wp-json\/wp\/v2\/media?parent=30937"}],"wp:term":[{"taxonomy":"product_brand","embeddable":true,"href":"https:\/\/nordicmart.andreevmaster.com\/fi\/wp-json\/wp\/v2\/product_brand?post=30937"},{"taxonomy":"product_cat","embeddable":true,"href":"https:\/\/nordicmart.andreevmaster.com\/fi\/wp-json\/wp\/v2\/product_cat?post=30937"},{"taxonomy":"product_tag","embeddable":true,"href":"https:\/\/nordicmart.andreevmaster.com\/fi\/wp-json\/wp\/v2\/product_tag?post=30937"}],"curies":[{"name":"wp","href":"https:\/\/api.w.org\/{rel}","templated":true}]}}