{"id":30936,"date":"2026-02-27T00:11:47","date_gmt":"2026-02-27T00:11:47","guid":{"rendered":"https:\/\/nordicmart.andreevmaster.com\/product\/songmics-suuri-puutarhapoyta-puunvarinen-musta\/"},"modified":"2026-02-27T09:34:58","modified_gmt":"2026-02-27T09:34:58","slug":"songmics-suuri-puutarhapoyta-puunvarinen-musta","status":"publish","type":"product","link":"https:\/\/nordicmart.andreevmaster.com\/fi\/tuote\/songmics-suuri-puutarhapoyta-puunvarinen-musta\/","title":{"rendered":"SONGMICS Suuri puutarhap\u00f6yt\u00e4, puunv\u00e4rinen, musta"},"content":{"rendered":"<p>SONGMICS \u2013 T\u00e4m\u00e4 tuotemerkki ei edusta vain tyylikk\u00e4it\u00e4 ja edullisia sisustustuotteita. Haluamme tarjota sinulle my\u00f6s k\u00e4yt\u00e4nn\u00f6llisi\u00e4, s\u00e4\u00e4nkest\u00e4vi\u00e4 ja vakaita ulkokalusteita, joiden avulla voit nauttia vapaa-ajastasi viel\u00e4kin enemm\u00e4n. Taitettava p\u00f6yt\u00e4 kaikkiin tilanteisiin Jos viet\u00e4t vapaa-aikaasi mielell\u00e4si leirint\u00e4alueella tai puutarhassa, yll\u00e4 esitetty p\u00f6yt\u00e4 on tyylik\u00e4s lis\u00e4 puutarha- tai leirint\u00e4kalusteisiisi. Kokoontaitettava p\u00f6yt\u00e4 kahvalla sopii my\u00f6s t\u00e4ydellisesti kirpputorille, koska se on helppo kuljettaa. Taitettuna joustava retkip\u00f6yt\u00e4 on vain 90 x 75 x 8,6 cm kokoinen, joten se mahtuu sek\u00e4 autosi tavaratilaan ett\u00e4 kellarin tai ullakon nurkkaan.Haluatpa sitten grillata makkaraa ja juoda olutta leirint\u00e4alueella tai myyd\u00e4 vanhoja leluja ja k\u00e4ytettyj\u00e4 kirjoja kirpputorilla, tukeva p\u00f6yt\u00e4levy ja turvalukot takaavat ulkokalusteen korkean vakauden.Katso my\u00f6s t\u00e4h\u00e4n p\u00f6yt\u00e4\u00e4n sopivat SONGMICS-puutarhatuolit! Tuotetiedot: V\u00e4ri: musta Materiaali: P\u00f6yd\u00e4n pinta: HDPE-muovi (korkeatiheyksinen polyeteeni) P\u00f6yd\u00e4n jalat: jauhemaalattu rauta Koko: 180 x 75 x 74 cm (P x L x K) Koko taitettuna: 90 x 75 x 8,6 cm (P x L x K) Paino: 12,5 kg Maks. kantavuus: 70 kg Toimitus sis\u00e4lt\u00e4\u00e4: 1 x taitettava p\u00f6yt\u00e4 1 x ohjeet (DE, EN, FR, ES, IT) SONGMICS-ohjeet: \u00c4l\u00e4 altista tuotetta voimakkaalle auringonvalolle pitk\u00e4ksi aikaa.\u00c4l\u00e4 nosta tai siirr\u00e4 p\u00f6yt\u00e4\u00e4 sen ollessa k\u00e4yt\u00f6ss\u00e4. Se voi taittua tahattomasti, jolloin voit loukkaantua tai esineet voivat pudota.<\/p>\n","protected":false},"excerpt":{"rendered":"<p>SONGMICS taitettava p\u00f6yt\u00e4, iso puutarhap\u00f6yt\u00e4, muovinen puun syykuviointi, taitettava retkip\u00f6yt\u00e4, turvalukko, terassi, matkalaukkup\u00f6yt\u00e4, buffetp\u00f6yt\u00e4, 180 x 75 x 74 cm, musta GPT05BK<\/p>\n","protected":false},"featured_media":40138,"comment_status":"open","ping_status":"closed","template":"","meta":[],"product_brand":[],"product_cat":[32],"product_tag":[],"class_list":{"0":"post-30936","1":"product","2":"type-product","3":"status-publish","4":"has-post-thumbnail","6":"product_cat-uncategorized-fi","8":"first","9":"instock","10":"shipping-taxable","11":"purchasable","12":"product-type-simple"},"_links":{"self":[{"href":"https:\/\/nordicmart.andreevmaster.com\/fi\/wp-json\/wp\/v2\/product\/30936","targetHints":{"allow":["GET"]}}],"collection":[{"href":"https:\/\/nordicmart.andreevmaster.com\/fi\/wp-json\/wp\/v2\/product"}],"about":[{"href":"https:\/\/nordicmart.andreevmaster.com\/fi\/wp-json\/wp\/v2\/types\/product"}],"replies":[{"embeddable":true,"href":"https:\/\/nordicmart.andreevmaster.com\/fi\/wp-json\/wp\/v2\/comments?post=30936"}],"wp:featuredmedia":[{"embeddable":true,"href":"https:\/\/nordicmart.andreevmaster.com\/fi\/wp-json\/wp\/v2\/media\/40138"}],"wp:attachment":[{"href":"https:\/\/nordicmart.andreevmaster.com\/fi\/wp-json\/wp\/v2\/media?parent=30936"}],"wp:term":[{"taxonomy":"product_brand","embeddable":true,"href":"https:\/\/nordicmart.andreevmaster.com\/fi\/wp-json\/wp\/v2\/product_brand?post=30936"},{"taxonomy":"product_cat","embeddable":true,"href":"https:\/\/nordicmart.andreevmaster.com\/fi\/wp-json\/wp\/v2\/product_cat?post=30936"},{"taxonomy":"product_tag","embeddable":true,"href":"https:\/\/nordicmart.andreevmaster.com\/fi\/wp-json\/wp\/v2\/product_tag?post=30936"}],"curies":[{"name":"wp","href":"https:\/\/api.w.org\/{rel}","templated":true}]}}