{"id":30934,"date":"2026-02-27T00:11:46","date_gmt":"2026-02-27T00:11:46","guid":{"rendered":"https:\/\/nordicmart.andreevmaster.com\/product\/songmics-taitettava-poyta-puunvarinen-musta\/"},"modified":"2026-02-27T09:34:58","modified_gmt":"2026-02-27T09:34:58","slug":"songmics-taitettava-poyta-puunvarinen-musta","status":"publish","type":"product","link":"https:\/\/nordicmart.andreevmaster.com\/fi\/tuote\/songmics-taitettava-poyta-puunvarinen-musta\/","title":{"rendered":"SONGMICS taitettava p\u00f6yt\u00e4, puunv\u00e4rinen, musta"},"content":{"rendered":"<p>Tuotekuvaus: SONGMICS \u2013 T\u00e4m\u00e4 tuotemerkki ei edusta vain tyylikk\u00e4it\u00e4 ja edullisia sisustustuotteita. Haluamme tarjota sinulle my\u00f6s k\u00e4yt\u00e4nn\u00f6llisi\u00e4, s\u00e4\u00e4nkest\u00e4vi\u00e4 ja tukevia ulkokalusteita, joiden avulla voit nauttia vapaa-ajastasi viel\u00e4kin enemm\u00e4n.Kokoontaitettava p\u00f6yt\u00e4 kaikkiin tilanteisiin &#8211; Jos viet\u00e4t vapaa-aikaasi mielell\u00e4si leirint\u00e4alueella tai puutarhassa, yll\u00e4 esitetty p\u00f6yt\u00e4 on k\u00e4yt\u00e4nn\u00f6llinen lis\u00e4 puutarha- tai leirint\u00e4m\u00f6\u00f6teisiisi, ja se on helppo kuljettaa. Kokoontaitettuna joustava retkip\u00f6yt\u00e4 on vain 9 cm leve\u00e4, joten se mahtuu sek\u00e4 autosi tavaratilaan ett\u00e4 kellarin tai ullakon nurkkaan.Haluatpa sitten grillata makkaraa ja juoda olutta leirint\u00e4alueella tai asettaa kauniin ruukkukasvin ja kahvikupin p\u00f6yd\u00e4lle parvekkeella, t\u00e4m\u00e4n ulkokalusteen vakauden takaavat tukevat rautajalat, turvalukko ja kavionmuotoiset jalat.Katso my\u00f6s t\u00e4h\u00e4n p\u00f6yt\u00e4\u00e4n sopivat SONGMICS-puutarhatuolit! Tuotetiedot: V\u00e4ri: musta Materiaali: p\u00f6yd\u00e4n pinta: HDPE-muovi (korkeatiheyksinen polyeteeni) p\u00f6yd\u00e4n jalat: jauhemaalattu rauta Koko: 62 x 62 x 73 cm (P x L x K)Kokoontaitettuna: 94,5 x 62 x 9 cm (P x L x K) Paino: 5,5 kg Maks. kantavuus: 60 kg Toimitus sis\u00e4lt\u00e4\u00e4: 1 x taitettava p\u00f6yt\u00e4 1 x ohjeet (DE, EN, FR, ES, IT) SONGMICS-ohjeet: \u00c4l\u00e4 altista tuotetta voimakkaalle auringonvalolle pitk\u00e4ksi aikaa.\u00c4l\u00e4 nosta tai siirr\u00e4 p\u00f6yt\u00e4\u00e4 sen k\u00e4yt\u00f6n aikana. Se voi taittua tahattomasti, jolloin voit loukkaantua tai esineet voivat pudota.<\/p>\n","protected":false},"excerpt":{"rendered":"<p>SONGMICS taitettava p\u00f6yt\u00e4, pieni puutarhap\u00f6yt\u00e4, muovinen puun syykuviointi, vedenkest\u00e4v\u00e4, tukevat rautajalat, kavionmuotoiset jalat, turvalukko, 62 x 62 x 73 cm, musta GPT04BK<\/p>\n","protected":false},"featured_media":40136,"comment_status":"open","ping_status":"closed","template":"","meta":[],"product_brand":[],"product_cat":[32],"product_tag":[],"class_list":{"0":"post-30934","1":"product","2":"type-product","3":"status-publish","4":"has-post-thumbnail","6":"product_cat-uncategorized-fi","8":"first","9":"instock","10":"shipping-taxable","11":"purchasable","12":"product-type-simple"},"_links":{"self":[{"href":"https:\/\/nordicmart.andreevmaster.com\/fi\/wp-json\/wp\/v2\/product\/30934","targetHints":{"allow":["GET"]}}],"collection":[{"href":"https:\/\/nordicmart.andreevmaster.com\/fi\/wp-json\/wp\/v2\/product"}],"about":[{"href":"https:\/\/nordicmart.andreevmaster.com\/fi\/wp-json\/wp\/v2\/types\/product"}],"replies":[{"embeddable":true,"href":"https:\/\/nordicmart.andreevmaster.com\/fi\/wp-json\/wp\/v2\/comments?post=30934"}],"wp:featuredmedia":[{"embeddable":true,"href":"https:\/\/nordicmart.andreevmaster.com\/fi\/wp-json\/wp\/v2\/media\/40136"}],"wp:attachment":[{"href":"https:\/\/nordicmart.andreevmaster.com\/fi\/wp-json\/wp\/v2\/media?parent=30934"}],"wp:term":[{"taxonomy":"product_brand","embeddable":true,"href":"https:\/\/nordicmart.andreevmaster.com\/fi\/wp-json\/wp\/v2\/product_brand?post=30934"},{"taxonomy":"product_cat","embeddable":true,"href":"https:\/\/nordicmart.andreevmaster.com\/fi\/wp-json\/wp\/v2\/product_cat?post=30934"},{"taxonomy":"product_tag","embeddable":true,"href":"https:\/\/nordicmart.andreevmaster.com\/fi\/wp-json\/wp\/v2\/product_tag?post=30934"}],"curies":[{"name":"wp","href":"https:\/\/api.w.org\/{rel}","templated":true}]}}