{"id":30931,"date":"2026-02-27T00:11:46","date_gmt":"2026-02-27T00:11:46","guid":{"rendered":"https:\/\/nordicmart.andreevmaster.com\/product\/songmics-pukuhuone-190-cm-sininen\/"},"modified":"2026-02-27T09:34:57","modified_gmt":"2026-02-27T09:34:57","slug":"songmics-pukuhuone-190-cm-sininen","status":"publish","type":"product","link":"https:\/\/nordicmart.andreevmaster.com\/fi\/tuote\/songmics-pukuhuone-190-cm-sininen\/","title":{"rendered":"SONGMICS pukuhuone 190 cm sininen"},"content":{"rendered":"<p>SONGMICS pop-up-teltta tarjoaa t\u00e4ydellisen n\u00e4k\u00f6suojan. Kevyt teltta on valmistettu 190 T:n vedenpit\u00e4v\u00e4st\u00e4 polyesterist\u00e4 ja eritt\u00e4in joustavasta litte\u00e4st\u00e4 ter\u00e4slangasta. Se on helppo taittaa kokoon ja on paras valinta seuraavalle retkellesi. Nauti asiakaskeskeisist\u00e4 yksityiskohdista, kuten sivutaskut, pyykkinaru, koukut, ikkunat ja katto verkkokankaasta, UV-kest\u00e4v\u00e4 pinnoite, irrotettava alusta ja rullattava ovi. Nelj\u00e4n mukana toimitetun narun ansiosta voit k\u00e4ytt\u00e4\u00e4 pukuhuonetta tuulisella s\u00e4\u00e4ll\u00e4. Kun et k\u00e4yt\u00e4 telttaa, voit taittaa sen kokoon ja pakata kantolaukkuun. Tuotetiedot: V\u00e4ri: sininen Materiaali: polyesteri, hopeapinnoite (sis\u00e4pinta), litte\u00e4 ter\u00e4slanka, verkkokangas Koko avattuna: 120 x 120 x 190 cm (P x L x K) Koko taitettuna: Halkaisija 60 cm, paksuus 6 cm Paino: 2,15 kg Toimitus sis\u00e4lt\u00e4\u00e4: 1 x pop-up-teltta 1 x ohjeet (DE, EN, FR, ES, IT) SONGMICS-ohjeet: Pid\u00e4 tuote poissa avotulesta ja syttymisl\u00e4hteist\u00e4. Avaa teltta tilavassa paikassa, jotta v\u00e4lt\u00e4t loukkaantumiset, jotka voivat aiheutua teltan \u00e4killisest\u00e4 avautumisesta.Harjoittele teltan avaamista ennen k\u00e4ytt\u00f6\u00e4.<\/p>\n","protected":false},"excerpt":{"rendered":"<p>SONGMICS retkeilypukuhuone, ulkoilu, yksityisyys, pop-up-teltta, vedenpit\u00e4v\u00e4 ja kannettava, sininen GPT01BU<\/p>\n","protected":false},"featured_media":40133,"comment_status":"open","ping_status":"closed","template":"","meta":[],"product_brand":[],"product_cat":[32],"product_tag":[],"class_list":{"0":"post-30931","1":"product","2":"type-product","3":"status-publish","4":"has-post-thumbnail","6":"product_cat-uncategorized-fi","8":"first","9":"instock","10":"shipping-taxable","11":"purchasable","12":"product-type-simple"},"_links":{"self":[{"href":"https:\/\/nordicmart.andreevmaster.com\/fi\/wp-json\/wp\/v2\/product\/30931","targetHints":{"allow":["GET"]}}],"collection":[{"href":"https:\/\/nordicmart.andreevmaster.com\/fi\/wp-json\/wp\/v2\/product"}],"about":[{"href":"https:\/\/nordicmart.andreevmaster.com\/fi\/wp-json\/wp\/v2\/types\/product"}],"replies":[{"embeddable":true,"href":"https:\/\/nordicmart.andreevmaster.com\/fi\/wp-json\/wp\/v2\/comments?post=30931"}],"wp:featuredmedia":[{"embeddable":true,"href":"https:\/\/nordicmart.andreevmaster.com\/fi\/wp-json\/wp\/v2\/media\/40133"}],"wp:attachment":[{"href":"https:\/\/nordicmart.andreevmaster.com\/fi\/wp-json\/wp\/v2\/media?parent=30931"}],"wp:term":[{"taxonomy":"product_brand","embeddable":true,"href":"https:\/\/nordicmart.andreevmaster.com\/fi\/wp-json\/wp\/v2\/product_brand?post=30931"},{"taxonomy":"product_cat","embeddable":true,"href":"https:\/\/nordicmart.andreevmaster.com\/fi\/wp-json\/wp\/v2\/product_cat?post=30931"},{"taxonomy":"product_tag","embeddable":true,"href":"https:\/\/nordicmart.andreevmaster.com\/fi\/wp-json\/wp\/v2\/product_tag?post=30931"}],"curies":[{"name":"wp","href":"https:\/\/api.w.org\/{rel}","templated":true}]}}