{"id":30928,"date":"2026-02-27T00:11:45","date_gmt":"2026-02-27T00:11:45","guid":{"rendered":"https:\/\/nordicmart.andreevmaster.com\/product\/songmics-nakosuojanauha-40-m-vihrea\/"},"modified":"2026-02-27T09:34:57","modified_gmt":"2026-02-27T09:34:57","slug":"songmics-nakosuojanauha-40-m-vihrea","status":"publish","type":"product","link":"https:\/\/nordicmart.andreevmaster.com\/fi\/tuote\/songmics-nakosuojanauha-40-m-vihrea\/","title":{"rendered":"SONGMICS n\u00e4k\u00f6suojanauha 40 m vihre\u00e4"},"content":{"rendered":"<p>Tuntuuko sinusta usein, ett\u00e4 parvekkeesi tai puutarhasi on kuin n\u00e4yteikkuna, johon naapurit ja ohikulkijat voivat helposti kurkistaa? T\u00e4m\u00e4 SONGMICS-aita suojaa henkil\u00f6kohtaista tilaasi muiden katseilta ja on klassisen v\u00e4rins\u00e4 ansiosta my\u00f6s erityisen kaunis.Tyydytt\u00e4v\u00e4 laatu: T\u00e4m\u00e4 n\u00e4k\u00f6suojanauha on valmistettu kest\u00e4v\u00e4st\u00e4 PVC:st\u00e4 (450 g\/m\u00b2) ja on suunniteltu pitk\u00e4aikaiseen k\u00e4ytt\u00f6\u00f6n. Se on rep\u00e4isyluja ja v\u00e4rinkest\u00e4v\u00e4. Se kest\u00e4\u00e4 my\u00f6s UV-s\u00e4teily\u00e4 ja likaa. \u00c4lyk\u00e4s sijoitus: Koska t\u00e4m\u00e4 aidan peite est\u00e4\u00e4 tehokkaasti valon, se voi my\u00f6s suojata parvekkeen huonekaluja, lattiaa ja kasveja voimakkaalta auringonvalolta. N\u00e4in s\u00e4\u00e4st\u00e4t rahaa ja aikaa puutarhatarvikkeiden huollossa ja korjauksessa. Muuta puutarhasi, parvekkeesi tai terassisi SONGMICS-aita-peitteell\u00e4 rauhalliseksi rentoutumispaikaksi! Tuotetiedot:V\u00e4ri: Vihre\u00e4 Materiaali: PVC Pituus: 40 m Leveys: 19 cm Paksuus: 0,4 mm Paino neli\u00f6metri\u00e4 kohti: 450 g\/m\u00b2 Toimitus sis\u00e4lt\u00e4\u00e4: 1 x PVC-n\u00e4k\u00f6este 25 x kiinnitysklipsi SONGMICS-ohjeet: PVC-n\u00e4k\u00f6este kudotaan ritil\u00e4aitaan. Mittaa aidan silm\u00e4koko ennen ostamista varmistaaksesi, ett\u00e4 t\u00e4m\u00e4 tuote sopii tarpeisiisi. Varmista ennen n\u00e4k\u00f6suojanauhan asentamista, ett\u00e4 aita on riitt\u00e4v\u00e4n tukevasti kiinnitetty kest\u00e4m\u00e4\u00e4n my\u00f6s voimakkaita tuulenpuuskia. N\u00e4k\u00f6suojanauha lis\u00e4\u00e4 tuulen iskualuetta.<\/p>\n","protected":false},"excerpt":{"rendered":"<p>SONGMICS PVC-n\u00e4k\u00f6este, aidan kalvo 40 m x 19 cm, erityisen paksu ja l\u00e4pin\u00e4kym\u00e4t\u00f6n, 25 kiinnitysklipsi\u00e4, vihre\u00e4 GPJ040L<\/p>\n","protected":false},"featured_media":40130,"comment_status":"open","ping_status":"closed","template":"","meta":[],"product_brand":[],"product_cat":[32],"product_tag":[],"class_list":{"0":"post-30928","1":"product","2":"type-product","3":"status-publish","4":"has-post-thumbnail","6":"product_cat-uncategorized-fi","8":"first","9":"instock","10":"shipping-taxable","11":"purchasable","12":"product-type-simple"},"_links":{"self":[{"href":"https:\/\/nordicmart.andreevmaster.com\/fi\/wp-json\/wp\/v2\/product\/30928","targetHints":{"allow":["GET"]}}],"collection":[{"href":"https:\/\/nordicmart.andreevmaster.com\/fi\/wp-json\/wp\/v2\/product"}],"about":[{"href":"https:\/\/nordicmart.andreevmaster.com\/fi\/wp-json\/wp\/v2\/types\/product"}],"replies":[{"embeddable":true,"href":"https:\/\/nordicmart.andreevmaster.com\/fi\/wp-json\/wp\/v2\/comments?post=30928"}],"wp:featuredmedia":[{"embeddable":true,"href":"https:\/\/nordicmart.andreevmaster.com\/fi\/wp-json\/wp\/v2\/media\/40130"}],"wp:attachment":[{"href":"https:\/\/nordicmart.andreevmaster.com\/fi\/wp-json\/wp\/v2\/media?parent=30928"}],"wp:term":[{"taxonomy":"product_brand","embeddable":true,"href":"https:\/\/nordicmart.andreevmaster.com\/fi\/wp-json\/wp\/v2\/product_brand?post=30928"},{"taxonomy":"product_cat","embeddable":true,"href":"https:\/\/nordicmart.andreevmaster.com\/fi\/wp-json\/wp\/v2\/product_cat?post=30928"},{"taxonomy":"product_tag","embeddable":true,"href":"https:\/\/nordicmart.andreevmaster.com\/fi\/wp-json\/wp\/v2\/product_tag?post=30928"}],"curies":[{"name":"wp","href":"https:\/\/api.w.org\/{rel}","templated":true}]}}