{"id":30926,"date":"2026-02-27T00:11:45","date_gmt":"2026-02-27T00:11:45","guid":{"rendered":"https:\/\/nordicmart.andreevmaster.com\/product\/songmics-pvc-nakoesteet-aidan-kalvo-erityisen-paksu-antrasiitti\/"},"modified":"2026-02-27T09:34:56","modified_gmt":"2026-02-27T09:34:56","slug":"songmics-pvc-nakoesteet-aidan-kalvo-erityisen-paksu-antrasiitti","status":"publish","type":"product","link":"https:\/\/nordicmart.andreevmaster.com\/fi\/tuote\/songmics-pvc-nakoesteet-aidan-kalvo-erityisen-paksu-antrasiitti\/","title":{"rendered":"SONGMICS PVC-n\u00e4k\u00f6esteet aidan kalvo, erityisen paksu, antrasiitti"},"content":{"rendered":"<p>SONGMICS PVC-n\u00e4k\u00f6este, aidan kalvo 40 m x 19 cm, erityisen paksu ja l\u00e4pin\u00e4kym\u00e4t\u00f6n, 25 kiinnitysklipsi\u00e4, vihre\u00e4 GPJ040L<br \/>\n&#8211; V\u00e4ri: antrasiitti<br \/>\n&#8211; Materiaali: PVC<br \/>\n&#8211; Pituus: 35 m<br \/>\n&#8211; Leveys: 19 cm<br \/>\n&#8211; Paksuus: 0,4 mm<br \/>\n&#8211; Paino neli\u00f6metri\u00e4 kohti: 450 g\/m\u00b2<\/p>\n","protected":false},"excerpt":{"rendered":"<p>SONGMICS PVC-n\u00e4k\u00f6este, aidan kalvo 40 m x 19 cm, erityisen paksu ja l\u00e4pin\u00e4kym\u00e4t\u00f6n, 25 kiinnitysklipsi\u00e4, vihre\u00e4 GPJ040L<\/p>\n","protected":false},"featured_media":40128,"comment_status":"open","ping_status":"closed","template":"","meta":[],"product_brand":[],"product_cat":[32],"product_tag":[],"class_list":{"0":"post-30926","1":"product","2":"type-product","3":"status-publish","4":"has-post-thumbnail","6":"product_cat-uncategorized-fi","8":"first","9":"instock","10":"shipping-taxable","11":"purchasable","12":"product-type-simple"},"_links":{"self":[{"href":"https:\/\/nordicmart.andreevmaster.com\/fi\/wp-json\/wp\/v2\/product\/30926","targetHints":{"allow":["GET"]}}],"collection":[{"href":"https:\/\/nordicmart.andreevmaster.com\/fi\/wp-json\/wp\/v2\/product"}],"about":[{"href":"https:\/\/nordicmart.andreevmaster.com\/fi\/wp-json\/wp\/v2\/types\/product"}],"replies":[{"embeddable":true,"href":"https:\/\/nordicmart.andreevmaster.com\/fi\/wp-json\/wp\/v2\/comments?post=30926"}],"wp:featuredmedia":[{"embeddable":true,"href":"https:\/\/nordicmart.andreevmaster.com\/fi\/wp-json\/wp\/v2\/media\/40128"}],"wp:attachment":[{"href":"https:\/\/nordicmart.andreevmaster.com\/fi\/wp-json\/wp\/v2\/media?parent=30926"}],"wp:term":[{"taxonomy":"product_brand","embeddable":true,"href":"https:\/\/nordicmart.andreevmaster.com\/fi\/wp-json\/wp\/v2\/product_brand?post=30926"},{"taxonomy":"product_cat","embeddable":true,"href":"https:\/\/nordicmart.andreevmaster.com\/fi\/wp-json\/wp\/v2\/product_cat?post=30926"},{"taxonomy":"product_tag","embeddable":true,"href":"https:\/\/nordicmart.andreevmaster.com\/fi\/wp-json\/wp\/v2\/product_tag?post=30926"}],"curies":[{"name":"wp","href":"https:\/\/api.w.org\/{rel}","templated":true}]}}