{"id":30923,"date":"2026-02-27T00:11:44","date_gmt":"2026-02-27T00:11:44","guid":{"rendered":"https:\/\/nordicmart.andreevmaster.com\/product\/songmics-pvc-nakoeste-100-x-500-cm-harmaa\/"},"modified":"2026-02-27T09:34:56","modified_gmt":"2026-02-27T09:34:56","slug":"songmics-pvc-nakoeste-100-x-500-cm-harmaa","status":"publish","type":"product","link":"https:\/\/nordicmart.andreevmaster.com\/fi\/tuote\/songmics-pvc-nakoeste-100-x-500-cm-harmaa\/","title":{"rendered":"SONGMICS PVC-n\u00e4k\u00f6este 100 x 500 cm harmaa"},"content":{"rendered":"<p>Haluatko luoda puutarhaan erillisen alueen, jossa voit rentoutua kuumina kes\u00e4kuukausina ilman h\u00e4iritsevi\u00e4 katseita? Silloin t\u00e4m\u00e4 SONGMICS-n\u00e4k\u00f6este on t\u00e4ydellinen ratkaisu! Suoja ja koriste: T\u00e4m\u00e4n suojan avulla voit luoda rauhan keitaan. PVC-materiaalista valmistettu suoja est\u00e4\u00e4 tehokkaasti auringonvalon ja suojaa yksityisyytt\u00e4si. Lis\u00e4ksi t\u00e4m\u00e4 matto on kaunis peite vanhentuneelle puutarha-aidallesi. Monipuolinen k\u00e4ytt\u00f6: T\u00e4m\u00e4 s\u00e4\u00e4nkest\u00e4v\u00e4 n\u00e4k\u00f6suoja sopii paitsi parvekkeellesi my\u00f6s uima-allasalueellesi tai puutarhaan. Voit kiinnitt\u00e4\u00e4 sen puu- tai metalliaitaan, pylv\u00e4isiin tai muihin esineisiin. Parannettu laatu Putken vahvistava v\u00e4lisein\u00e4 antaa t\u00e4lle n\u00e4k\u00f6suojalle lis\u00e4\u00e4 vakautta. Laadukkaat lis\u00e4varusteet Toimitamme 26 metallista nippusidett\u00e4 ja kiinnikett\u00e4, jotta voit asentaa t\u00e4m\u00e4n n\u00e4k\u00f6suojamaton nopeasti. Klipsit on suositeltavaa kiinnitt\u00e4\u00e4 50 cm:n v\u00e4lein tasaisin pituus- ja korkeusv\u00e4lein. Voidaan lyhent\u00e4\u00e4 pituussuunnassa Voit lyhent\u00e4\u00e4 n\u00e4k\u00f6suojamattoa pituussuunnassa tarpeen mukaan. Leikkaamisen j\u00e4lkeen langat on solmittava ja muutama lamelli on liimattava yhteen, jotta n\u00e4k\u00f6suoja ei hajoa.<\/p>\n","protected":false},"excerpt":{"rendered":"<p>SONGMICS PVC-n\u00e4k\u00f6este, 4 x 1 m (P x L), parvekkeen verhoilu, n\u00e4k\u00f6suojamatto, parvekkeen reunus, vahvistetulla s\u00e4leik\u00f6ll\u00e4 varustettu suojus, puutarha, parveke, terassi, ulkok\u00e4ytt\u00f6, harmaa GPF104G<\/p>\n","protected":false},"featured_media":40126,"comment_status":"open","ping_status":"closed","template":"","meta":[],"product_brand":[],"product_cat":[32],"product_tag":[],"class_list":{"0":"post-30923","1":"product","2":"type-product","3":"status-publish","4":"has-post-thumbnail","6":"product_cat-uncategorized-fi","8":"first","9":"instock","10":"shipping-taxable","11":"purchasable","12":"product-type-simple"},"_links":{"self":[{"href":"https:\/\/nordicmart.andreevmaster.com\/fi\/wp-json\/wp\/v2\/product\/30923","targetHints":{"allow":["GET"]}}],"collection":[{"href":"https:\/\/nordicmart.andreevmaster.com\/fi\/wp-json\/wp\/v2\/product"}],"about":[{"href":"https:\/\/nordicmart.andreevmaster.com\/fi\/wp-json\/wp\/v2\/types\/product"}],"replies":[{"embeddable":true,"href":"https:\/\/nordicmart.andreevmaster.com\/fi\/wp-json\/wp\/v2\/comments?post=30923"}],"wp:featuredmedia":[{"embeddable":true,"href":"https:\/\/nordicmart.andreevmaster.com\/fi\/wp-json\/wp\/v2\/media\/40126"}],"wp:attachment":[{"href":"https:\/\/nordicmart.andreevmaster.com\/fi\/wp-json\/wp\/v2\/media?parent=30923"}],"wp:term":[{"taxonomy":"product_brand","embeddable":true,"href":"https:\/\/nordicmart.andreevmaster.com\/fi\/wp-json\/wp\/v2\/product_brand?post=30923"},{"taxonomy":"product_cat","embeddable":true,"href":"https:\/\/nordicmart.andreevmaster.com\/fi\/wp-json\/wp\/v2\/product_cat?post=30923"},{"taxonomy":"product_tag","embeddable":true,"href":"https:\/\/nordicmart.andreevmaster.com\/fi\/wp-json\/wp\/v2\/product_tag?post=30923"}],"curies":[{"name":"wp","href":"https:\/\/api.w.org\/{rel}","templated":true}]}}