{"id":30920,"date":"2026-02-27T00:11:44","date_gmt":"2026-02-27T00:11:44","guid":{"rendered":"https:\/\/nordicmart.andreevmaster.com\/product\/pvc-privatlivsskaerm-90-x-500-cm-gra-2\/"},"modified":"2026-02-27T09:34:56","modified_gmt":"2026-02-27T09:34:56","slug":"pvc-privatlivsskaerm-90-x-500-cm-gra-2","status":"publish","type":"product","link":"https:\/\/nordicmart.andreevmaster.com\/fi\/tuote\/pvc-privatlivsskaerm-90-x-500-cm-gra-2\/","title":{"rendered":"PVC-privatlivssk\u00e6rm 90 x 500 cm gr\u00e5"},"content":{"rendered":"<p>Haluatko luoda puutarhaan rauhallisen alueen, jossa voit rentoutua l\u00e4mpimin\u00e4 kes\u00e4kuukausina ilman uteliaita katseita? SONGMICSin yksityisyydensuoja on t\u00e4ydellinen ratkaisu! T\u00e4ll\u00e4 suojalla voit luoda rauhan keitaan. Se on valmistettu PVC:st\u00e4 ja est\u00e4\u00e4 tehokkaasti auringonvalon sek\u00e4 suojaa yksityisyytt\u00e4si. Lis\u00e4ksi t\u00e4m\u00e4 suoja on kaunis peite ik\u00e4\u00e4ntyv\u00e4lle puutarha-aidallesi. Monipuolinen k\u00e4ytt\u00f6: T\u00e4m\u00e4 s\u00e4\u00e4nkest\u00e4v\u00e4 suoja sopii paitsi parvekkeellesi my\u00f6s uima-allasalueellesi tai puutarhaan. Voit kiinnitt\u00e4\u00e4 sen puu- tai metalliaitaan sek\u00e4 pylv\u00e4isiin tai muihin esineisiin. Yksityiskohdat: Parannettu laatu Putken vahvistava v\u00e4lisein\u00e4 antaa t\u00e4lle yksityisyydensuojalle lis\u00e4\u00e4 vakautta. Laadukkaat lis\u00e4varusteet Annamme sinulle 26 metallista kaapelikiinnikett\u00e4 ja pidikett\u00e4, jotta voit asentaa t\u00e4m\u00e4n yksityisyydensuojan nopeasti. On suositeltavaa kiinnitt\u00e4\u00e4 kiinnikkeet 50 cm:n v\u00e4lein tasaisin v\u00e4lein pituussuunnassa ja korkeussuunnassa. Voidaan lyhent\u00e4\u00e4 pituussuunnassa Voit lyhent\u00e4\u00e4 suojamattojen pituutta tarpeen mukaan. Kun olet leikannut langat, sido ne yhteen ja liimaa muutama lamelli yhteen liimalla, jotta suojaus ei nouse yl\u00f6s.<\/p>\n","protected":false},"excerpt":{"rendered":"<p>Haluatko luoda puutarhaan rauhallisen alueen, jossa voit rentoutua l\u00e4mpimin\u00e4 kes\u00e4kuukausina ilman uteliaita katseita? SONGMICSin yksityisyydensuoja on t\u00e4ydellinen ratkaisu! T\u00e4ll\u00e4 suojalla voit luoda rauhan keitaan. Se on valmistettu PVC:st\u00e4 ja est\u00e4\u00e4 tehokkaasti auringonvalon sek\u00e4 suojaa yksityisyytt\u00e4si. Lis\u00e4ksi t\u00e4m\u00e4 suoja on kaunis peite ik\u00e4\u00e4ntyv\u00e4lle puutarha-aidallesi. Monipuolinen k\u00e4ytt\u00f6: T\u00e4m\u00e4 s\u00e4\u00e4nkest\u00e4v\u00e4 suoja sopii paitsi parvekkeellesi my\u00f6s uima-allasalueellesi tai puutarhaan. [&hellip;]<\/p>\n","protected":false},"featured_media":0,"comment_status":"open","ping_status":"closed","template":"","meta":[],"product_brand":[],"product_cat":[32],"product_tag":[],"class_list":{"0":"post-30920","1":"product","2":"type-product","3":"status-publish","5":"product_cat-uncategorized-fi","7":"first","8":"instock","9":"shipping-taxable","10":"product-type-simple"},"_links":{"self":[{"href":"https:\/\/nordicmart.andreevmaster.com\/fi\/wp-json\/wp\/v2\/product\/30920","targetHints":{"allow":["GET"]}}],"collection":[{"href":"https:\/\/nordicmart.andreevmaster.com\/fi\/wp-json\/wp\/v2\/product"}],"about":[{"href":"https:\/\/nordicmart.andreevmaster.com\/fi\/wp-json\/wp\/v2\/types\/product"}],"replies":[{"embeddable":true,"href":"https:\/\/nordicmart.andreevmaster.com\/fi\/wp-json\/wp\/v2\/comments?post=30920"}],"wp:attachment":[{"href":"https:\/\/nordicmart.andreevmaster.com\/fi\/wp-json\/wp\/v2\/media?parent=30920"}],"wp:term":[{"taxonomy":"product_brand","embeddable":true,"href":"https:\/\/nordicmart.andreevmaster.com\/fi\/wp-json\/wp\/v2\/product_brand?post=30920"},{"taxonomy":"product_cat","embeddable":true,"href":"https:\/\/nordicmart.andreevmaster.com\/fi\/wp-json\/wp\/v2\/product_cat?post=30920"},{"taxonomy":"product_tag","embeddable":true,"href":"https:\/\/nordicmart.andreevmaster.com\/fi\/wp-json\/wp\/v2\/product_tag?post=30920"}],"curies":[{"name":"wp","href":"https:\/\/api.w.org\/{rel}","templated":true}]}}