{"id":30918,"date":"2026-02-27T00:11:43","date_gmt":"2026-02-27T00:11:43","guid":{"rendered":"https:\/\/nordicmart.andreevmaster.com\/product\/songmics-c-80-x-500-cm-harmaa\/"},"modified":"2026-02-27T09:34:55","modified_gmt":"2026-02-27T09:34:55","slug":"songmics-c-80-x-500-cm-harmaa","status":"publish","type":"product","link":"https:\/\/nordicmart.andreevmaster.com\/fi\/tuote\/songmics-c-80-x-500-cm-harmaa\/","title":{"rendered":"SONGMICS c 80 x 500 cm harmaa"},"content":{"rendered":"<p>Haittaako naapureiden katseet? Songmics-n\u00e4k\u00f6esteaitaus parvekkeelle, terassille ja puutarhaan auttaa sinua palauttamaan yksityisyytesi. Lis\u00e4ksi se est\u00e4\u00e4 voimakkaan auringonvalon anti-UV-materiaalin \u2013 PVC:n \u2013 ansiosta, joten voit nauttia kauniista kes\u00e4st\u00e4 puutarhassa tai parvekkeella. Huomautukset: &#8211; Asenna Songmics PVC-n\u00e4k\u00f6este aidan ohjeiden mukaisesti. &#8211; N\u00e4k\u00f6esteet on asennettava aidalle tai vastaavalle taustalle. Muuten on vaarana, ett\u00e4 tuuli taivuttaa n\u00e4k\u00f6esteet. &#8211; Kiinnit\u00e4 PVC-n\u00e4k\u00f6este aidan mukana toimitetulla kiinnityssarjalla. Suosittelemme kiinnitt\u00e4m\u00e4\u00e4n useita kiinnityssarjoja 50 cm:n v\u00e4lein korkeudelle ja leveydelle. Tuotetiedot: &#8211; Materiaali: PVC-lamellit: 14 mm leve\u00e4t &#8211; Paksuus: 0,45 mm &#8211; Paino: 1,35 kg\/m\u00b2 Toimitus sis\u00e4lt\u00e4\u00e4: &#8211; 1x PVC-n\u00e4k\u00f6este &#8211; 1x kiinnityssarja &#8211; 1x ohjeet<\/p>\n","protected":false},"excerpt":{"rendered":"<p>SONGMICS PVC-n\u00e4k\u00f6este, 5 x 0,8 m (P x L), parvekkeen verhoilu, n\u00e4k\u00f6este, parvekkeen reunus, vahvistetut s\u00e4leet, puutarha, parveke, terassi, ulkok\u00e4ytt\u00f6, harmaa GPF085G<\/p>\n","protected":false},"featured_media":40122,"comment_status":"open","ping_status":"closed","template":"","meta":[],"product_brand":[],"product_cat":[32],"product_tag":[],"class_list":{"0":"post-30918","1":"product","2":"type-product","3":"status-publish","4":"has-post-thumbnail","6":"product_cat-uncategorized-fi","8":"first","9":"instock","10":"shipping-taxable","11":"purchasable","12":"product-type-simple"},"_links":{"self":[{"href":"https:\/\/nordicmart.andreevmaster.com\/fi\/wp-json\/wp\/v2\/product\/30918","targetHints":{"allow":["GET"]}}],"collection":[{"href":"https:\/\/nordicmart.andreevmaster.com\/fi\/wp-json\/wp\/v2\/product"}],"about":[{"href":"https:\/\/nordicmart.andreevmaster.com\/fi\/wp-json\/wp\/v2\/types\/product"}],"replies":[{"embeddable":true,"href":"https:\/\/nordicmart.andreevmaster.com\/fi\/wp-json\/wp\/v2\/comments?post=30918"}],"wp:featuredmedia":[{"embeddable":true,"href":"https:\/\/nordicmart.andreevmaster.com\/fi\/wp-json\/wp\/v2\/media\/40122"}],"wp:attachment":[{"href":"https:\/\/nordicmart.andreevmaster.com\/fi\/wp-json\/wp\/v2\/media?parent=30918"}],"wp:term":[{"taxonomy":"product_brand","embeddable":true,"href":"https:\/\/nordicmart.andreevmaster.com\/fi\/wp-json\/wp\/v2\/product_brand?post=30918"},{"taxonomy":"product_cat","embeddable":true,"href":"https:\/\/nordicmart.andreevmaster.com\/fi\/wp-json\/wp\/v2\/product_cat?post=30918"},{"taxonomy":"product_tag","embeddable":true,"href":"https:\/\/nordicmart.andreevmaster.com\/fi\/wp-json\/wp\/v2\/product_tag?post=30918"}],"curies":[{"name":"wp","href":"https:\/\/api.w.org\/{rel}","templated":true}]}}