{"id":30914,"date":"2026-02-27T00:11:42","date_gmt":"2026-02-27T00:11:42","guid":{"rendered":"https:\/\/nordicmart.andreevmaster.com\/product\/lasten-vuodevaatteet-gooses-tales-puuvilla-100x135-cm\/"},"modified":"2026-02-27T09:34:55","modified_gmt":"2026-02-27T09:34:55","slug":"lasten-vuodevaatteet-gooses-tales-puuvilla-100x135-cm","status":"publish","type":"product","link":"https:\/\/nordicmart.andreevmaster.com\/fi\/tuote\/lasten-vuodevaatteet-gooses-tales-puuvilla-100x135-cm\/","title":{"rendered":"Lasten vuodevaatteet &#8221;Gooses Tales&#8221; puuvilla 100&#215;135 cm"},"content":{"rendered":"<p>Vuodevaatteet on valmistettu 100 % korkealaatuisesta puuvillasta, jolla on OEKO-TEX Standard 100 -sertifikaatti, mik\u00e4 takaa poikkeuksellisen mukavuuden ja kest\u00e4vyyden. Kangas on pehme\u00e4\u00e4 mutta kulutusta kest\u00e4v\u00e4\u00e4, mik\u00e4 takaa pitk\u00e4n k\u00e4ytt\u00f6i\u00e4n. Sarja sis\u00e4lt\u00e4\u00e4 tyynyliinan ja pussilakanan, ilman t\u00e4ytett\u00e4. <\/p>\n<p>T\u00e4ss\u00e4 vuodevaatteessa k\u00e4ytetty puuvilla on luonnollinen, ihoyst\u00e4v\u00e4llinen materiaali. Sen hengitt\u00e4vyys takaa mukavuuden koko y\u00f6n ajan. Se on kest\u00e4v\u00e4\u00e4, pehmenee jokaisella pesulla ja on helppohoitoista. OEKO-TEX Standard 100 -sertifikaatti takaa, ett\u00e4 puuvilla on vapaa haitallisista aineista. <\/p>\n<p>Puolan huolella valmistetut vuodevaatteet on pakattu k\u00e4yt\u00e4nn\u00f6lliseen puuvillapussiin, jossa on sama kuosi, joten se sopii erinomaisesti lasten pienten tavaroiden s\u00e4ilytykseen. Se on t\u00e4ydellinen valinta vauvakutsuille, syntym\u00e4p\u00e4iville tai muille erityistilaisuuksille. <\/p>\n<p>Yksityiskohdat: <\/p>\n<p>-P\u00e4\u00e4lliset on valmistettu korkealaatuisesta puuvillakankaasta <\/p>\n<p>-Painettu kuvio ei haalistu, vaikka se pest\u00e4\u00e4n useita kertoja <\/p>\n<p>-Sopii t\u00e4ydellisesti vauvans\u00e4nkyihin <\/p>\n<p>Materiaali: <\/p>\n<p>-100 % puuvillaa, paino 150 g\/m\u00b2 ja OEKO-TEX Standard 100 -sertifioitu  <\/p>\n<p>Mitat: <\/p>\n<p>&#8211; tyynyliina: 40&#215;60 cm <\/p>\n<p>&#8211; pussilakana: 100&#215;135 cm   <\/p>\n<p>Suositellaan lapsille syntym\u00e4st\u00e4 noin 6 vuoden ik\u00e4\u00e4n asti. K\u00e4ytett\u00e4v\u00e4 vanhempien valvonnassa. <\/p>\n<p>Pesuohjeet: <\/p>\n<p>&#8211; konepesu 30 \u00b0C:ssa <\/p>\n<p>&#8211; silitys korkealla l\u00e4mp\u00f6tilalla, enint\u00e4\u00e4n 110 \u00b0C  <\/p>\n<p>&#8211; ei valkaisuaineita <\/p>\n<p>&#8211; voidaan kuivata kuivausrummussa herkk\u00e4vaatteiden ohjelmalla<\/p>\n","protected":false},"excerpt":{"rendered":"<p>Vuodevaatteet on valmistettu 100 % korkealaatuisesta puuvillasta, jolla on OEKO-TEX Standard 100 -sertifikaatti, mik\u00e4 takaa poikkeuksellisen mukavuuden ja kest\u00e4vyyden. Kangas on pehme\u00e4\u00e4 mutta kulutusta kest\u00e4v\u00e4\u00e4, mik\u00e4 takaa pitk\u00e4n k\u00e4ytt\u00f6i\u00e4n. Sarja sis\u00e4lt\u00e4\u00e4 tyynyliinan ja pussilakanan, ilman t\u00e4ytett\u00e4. T\u00e4ss\u00e4 vuodevaatteessa k\u00e4ytetty puuvilla on luonnollinen, ihoyst\u00e4v\u00e4llinen materiaali. Sen hengitt\u00e4vyys takaa mukavuuden koko y\u00f6n ajan. Se on kest\u00e4v\u00e4\u00e4, pehmenee [&hellip;]<\/p>\n","protected":false},"featured_media":0,"comment_status":"open","ping_status":"closed","template":"","meta":[],"product_brand":[],"product_cat":[32],"product_tag":[],"class_list":{"0":"post-30914","1":"product","2":"type-product","3":"status-publish","5":"product_cat-uncategorized-fi","7":"first","8":"instock","9":"shipping-taxable","10":"purchasable","11":"product-type-simple"},"_links":{"self":[{"href":"https:\/\/nordicmart.andreevmaster.com\/fi\/wp-json\/wp\/v2\/product\/30914","targetHints":{"allow":["GET"]}}],"collection":[{"href":"https:\/\/nordicmart.andreevmaster.com\/fi\/wp-json\/wp\/v2\/product"}],"about":[{"href":"https:\/\/nordicmart.andreevmaster.com\/fi\/wp-json\/wp\/v2\/types\/product"}],"replies":[{"embeddable":true,"href":"https:\/\/nordicmart.andreevmaster.com\/fi\/wp-json\/wp\/v2\/comments?post=30914"}],"wp:attachment":[{"href":"https:\/\/nordicmart.andreevmaster.com\/fi\/wp-json\/wp\/v2\/media?parent=30914"}],"wp:term":[{"taxonomy":"product_brand","embeddable":true,"href":"https:\/\/nordicmart.andreevmaster.com\/fi\/wp-json\/wp\/v2\/product_brand?post=30914"},{"taxonomy":"product_cat","embeddable":true,"href":"https:\/\/nordicmart.andreevmaster.com\/fi\/wp-json\/wp\/v2\/product_cat?post=30914"},{"taxonomy":"product_tag","embeddable":true,"href":"https:\/\/nordicmart.andreevmaster.com\/fi\/wp-json\/wp\/v2\/product_tag?post=30914"}],"curies":[{"name":"wp","href":"https:\/\/api.w.org\/{rel}","templated":true}]}}