{"id":30912,"date":"2026-02-27T00:11:42","date_gmt":"2026-02-27T00:11:42","guid":{"rendered":"https:\/\/nordicmart.andreevmaster.com\/product\/bellamy-pikkulasten-sangyn-kaide-snow-bliss-good-night-paso-doble\/"},"modified":"2026-02-27T09:34:54","modified_gmt":"2026-02-27T09:34:54","slug":"bellamy-pikkulasten-sangyn-kaide-snow-bliss-good-night-paso-doble","status":"publish","type":"product","link":"https:\/\/nordicmart.andreevmaster.com\/fi\/tuote\/bellamy-pikkulasten-sangyn-kaide-snow-bliss-good-night-paso-doble\/","title":{"rendered":"Bellamy-pikkulasten s\u00e4ngyn kaide Snow Bliss Good Night\/ Paso Doble"},"content":{"rendered":"<p>Good Night -s\u00e4nky on k\u00e4yt\u00e4nn\u00f6llinen yhdistelm\u00e4 eleganssia ja klassista tyyli\u00e4. Tyylik\u00e4s muotoilu erityisesti vaativille vanhemmille, jotta lapsi voi k\u00e4ytt\u00e4\u00e4 sit\u00e4 pitk\u00e4\u00e4n. S\u00e4ngyn s\u00e4leet on koristeltu tyylikk\u00e4\u00e4ll\u00e4 reliefikuvioinnilla; p\u00e4\u00e4tyosassa on tyylik\u00e4s koriste-elementti, johon voi lis\u00e4t\u00e4 Good Night -kirjoituksen tai korvata sen lapsen nimell\u00e4. Sopivilla tyylillisill\u00e4 lis\u00e4yksill\u00e4 s\u00e4nky sopii erinomaisesti sek\u00e4 pienen pojan ett\u00e4 tyt\u00f6n huoneeseen. V\u00e4ri: snow bliss Miksi ostaa?<br \/>\n&#8211; suojaa lasta putoamiselta, kun pinnas\u00e4nky muutetaan s\u00e4ngyksi;<br \/>\n&#8211; kaide voidaan asentaa s\u00e4ngyn oikealle tai vasemmalle puolelle Mitat (cm): P:47, K:29, S:2<\/p>\n","protected":false},"excerpt":{"rendered":"<p>Good Night -s\u00e4nky on k\u00e4yt\u00e4nn\u00f6llinen yhdistelm\u00e4 eleganssia ja klassista tyyli\u00e4. Tyylik\u00e4s muotoilu erityisesti vaativille vanhemmille, jotta lapsi voi k\u00e4ytt\u00e4\u00e4 sit\u00e4 pitk\u00e4\u00e4n. S\u00e4ngyn s\u00e4leet on koristeltu tyylikk\u00e4\u00e4ll\u00e4 reliefikuvioinnilla; p\u00e4\u00e4tyosassa on tyylik\u00e4s koriste-elementti, johon voi lis\u00e4t\u00e4 Good Night -kirjoituksen tai korvata sen lapsen nimell\u00e4. Sopivilla tyylillisill\u00e4 lis\u00e4yksill\u00e4 s\u00e4nky sopii erinomaisesti sek\u00e4 pienen pojan ett\u00e4 tyt\u00f6n huoneeseen. V\u00e4ri: [&hellip;]<\/p>\n","protected":false},"featured_media":0,"comment_status":"open","ping_status":"closed","template":"","meta":[],"product_brand":[],"product_cat":[32],"product_tag":[],"class_list":{"0":"post-30912","1":"product","2":"type-product","3":"status-publish","5":"product_cat-uncategorized-fi","7":"first","8":"instock","9":"shipping-taxable","10":"purchasable","11":"product-type-simple"},"_links":{"self":[{"href":"https:\/\/nordicmart.andreevmaster.com\/fi\/wp-json\/wp\/v2\/product\/30912","targetHints":{"allow":["GET"]}}],"collection":[{"href":"https:\/\/nordicmart.andreevmaster.com\/fi\/wp-json\/wp\/v2\/product"}],"about":[{"href":"https:\/\/nordicmart.andreevmaster.com\/fi\/wp-json\/wp\/v2\/types\/product"}],"replies":[{"embeddable":true,"href":"https:\/\/nordicmart.andreevmaster.com\/fi\/wp-json\/wp\/v2\/comments?post=30912"}],"wp:attachment":[{"href":"https:\/\/nordicmart.andreevmaster.com\/fi\/wp-json\/wp\/v2\/media?parent=30912"}],"wp:term":[{"taxonomy":"product_brand","embeddable":true,"href":"https:\/\/nordicmart.andreevmaster.com\/fi\/wp-json\/wp\/v2\/product_brand?post=30912"},{"taxonomy":"product_cat","embeddable":true,"href":"https:\/\/nordicmart.andreevmaster.com\/fi\/wp-json\/wp\/v2\/product_cat?post=30912"},{"taxonomy":"product_tag","embeddable":true,"href":"https:\/\/nordicmart.andreevmaster.com\/fi\/wp-json\/wp\/v2\/product_tag?post=30912"}],"curies":[{"name":"wp","href":"https:\/\/api.w.org\/{rel}","templated":true}]}}