{"id":30910,"date":"2026-02-27T00:11:41","date_gmt":"2026-02-27T00:11:41","guid":{"rendered":"https:\/\/nordicmart.andreevmaster.com\/product\/good-night-neutraali-harmaa-sanky-70x140-laatikolla\/"},"modified":"2026-02-27T09:34:54","modified_gmt":"2026-02-27T09:34:54","slug":"good-night-neutraali-harmaa-sanky-70x140-laatikolla","status":"publish","type":"product","link":"https:\/\/nordicmart.andreevmaster.com\/fi\/tuote\/good-night-neutraali-harmaa-sanky-70x140-laatikolla\/","title":{"rendered":"GOOD NIGHT neutraali harmaa s\u00e4nky 70&#215;140, laatikolla"},"content":{"rendered":"<p>Good Night -s\u00e4nky on k\u00e4yt\u00e4nn\u00f6llinen yhdistelm\u00e4 eleganssia ja klassista tyyli\u00e4. Tyylik\u00e4s muotoilu erityisesti vaativille vanhemmille, jotta lapsi voi k\u00e4ytt\u00e4\u00e4 sit\u00e4 pitk\u00e4\u00e4n. S\u00e4ngyn s\u00e4leet on koristeltu tyylikk\u00e4\u00e4ll\u00e4 reliefikuvioinnilla; p\u00e4\u00e4tyosassa on tyylik\u00e4s koriste-elementti, johon voidaan lis\u00e4t\u00e4 Good Night -teksti. Sopivilla sisustuslis\u00e4yksill\u00e4 s\u00e4nky sopii erinomaisesti sek\u00e4 pienen pojan ett\u00e4 tyt\u00f6n huoneeseen.<\/p>\n<p>v\u00e4ri: neutraali harmaa<\/p>\n<p>**T\u00e4rkeimm\u00e4t edut:<br \/>\n**- t\u00e4ytt\u00e4\u00e4 eurooppalaiset standardit ja turvallisuusvaatimukset<br \/>\n&#8211; 2 irrotettavaa tankoa<br \/>\n&#8211; 3 pohjan korkeutta seuraavilla tasoilla: 27,7 cm; 45,5 cm; 58 cm<br \/>\n&#8211; s\u00e4nky kasvaa lapsen mukana &#8211; mahdollisuus muuttaa sohvaksi irrottamalla yksi kehyksist\u00e4<br \/>\n&#8211; mukana toimitetaan suojakaide, joka est\u00e4\u00e4 lasta putoamasta s\u00e4ngyst\u00e4 sen muutettuasi; kaide voidaan asentaa s\u00e4ngyn oikealle tai vasemmalle puolelle<br \/>\n&#8211; tilava laatikko H\u00e4fele-kiskoilla <\/p>\n<p>**Lis\u00e4tietoja:**<br \/>\n&#8211; Ik\u00e4suositus: syntym\u00e4st\u00e4 noin 5 vuoteen<br \/>\n-vuoteeseen voidaan asentaa patja &#8211; mitat: 140 cm x 70 cm <\/p>\n<p>**Mitat (cm):**<br \/>\nPituus: 152, leveys: 77,6, K: 109<\/p>\n<p>**Huonekalujen valmistus ja viimeistely:**<br \/>\nHuonekalut on viimeistelty italialaisen toimittajan erikoisvalikoimalla maalilla, jolla on ainutlaatuisia kovettavia ominaisuuksia, joten huonekalut kest\u00e4v\u00e4t kahta eri tyyppisi\u00e4 vaurioita:<br \/>\n&#8211; Kemikaalit: suojaa veden, voiteiden, \u00f6ljyjen ja muiden puhdistusaineiden vaikutuksilta;<br \/>\n&#8211; Mekaaninen suoja kaikenlaisia huonekalujen k\u00e4yt\u00f6st\u00e4 aiheutuvia naarmuja vastaan.<\/p>\n<p>Sopiva maali luo t\u00e4ysin sile\u00e4n pinnoitteen. Erityiset materiaalit luovat herk\u00e4n satiinin mattapintaisen vaikutelman.<br \/>\nMaalilla on kaikki vaaditut sertifikaatit. Lis\u00e4ksi ennen myyntiin saattamista maalatut huonekalut testataan laboratorioissa p\u00e4\u00e4st\u00f6jen osalta. Erityisen kovetetun maalin ansiosta ne eiv\u00e4t p\u00e4\u00e4st\u00e4 ilmaan haitallisia aineita.<\/p>\n<p>**K\u00e4ytt\u00f6ohjeet:**<br \/>\nHuonekalut tulee pyyhki\u00e4 pehme\u00e4ll\u00e4, vedell\u00e4 kostutetulla puuvillakankaalla tai huonekalujen hoitoon tarkoitetulla tuotteella.<\/p>\n<p>**Lis\u00e4tietoja:**<br \/>\nHuonekalut toimitetaan pakkauksissa, jotka on tarkoitettu itse koottaviksi. Paketit sis\u00e4lt\u00e4v\u00e4t yksityiskohtaiset kokoonpano-ohjeet sek\u00e4 tarvikkeet (ruuvit jne.).<\/p>\n","protected":false},"excerpt":{"rendered":"<p>Good Night -s\u00e4nky on k\u00e4yt\u00e4nn\u00f6llinen yhdistelm\u00e4 eleganssia ja klassista tyyli\u00e4. Tyylik\u00e4s muotoilu erityisesti vaativille vanhemmille, jotta lapsi voi k\u00e4ytt\u00e4\u00e4 sit\u00e4 pitk\u00e4\u00e4n. S\u00e4ngyn s\u00e4leet on koristeltu tyylikk\u00e4\u00e4ll\u00e4 reliefikuvioinnilla; p\u00e4\u00e4tyosassa on tyylik\u00e4s koriste-elementti, johon voidaan lis\u00e4t\u00e4 Good Night -teksti. Sopivilla sisustuslis\u00e4yksill\u00e4 s\u00e4nky sopii erinomaisesti sek\u00e4 pienen pojan ett\u00e4 tyt\u00f6n huoneeseen. v\u00e4ri: neutraali harmaa **T\u00e4rkeimm\u00e4t edut: **- t\u00e4ytt\u00e4\u00e4 [&hellip;]<\/p>\n","protected":false},"featured_media":0,"comment_status":"open","ping_status":"closed","template":"","meta":[],"product_brand":[],"product_cat":[32],"product_tag":[],"class_list":{"0":"post-30910","1":"product","2":"type-product","3":"status-publish","5":"product_cat-uncategorized-fi","7":"first","8":"instock","9":"shipping-taxable","10":"purchasable","11":"product-type-simple"},"_links":{"self":[{"href":"https:\/\/nordicmart.andreevmaster.com\/fi\/wp-json\/wp\/v2\/product\/30910","targetHints":{"allow":["GET"]}}],"collection":[{"href":"https:\/\/nordicmart.andreevmaster.com\/fi\/wp-json\/wp\/v2\/product"}],"about":[{"href":"https:\/\/nordicmart.andreevmaster.com\/fi\/wp-json\/wp\/v2\/types\/product"}],"replies":[{"embeddable":true,"href":"https:\/\/nordicmart.andreevmaster.com\/fi\/wp-json\/wp\/v2\/comments?post=30910"}],"wp:attachment":[{"href":"https:\/\/nordicmart.andreevmaster.com\/fi\/wp-json\/wp\/v2\/media?parent=30910"}],"wp:term":[{"taxonomy":"product_brand","embeddable":true,"href":"https:\/\/nordicmart.andreevmaster.com\/fi\/wp-json\/wp\/v2\/product_brand?post=30910"},{"taxonomy":"product_cat","embeddable":true,"href":"https:\/\/nordicmart.andreevmaster.com\/fi\/wp-json\/wp\/v2\/product_cat?post=30910"},{"taxonomy":"product_tag","embeddable":true,"href":"https:\/\/nordicmart.andreevmaster.com\/fi\/wp-json\/wp\/v2\/product_tag?post=30910"}],"curies":[{"name":"wp","href":"https:\/\/api.w.org\/{rel}","templated":true}]}}