{"id":30908,"date":"2026-02-27T00:11:41","date_gmt":"2026-02-27T00:11:41","guid":{"rendered":"https:\/\/nordicmart.andreevmaster.com\/product\/songmics-xxl-postilaatikko-11-x-37-x-37-cm-ruostumaton-teras-sanomalehtiosasto\/"},"modified":"2026-02-27T09:34:54","modified_gmt":"2026-02-27T09:34:54","slug":"songmics-xxl-postilaatikko-11-x-37-x-37-cm-ruostumaton-teras-sanomalehtiosasto","status":"publish","type":"product","link":"https:\/\/nordicmart.andreevmaster.com\/fi\/tuote\/songmics-xxl-postilaatikko-11-x-37-x-37-cm-ruostumaton-teras-sanomalehtiosasto\/","title":{"rendered":"SONGMICS XXL-postilaatikko, 11 x 37 x 37 cm, ruostumaton ter\u00e4s, sanomalehtiosasto"},"content":{"rendered":"<p>XXL-postilaatikko, 11 x 37 x 37 cm, ruostumaton ter\u00e4s, sanomalehtiosasto, lukko kuparisella lukkosylinterill\u00e4 ja k\u00e4\u00e4nnett\u00e4v\u00e4ll\u00e4 kannella, nimikyltti, antrasiitti<br \/>\nTuotetiedot:<br \/>\n&#8211; V\u00e4ri: antrasiitti<br \/>\n&#8211; Materiaali: galvanoitu ter\u00e4s, kuparinen lukkosylinteri<br \/>\n&#8211; Koko: 11 x 37 x 37 cm (S x L x K)<br \/>\n&#8211; Paino: 2,2 kg<\/p>\n<p>Toimitus sis\u00e4lt\u00e4\u00e4<br \/>\n&#8211; 1 x postilaatikko<br \/>\n&#8211; 2 x avain<br \/>\n&#8211; 4 x ruuvi<br \/>\n&#8211; 4 x tulppa<br \/>\n&#8211; 4 x kumiv\u00e4likappale<br \/>\n&#8211; 1 x ohjeet<\/p>\n<p>SONGMICS-ohjeet:<br \/>\n&#8211; Pitk\u00e4n k\u00e4ytt\u00f6i\u00e4n varmistamiseksi on suositeltavaa asentaa postilaatikko sanomalehtitaskuineen katoksen alle tai muuhun suojaiseen paikkaan.<\/p>\n","protected":false},"excerpt":{"rendered":"<p>XXL-postilaatikko, 11 x 37 x 37 cm, ruostumaton ter\u00e4s, sanomalehtiosasto, lukko kuparisella lukkosylinterill\u00e4 ja k\u00e4\u00e4nnett\u00e4v\u00e4ll\u00e4 kannella, nimikyltti, antrasiitti<\/p>\n","protected":false},"featured_media":40118,"comment_status":"open","ping_status":"closed","template":"","meta":[],"product_brand":[],"product_cat":[32],"product_tag":[],"class_list":{"0":"post-30908","1":"product","2":"type-product","3":"status-publish","4":"has-post-thumbnail","6":"product_cat-uncategorized-fi","8":"first","9":"instock","10":"shipping-taxable","11":"purchasable","12":"product-type-simple"},"_links":{"self":[{"href":"https:\/\/nordicmart.andreevmaster.com\/fi\/wp-json\/wp\/v2\/product\/30908","targetHints":{"allow":["GET"]}}],"collection":[{"href":"https:\/\/nordicmart.andreevmaster.com\/fi\/wp-json\/wp\/v2\/product"}],"about":[{"href":"https:\/\/nordicmart.andreevmaster.com\/fi\/wp-json\/wp\/v2\/types\/product"}],"replies":[{"embeddable":true,"href":"https:\/\/nordicmart.andreevmaster.com\/fi\/wp-json\/wp\/v2\/comments?post=30908"}],"wp:featuredmedia":[{"embeddable":true,"href":"https:\/\/nordicmart.andreevmaster.com\/fi\/wp-json\/wp\/v2\/media\/40118"}],"wp:attachment":[{"href":"https:\/\/nordicmart.andreevmaster.com\/fi\/wp-json\/wp\/v2\/media?parent=30908"}],"wp:term":[{"taxonomy":"product_brand","embeddable":true,"href":"https:\/\/nordicmart.andreevmaster.com\/fi\/wp-json\/wp\/v2\/product_brand?post=30908"},{"taxonomy":"product_cat","embeddable":true,"href":"https:\/\/nordicmart.andreevmaster.com\/fi\/wp-json\/wp\/v2\/product_cat?post=30908"},{"taxonomy":"product_tag","embeddable":true,"href":"https:\/\/nordicmart.andreevmaster.com\/fi\/wp-json\/wp\/v2\/product_tag?post=30908"}],"curies":[{"name":"wp","href":"https:\/\/api.w.org\/{rel}","templated":true}]}}