{"id":30905,"date":"2026-02-27T00:11:40","date_gmt":"2026-02-27T00:11:40","guid":{"rendered":"https:\/\/nordicmart.andreevmaster.com\/product\/songmics-postilaatikko-seinapostilaatikko-ikkunalla-lukittava\/"},"modified":"2026-02-27T09:34:53","modified_gmt":"2026-02-27T09:34:53","slug":"songmics-postilaatikko-seinapostilaatikko-ikkunalla-lukittava","status":"publish","type":"product","link":"https:\/\/nordicmart.andreevmaster.com\/fi\/tuote\/songmics-postilaatikko-seinapostilaatikko-ikkunalla-lukittava\/","title":{"rendered":"SONGMICS postilaatikko, sein\u00e4postilaatikko ikkunalla, lukittava"},"content":{"rendered":"<p>Turvapaikka kirjeillesi: J\u00e4tt\u00e4v\u00e4tk\u00f6 postinkantajat kirjeesi aina oven eteen maahan? T\u00e4m\u00e4 on erityisen \u00e4rsytt\u00e4v\u00e4\u00e4 sateisina p\u00e4ivin\u00e4. Lis\u00e4ksi postisi voi my\u00f6s kadota. T\u00e4m\u00e4 SONGMICS-postilaatikko tulee apuusi ja tarjoaa kirjeillesi pienen suojapaikan. Se on valmistettu jauhemaalatusta metallista, suojaa painotuotteita s\u00e4\u00e4olosuhteilta ja on lis\u00e4ksi pitk\u00e4ik\u00e4inen.Yksityiskohdat tekev\u00e4t eron: Seuraavat hyvin suunnitellut yksityiskohdat erottavat t\u00e4m\u00e4n postilaatikon muista: Postilaatikon kansi suojaa lukkoa sadevedelt\u00e4; ikkuna kertoo, kun kirjeesi ovat saapuneet; nimikylttien pidike varmistaa, ett\u00e4 kirjeesi p\u00e4\u00e4tyv\u00e4t oikeaan osoitteeseen; mukana toimitettavat asennustarvikkeet helpottavat asennusta. Tuotetiedot:V\u00e4ri: antrasiitti Materiaali: jauhemaalattu ter\u00e4s Koko: 32 x 10 x 45 cm (P x L x K) Paino: 2,3 kg Toimitus sis\u00e4lt\u00e4\u00e4: 1 x postilaatikko 1 x lis\u00e4varustepussi SONGMICS-ohjeet: Postilaatikon sijoittaminen s\u00e4\u00e4nsuojaiseen paikkaan on suositeltavaa, jotta sen k\u00e4ytt\u00f6ik\u00e4 on mahdollisimman pitk\u00e4.<\/p>\n","protected":false},"excerpt":{"rendered":"<p>Postilaatikko, sein\u00e4postilaatikko ikkunalla, lukittava, tilaa nimelle, 2 avainta, antrasiitti<\/p>\n","protected":false},"featured_media":40115,"comment_status":"open","ping_status":"closed","template":"","meta":[],"product_brand":[],"product_cat":[32],"product_tag":[],"class_list":{"0":"post-30905","1":"product","2":"type-product","3":"status-publish","4":"has-post-thumbnail","6":"product_cat-uncategorized-fi","8":"first","9":"instock","10":"shipping-taxable","11":"purchasable","12":"product-type-simple"},"_links":{"self":[{"href":"https:\/\/nordicmart.andreevmaster.com\/fi\/wp-json\/wp\/v2\/product\/30905","targetHints":{"allow":["GET"]}}],"collection":[{"href":"https:\/\/nordicmart.andreevmaster.com\/fi\/wp-json\/wp\/v2\/product"}],"about":[{"href":"https:\/\/nordicmart.andreevmaster.com\/fi\/wp-json\/wp\/v2\/types\/product"}],"replies":[{"embeddable":true,"href":"https:\/\/nordicmart.andreevmaster.com\/fi\/wp-json\/wp\/v2\/comments?post=30905"}],"wp:featuredmedia":[{"embeddable":true,"href":"https:\/\/nordicmart.andreevmaster.com\/fi\/wp-json\/wp\/v2\/media\/40115"}],"wp:attachment":[{"href":"https:\/\/nordicmart.andreevmaster.com\/fi\/wp-json\/wp\/v2\/media?parent=30905"}],"wp:term":[{"taxonomy":"product_brand","embeddable":true,"href":"https:\/\/nordicmart.andreevmaster.com\/fi\/wp-json\/wp\/v2\/product_brand?post=30905"},{"taxonomy":"product_cat","embeddable":true,"href":"https:\/\/nordicmart.andreevmaster.com\/fi\/wp-json\/wp\/v2\/product_cat?post=30905"},{"taxonomy":"product_tag","embeddable":true,"href":"https:\/\/nordicmart.andreevmaster.com\/fi\/wp-json\/wp\/v2\/product_tag?post=30905"}],"curies":[{"name":"wp","href":"https:\/\/api.w.org\/{rel}","templated":true}]}}