{"id":30904,"date":"2026-02-27T00:11:40","date_gmt":"2026-02-27T00:11:40","guid":{"rendered":"https:\/\/nordicmart.andreevmaster.com\/product\/songmics-postilaatikko-postilaatikko-lukko-ikkunalla-nimikyltti\/"},"modified":"2026-02-27T09:34:53","modified_gmt":"2026-02-27T09:34:53","slug":"songmics-postilaatikko-postilaatikko-lukko-ikkunalla-nimikyltti","status":"publish","type":"product","link":"https:\/\/nordicmart.andreevmaster.com\/fi\/tuote\/songmics-postilaatikko-postilaatikko-lukko-ikkunalla-nimikyltti\/","title":{"rendered":"SONGMICS postilaatikko, postilaatikko, lukko ikkunalla, nimikyltti"},"content":{"rendered":"<p>Tuotetiedot: V\u00e4ri: musta Materiaali: jauhemaalattu ter\u00e4s Koko: 30,5 x 9,5 x 33,3 cm (P x L x K) Paino: 1,6 kg Toimitus sis\u00e4lt\u00e4\u00e4: 1 x postilaatikko 1 x lis\u00e4varustepaketti SONGMICS Huomautukset:Postilaatikon sijoittaminen s\u00e4\u00e4nsuojaiseen paikkaan on suositeltavaa, jotta sen k\u00e4ytt\u00f6ik\u00e4 olisi mahdollisimman pitk\u00e4.<\/p>\n","protected":false},"excerpt":{"rendered":"<p>SONGMICS postilaatikko, sein\u00e4postilaatikko, lukko kuparisella lukkosylinterill\u00e4 ja k\u00e4\u00e4nnett\u00e4v\u00e4ll\u00e4 kannella, sanomalehtiosasto, ikkuna, nimikylttipidike, lukittava, helppo asentaa, musta GMB020B02<\/p>\n","protected":false},"featured_media":40114,"comment_status":"open","ping_status":"closed","template":"","meta":[],"product_brand":[],"product_cat":[32],"product_tag":[],"class_list":{"0":"post-30904","1":"product","2":"type-product","3":"status-publish","4":"has-post-thumbnail","6":"product_cat-uncategorized-fi","8":"first","9":"instock","10":"shipping-taxable","11":"purchasable","12":"product-type-simple"},"_links":{"self":[{"href":"https:\/\/nordicmart.andreevmaster.com\/fi\/wp-json\/wp\/v2\/product\/30904","targetHints":{"allow":["GET"]}}],"collection":[{"href":"https:\/\/nordicmart.andreevmaster.com\/fi\/wp-json\/wp\/v2\/product"}],"about":[{"href":"https:\/\/nordicmart.andreevmaster.com\/fi\/wp-json\/wp\/v2\/types\/product"}],"replies":[{"embeddable":true,"href":"https:\/\/nordicmart.andreevmaster.com\/fi\/wp-json\/wp\/v2\/comments?post=30904"}],"wp:featuredmedia":[{"embeddable":true,"href":"https:\/\/nordicmart.andreevmaster.com\/fi\/wp-json\/wp\/v2\/media\/40114"}],"wp:attachment":[{"href":"https:\/\/nordicmart.andreevmaster.com\/fi\/wp-json\/wp\/v2\/media?parent=30904"}],"wp:term":[{"taxonomy":"product_brand","embeddable":true,"href":"https:\/\/nordicmart.andreevmaster.com\/fi\/wp-json\/wp\/v2\/product_brand?post=30904"},{"taxonomy":"product_cat","embeddable":true,"href":"https:\/\/nordicmart.andreevmaster.com\/fi\/wp-json\/wp\/v2\/product_cat?post=30904"},{"taxonomy":"product_tag","embeddable":true,"href":"https:\/\/nordicmart.andreevmaster.com\/fi\/wp-json\/wp\/v2\/product_tag?post=30904"}],"curies":[{"name":"wp","href":"https:\/\/api.w.org\/{rel}","templated":true}]}}