{"id":30901,"date":"2026-02-27T00:11:40","date_gmt":"2026-02-27T00:11:40","guid":{"rendered":"https:\/\/nordicmart.andreevmaster.com\/product\/songmics-postilaatikko-2-kpl-seinapostilaatikko-lukko-kuparisella-lukkosylinterilla-kaannettava-kansi-sanomalehtiosasto-ikkuna-nimikylttipidike-lukittava-antrasiitti-gmb20ag02\/"},"modified":"2026-02-27T09:34:52","modified_gmt":"2026-02-27T09:34:52","slug":"songmics-postilaatikko-2-kpl-seinapostilaatikko-lukko-kuparisella-lukkosylinterilla-kaannettava-kansi-sanomalehtiosasto-ikkuna-nimikylttipidike-lukittava-antrasiitti-gmb20ag02","status":"publish","type":"product","link":"https:\/\/nordicmart.andreevmaster.com\/fi\/tuote\/songmics-postilaatikko-2-kpl-seinapostilaatikko-lukko-kuparisella-lukkosylinterilla-kaannettava-kansi-sanomalehtiosasto-ikkuna-nimikylttipidike-lukittava-antrasiitti-gmb20ag02\/","title":{"rendered":"SONGMICS postilaatikko, 2 kpl, sein\u00e4postilaatikko, lukko kuparisella lukkosylinterill\u00e4, k\u00e4\u00e4nnett\u00e4v\u00e4 kansi, sanomalehtiosasto, ikkuna, nimikylttipidike, lukittava, antrasiitti GMB20AG02"},"content":{"rendered":"<p>Tuotetiedot:<\/p>\n<p>V\u00e4ri: antrasiitti<br \/>\nMateriaali: ter\u00e4s<br \/>\nKoko per postilaatikko: 9,5 x 30,5 x 33,3 cm (S x L x K)<br \/>\nPaino per postilaatikko: 1,6 kg<br \/>\nToimitus sis\u00e4lt\u00e4\u00e4:<\/p>\n<p>2 x postilaatikko<br \/>\n2 x lis\u00e4varustepaketti<br \/>\nSONGMICS Huomautukset:<\/p>\n<p>Postilaatikon sijoittaminen s\u00e4\u00e4nsuojaiseen paikkaan on suositeltavaa, jotta sen k\u00e4ytt\u00f6ik\u00e4 olisi mahdollisimman pitk\u00e4.<\/p>\n","protected":false},"excerpt":{"rendered":"<p>SONGMICS postilaatikko, sein\u00e4postilaatikko, lukko kuparisella lukkosylinterill\u00e4 ja k\u00e4\u00e4nnett\u00e4v\u00e4ll\u00e4 kannella, sanomalehtiosasto, ikkuna, nimikylttipidike, lukittava, helppo asentaa, antrasiitti GMB20AG<\/p>\n","protected":false},"featured_media":40111,"comment_status":"open","ping_status":"closed","template":"","meta":[],"product_brand":[],"product_cat":[32],"product_tag":[],"class_list":{"0":"post-30901","1":"product","2":"type-product","3":"status-publish","4":"has-post-thumbnail","6":"product_cat-uncategorized-fi","8":"first","9":"instock","10":"shipping-taxable","11":"purchasable","12":"product-type-simple"},"_links":{"self":[{"href":"https:\/\/nordicmart.andreevmaster.com\/fi\/wp-json\/wp\/v2\/product\/30901","targetHints":{"allow":["GET"]}}],"collection":[{"href":"https:\/\/nordicmart.andreevmaster.com\/fi\/wp-json\/wp\/v2\/product"}],"about":[{"href":"https:\/\/nordicmart.andreevmaster.com\/fi\/wp-json\/wp\/v2\/types\/product"}],"replies":[{"embeddable":true,"href":"https:\/\/nordicmart.andreevmaster.com\/fi\/wp-json\/wp\/v2\/comments?post=30901"}],"wp:featuredmedia":[{"embeddable":true,"href":"https:\/\/nordicmart.andreevmaster.com\/fi\/wp-json\/wp\/v2\/media\/40111"}],"wp:attachment":[{"href":"https:\/\/nordicmart.andreevmaster.com\/fi\/wp-json\/wp\/v2\/media?parent=30901"}],"wp:term":[{"taxonomy":"product_brand","embeddable":true,"href":"https:\/\/nordicmart.andreevmaster.com\/fi\/wp-json\/wp\/v2\/product_brand?post=30901"},{"taxonomy":"product_cat","embeddable":true,"href":"https:\/\/nordicmart.andreevmaster.com\/fi\/wp-json\/wp\/v2\/product_cat?post=30901"},{"taxonomy":"product_tag","embeddable":true,"href":"https:\/\/nordicmart.andreevmaster.com\/fi\/wp-json\/wp\/v2\/product_tag?post=30901"}],"curies":[{"name":"wp","href":"https:\/\/api.w.org\/{rel}","templated":true}]}}