{"id":30900,"date":"2026-02-27T00:11:39","date_gmt":"2026-02-27T00:11:39","guid":{"rendered":"https:\/\/nordicmart.andreevmaster.com\/product\/songmics-postilaatikko-seinakiinnitys\/"},"modified":"2026-02-27T09:34:52","modified_gmt":"2026-02-27T09:34:52","slug":"songmics-postilaatikko-seinakiinnitys","status":"publish","type":"product","link":"https:\/\/nordicmart.andreevmaster.com\/fi\/tuote\/songmics-postilaatikko-seinakiinnitys\/","title":{"rendered":"SONGMICS-postilaatikko sein\u00e4kiinnitys"},"content":{"rendered":"<p>Turvapaikka kirjeillesi, sanomalehdillesi ja aikakauslehdillesi: J\u00e4tt\u00e4v\u00e4tk\u00f6 postinkantajat kirjeesi aina oven eteen lattialle? T\u00e4m\u00e4 on erityisen \u00e4rsytt\u00e4v\u00e4\u00e4 sateisina p\u00e4ivin\u00e4. Lis\u00e4ksi postisi voi my\u00f6s kadota. T\u00e4m\u00e4 SONGMICS-postilaatikko tulee apuusi ja tarjoaa kirjeillesi, sanomalehdillesi ja aikakauslehdillesi pienen suojapaikan. Se on valmistettu jauhemaalatusta metallista, suojaa painotuotteita s\u00e4\u00e4olosuhteilta ja on lis\u00e4ksi pitk\u00e4ik\u00e4inen. Yksityiskohdat tekev\u00e4t eron: seuraavat hyvin suunnitellut yksityiskohdat erottavat t\u00e4m\u00e4n postilaatikon muista: sen lukossa on k\u00e4\u00e4nnett\u00e4v\u00e4 kansi, joka suojaa sit\u00e4 sadevedelt\u00e4; ikkuna kertoo, kun kirjeesi ovat saapuneet; nimikylttien pidike varmistaa, ett\u00e4 kirjeesi p\u00e4\u00e4tyv\u00e4t oikeaan osoitteeseen; sanomalehtilokero tarjoaa lis\u00e4varastotilaa sanomalehdille ja aikakauslehdille; mukana toimitettavat asennustarvikkeet helpottavat asennusta. Tuotetiedot: V\u00e4ri: antrasiitti Materiaali: jauhemaalattu ter\u00e4s Koko: 30,5 x 9,5 x 33,3 cm (P x L x K) Paino: 1,6 kg Toimitus sis\u00e4lt\u00e4\u00e4: 1 x postilaatikko 1 x lis\u00e4varustepussi SONGMICS-ohjeet: Postilaatikon sijoittaminen s\u00e4\u00e4nsuojaiseen paikkaan on suositeltavaa, jotta se kest\u00e4\u00e4 k\u00e4yt\u00f6ss\u00e4 pidemp\u00e4\u00e4n.<\/p>\n","protected":false},"excerpt":{"rendered":"<p>SONGMICS postilaatikko, sein\u00e4postilaatikko, lukko kuparisella lukkosylinterill\u00e4 ja k\u00e4\u00e4nnett\u00e4v\u00e4ll\u00e4 kannella, sanomalehtiosasto, ikkuna, nimikylttipidike, lukittava, helppo asentaa, antrasiitti GMB20AG<\/p>\n","protected":false},"featured_media":40110,"comment_status":"open","ping_status":"closed","template":"","meta":[],"product_brand":[],"product_cat":[32],"product_tag":[],"class_list":{"0":"post-30900","1":"product","2":"type-product","3":"status-publish","4":"has-post-thumbnail","6":"product_cat-uncategorized-fi","8":"first","9":"instock","10":"shipping-taxable","11":"purchasable","12":"product-type-simple"},"_links":{"self":[{"href":"https:\/\/nordicmart.andreevmaster.com\/fi\/wp-json\/wp\/v2\/product\/30900","targetHints":{"allow":["GET"]}}],"collection":[{"href":"https:\/\/nordicmart.andreevmaster.com\/fi\/wp-json\/wp\/v2\/product"}],"about":[{"href":"https:\/\/nordicmart.andreevmaster.com\/fi\/wp-json\/wp\/v2\/types\/product"}],"replies":[{"embeddable":true,"href":"https:\/\/nordicmart.andreevmaster.com\/fi\/wp-json\/wp\/v2\/comments?post=30900"}],"wp:featuredmedia":[{"embeddable":true,"href":"https:\/\/nordicmart.andreevmaster.com\/fi\/wp-json\/wp\/v2\/media\/40110"}],"wp:attachment":[{"href":"https:\/\/nordicmart.andreevmaster.com\/fi\/wp-json\/wp\/v2\/media?parent=30900"}],"wp:term":[{"taxonomy":"product_brand","embeddable":true,"href":"https:\/\/nordicmart.andreevmaster.com\/fi\/wp-json\/wp\/v2\/product_brand?post=30900"},{"taxonomy":"product_cat","embeddable":true,"href":"https:\/\/nordicmart.andreevmaster.com\/fi\/wp-json\/wp\/v2\/product_cat?post=30900"},{"taxonomy":"product_tag","embeddable":true,"href":"https:\/\/nordicmart.andreevmaster.com\/fi\/wp-json\/wp\/v2\/product_tag?post=30900"}],"curies":[{"name":"wp","href":"https:\/\/api.w.org\/{rel}","templated":true}]}}