{"id":30896,"date":"2026-02-27T00:11:39","date_gmt":"2026-02-27T00:11:39","guid":{"rendered":"https:\/\/nordicmart.andreevmaster.com\/product\/songmics-postilaatikko-nimikilvella-ja-lukolla-105-x-37-x-37-cm-antrasiitinharmaa\/"},"modified":"2026-02-27T09:34:51","modified_gmt":"2026-02-27T09:34:51","slug":"songmics-postilaatikko-nimikilvella-ja-lukolla-105-x-37-x-37-cm-antrasiitinharmaa","status":"publish","type":"product","link":"https:\/\/nordicmart.andreevmaster.com\/fi\/tuote\/songmics-postilaatikko-nimikilvella-ja-lukolla-105-x-37-x-37-cm-antrasiitinharmaa\/","title":{"rendered":"SONGMICS postilaatikko nimikilvell\u00e4 ja lukolla 10,5 x 37 x 37 cm antrasiitinharmaa"},"content":{"rendered":"<p>SONGMICS henkil\u00f6kohtainen postilaatikko, nimikyltti, talonumerokyltti, postilaatikko, pehme\u00e4sti sulkeutuva kansi, sanomalehtiosasto, lukko, moderni, helppo asentaa, 10,5 x 37 x 37 cm, antrasiitinharmaa GMB090G01<br \/>\nV\u00e4ri: antrasiitinharmaa<br \/>\nMateriaali: galvanoitu ter\u00e4s<br \/>\nKoko: 10,5 x 37 x 37 cm (S x L x K)<br \/>\nPaino: 2,8 kg<\/p>\n","protected":false},"excerpt":{"rendered":"<p>SONGMICS henkil\u00f6kohtainen postilaatikko, nimikyltti, talonumerokyltti, postilaatikko, pehme\u00e4sti sulkeutuva kansi, sanomalehtiosasto, lukko, moderni, helppo asentaa, 10,5 x 37 x 37 cm, antrasiitinharmaa GMB090G01<\/p>\n","protected":false},"featured_media":40106,"comment_status":"open","ping_status":"closed","template":"","meta":[],"product_brand":[],"product_cat":[32],"product_tag":[],"class_list":{"0":"post-30896","1":"product","2":"type-product","3":"status-publish","4":"has-post-thumbnail","6":"product_cat-uncategorized-fi","8":"first","9":"instock","10":"shipping-taxable","11":"purchasable","12":"product-type-simple"},"_links":{"self":[{"href":"https:\/\/nordicmart.andreevmaster.com\/fi\/wp-json\/wp\/v2\/product\/30896","targetHints":{"allow":["GET"]}}],"collection":[{"href":"https:\/\/nordicmart.andreevmaster.com\/fi\/wp-json\/wp\/v2\/product"}],"about":[{"href":"https:\/\/nordicmart.andreevmaster.com\/fi\/wp-json\/wp\/v2\/types\/product"}],"replies":[{"embeddable":true,"href":"https:\/\/nordicmart.andreevmaster.com\/fi\/wp-json\/wp\/v2\/comments?post=30896"}],"wp:featuredmedia":[{"embeddable":true,"href":"https:\/\/nordicmart.andreevmaster.com\/fi\/wp-json\/wp\/v2\/media\/40106"}],"wp:attachment":[{"href":"https:\/\/nordicmart.andreevmaster.com\/fi\/wp-json\/wp\/v2\/media?parent=30896"}],"wp:term":[{"taxonomy":"product_brand","embeddable":true,"href":"https:\/\/nordicmart.andreevmaster.com\/fi\/wp-json\/wp\/v2\/product_brand?post=30896"},{"taxonomy":"product_cat","embeddable":true,"href":"https:\/\/nordicmart.andreevmaster.com\/fi\/wp-json\/wp\/v2\/product_cat?post=30896"},{"taxonomy":"product_tag","embeddable":true,"href":"https:\/\/nordicmart.andreevmaster.com\/fi\/wp-json\/wp\/v2\/product_tag?post=30896"}],"curies":[{"name":"wp","href":"https:\/\/api.w.org\/{rel}","templated":true}]}}