{"id":30895,"date":"2026-02-27T00:11:38","date_gmt":"2026-02-27T00:11:38","guid":{"rendered":"https:\/\/nordicmart.andreevmaster.com\/product\/songmics-henkilokohtainen-postilaatikko-nimikyltti-talonumerokyltti-postilaatikko-sanomalehtiosasto-v-muotoinen-ikkuna-lukko-moderni-helppo-asentaa-antrasiitti-hopea-gmb080d01v1\/"},"modified":"2026-02-27T09:34:51","modified_gmt":"2026-02-27T09:34:51","slug":"songmics-henkilokohtainen-postilaatikko-nimikyltti-talonumerokyltti-postilaatikko-sanomalehtiosasto-v-muotoinen-ikkuna-lukko-moderni-helppo-asentaa-antrasiitti-hopea-gmb080d01v1","status":"publish","type":"product","link":"https:\/\/nordicmart.andreevmaster.com\/fi\/tuote\/songmics-henkilokohtainen-postilaatikko-nimikyltti-talonumerokyltti-postilaatikko-sanomalehtiosasto-v-muotoinen-ikkuna-lukko-moderni-helppo-asentaa-antrasiitti-hopea-gmb080d01v1\/","title":{"rendered":"SONGMICS henkil\u00f6kohtainen postilaatikko, nimikyltti, talonumerokyltti, postilaatikko, sanomalehtiosasto, V-muotoinen ikkuna, lukko, moderni, helppo asentaa, antrasiitti-hopea GMB080D01V1"},"content":{"rendered":"<p>Sein\u00e4postilaatikon t\u00e4rkeimm\u00e4t ominaisuudet:<\/p>\n<p>Tyylik\u00e4s ulkon\u00e4k\u00f6: Antrasiitin v\u00e4rikombinaatio on elegantti ja koristeellinen.<br \/>\nKest\u00e4v\u00e4: Valmistettu galvanoidusta ter\u00e4ksest\u00e4, jauhemaalattu, vesi- ja ruostesuojattu, kest\u00e4v\u00e4 ja pitk\u00e4ik\u00e4inen.<br \/>\nV-muotoinen ikkuna: N\u00e4et uusimman postisi heti.<br \/>\nPeitetty lukko: Lukko on peitetty kannella ja suojattu sadevedelt\u00e4, jotta se ei ruostu helposti. Mukana toimitetaan 2 avainta.<br \/>\nSanomalehtirulla: Tarjoaa tilaa sanomalehdille tai aikakauslehdille.<br \/>\nHelppo asentaa: Helppo asentaa mukana toimitettujen asennustarvikkeiden avulla.<br \/>\nTuotetiedot:<\/p>\n<p>V\u00e4ri: antrasiitti-hopea<br \/>\nMateriaali: Sinkitty ter\u00e4s, ruostumaton ter\u00e4s<br \/>\nKoko: 10,5 x 37 x 37 cm (S x L x K)<br \/>\nPaino: 3,8 kg<br \/>\nToimitus sis\u00e4lt\u00e4\u00e4:<\/p>\n<p>1 x postilaatikko<br \/>\n1 x nimikyltti<br \/>\n1 x katu- ja talonumerokyltti<br \/>\n2 x avain<br \/>\n1 x lis\u00e4varustepaketti<br \/>\n1 x k\u00e4ytt\u00f6ohje<br \/>\nSONGMICS-huomautukset:<\/p>\n<p>Pitk\u00e4n k\u00e4ytt\u00f6i\u00e4n varmistamiseksi on suositeltavaa asentaa postilaatikko katoksen alle tai muuhun suojaiseen paikkaan.<br \/>\nRuostumattomasta ter\u00e4ksest\u00e4 valmistetut kyltit tulee liimata sein\u00e4postilaatikkoon. Ennen liimaamista tarkista ensin laatikon runko, kohdista kyltit ja liimaa ne ensimm\u00e4isell\u00e4 kerralla oikeaan paikkaan.<\/p>\n","protected":false},"excerpt":{"rendered":"<p>Sein\u00e4postilaatikon t\u00e4rkeimm\u00e4t ominaisuudet: Tyylik\u00e4s ulkon\u00e4k\u00f6: Antrasiitin v\u00e4rikombinaatio on elegantti ja koristeellinen. Kest\u00e4v\u00e4: Valmistettu galvanoidusta ter\u00e4ksest\u00e4, jauhemaalattu, vesi- ja ruostesuojattu, kest\u00e4v\u00e4 ja pitk\u00e4ik\u00e4inen. V-muotoinen ikkuna: N\u00e4et uusimman postisi heti. Peitetty lukko: Lukko on peitetty kannella ja suojattu sadevedelt\u00e4, jotta se ei ruostu helposti. Mukana toimitetaan 2 avainta. Sanomalehtirulla: Tarjoaa tilaa sanomalehdille tai aikakauslehdille. Helppo asentaa: Helppo [&hellip;]<\/p>\n","protected":false},"featured_media":40105,"comment_status":"open","ping_status":"closed","template":"","meta":[],"product_brand":[],"product_cat":[32],"product_tag":[],"class_list":{"0":"post-30895","1":"product","2":"type-product","3":"status-publish","4":"has-post-thumbnail","6":"product_cat-uncategorized-fi","8":"first","9":"instock","10":"shipping-taxable","11":"purchasable","12":"product-type-simple"},"_links":{"self":[{"href":"https:\/\/nordicmart.andreevmaster.com\/fi\/wp-json\/wp\/v2\/product\/30895","targetHints":{"allow":["GET"]}}],"collection":[{"href":"https:\/\/nordicmart.andreevmaster.com\/fi\/wp-json\/wp\/v2\/product"}],"about":[{"href":"https:\/\/nordicmart.andreevmaster.com\/fi\/wp-json\/wp\/v2\/types\/product"}],"replies":[{"embeddable":true,"href":"https:\/\/nordicmart.andreevmaster.com\/fi\/wp-json\/wp\/v2\/comments?post=30895"}],"wp:featuredmedia":[{"embeddable":true,"href":"https:\/\/nordicmart.andreevmaster.com\/fi\/wp-json\/wp\/v2\/media\/40105"}],"wp:attachment":[{"href":"https:\/\/nordicmart.andreevmaster.com\/fi\/wp-json\/wp\/v2\/media?parent=30895"}],"wp:term":[{"taxonomy":"product_brand","embeddable":true,"href":"https:\/\/nordicmart.andreevmaster.com\/fi\/wp-json\/wp\/v2\/product_brand?post=30895"},{"taxonomy":"product_cat","embeddable":true,"href":"https:\/\/nordicmart.andreevmaster.com\/fi\/wp-json\/wp\/v2\/product_cat?post=30895"},{"taxonomy":"product_tag","embeddable":true,"href":"https:\/\/nordicmart.andreevmaster.com\/fi\/wp-json\/wp\/v2\/product_tag?post=30895"}],"curies":[{"name":"wp","href":"https:\/\/api.w.org\/{rel}","templated":true}]}}