{"id":30890,"date":"2026-02-27T00:11:37","date_gmt":"2026-02-27T00:11:37","guid":{"rendered":"https:\/\/nordicmart.andreevmaster.com\/product\/songmics-seinapostilaatikko-ikkunalla-antrasiitti\/"},"modified":"2026-02-27T09:34:50","modified_gmt":"2026-02-27T09:34:50","slug":"songmics-seinapostilaatikko-ikkunalla-antrasiitti","status":"publish","type":"product","link":"https:\/\/nordicmart.andreevmaster.com\/fi\/tuote\/songmics-seinapostilaatikko-ikkunalla-antrasiitti\/","title":{"rendered":"SONGMICS sein\u00e4postilaatikko ikkunalla, antrasiitti"},"content":{"rendered":"<p>Tuotetiedot: V\u00e4ri: antrasiitti Materiaali: jauhemaalattu galvanoitu ter\u00e4s Koko: 37 x 10,5 x 37 cm (P x L x K) Paino: 3,6 kg Toimitus sis\u00e4lt\u00e4\u00e4: 1 x postilaatikko 1 x lis\u00e4varustepaketti SONGMICS-ohjeet:On suositeltavaa sijoittaa postilaatikko s\u00e4\u00e4lt\u00e4 suojattuun paikkaan, jotta se kest\u00e4\u00e4 k\u00e4yt\u00f6ss\u00e4 pidemp\u00e4\u00e4n.<\/p>\n","protected":false},"excerpt":{"rendered":"<p>SONGMICS-postilaatikko, sein\u00e4postilaatikko ikkunalla, ruostumatonta ter\u00e4st\u00e4, etuovelle, lukolla ja avaimilla, hopea-antrasiitti GMB053G01<\/p>\n","protected":false},"featured_media":40101,"comment_status":"open","ping_status":"closed","template":"","meta":[],"product_brand":[],"product_cat":[32],"product_tag":[],"class_list":{"0":"post-30890","1":"product","2":"type-product","3":"status-publish","4":"has-post-thumbnail","6":"product_cat-uncategorized-fi","8":"first","9":"instock","10":"shipping-taxable","11":"purchasable","12":"product-type-simple"},"_links":{"self":[{"href":"https:\/\/nordicmart.andreevmaster.com\/fi\/wp-json\/wp\/v2\/product\/30890","targetHints":{"allow":["GET"]}}],"collection":[{"href":"https:\/\/nordicmart.andreevmaster.com\/fi\/wp-json\/wp\/v2\/product"}],"about":[{"href":"https:\/\/nordicmart.andreevmaster.com\/fi\/wp-json\/wp\/v2\/types\/product"}],"replies":[{"embeddable":true,"href":"https:\/\/nordicmart.andreevmaster.com\/fi\/wp-json\/wp\/v2\/comments?post=30890"}],"wp:featuredmedia":[{"embeddable":true,"href":"https:\/\/nordicmart.andreevmaster.com\/fi\/wp-json\/wp\/v2\/media\/40101"}],"wp:attachment":[{"href":"https:\/\/nordicmart.andreevmaster.com\/fi\/wp-json\/wp\/v2\/media?parent=30890"}],"wp:term":[{"taxonomy":"product_brand","embeddable":true,"href":"https:\/\/nordicmart.andreevmaster.com\/fi\/wp-json\/wp\/v2\/product_brand?post=30890"},{"taxonomy":"product_cat","embeddable":true,"href":"https:\/\/nordicmart.andreevmaster.com\/fi\/wp-json\/wp\/v2\/product_cat?post=30890"},{"taxonomy":"product_tag","embeddable":true,"href":"https:\/\/nordicmart.andreevmaster.com\/fi\/wp-json\/wp\/v2\/product_tag?post=30890"}],"curies":[{"name":"wp","href":"https:\/\/api.w.org\/{rel}","templated":true}]}}