{"id":30889,"date":"2026-02-27T00:11:37","date_gmt":"2026-02-27T00:11:37","guid":{"rendered":"https:\/\/nordicmart.andreevmaster.com\/product\/songmics-seinapostilaatikko-ikkunalla\/"},"modified":"2026-02-27T09:34:50","modified_gmt":"2026-02-27T09:34:50","slug":"songmics-seinapostilaatikko-ikkunalla","status":"publish","type":"product","link":"https:\/\/nordicmart.andreevmaster.com\/fi\/tuote\/songmics-seinapostilaatikko-ikkunalla\/","title":{"rendered":"SONGMICS sein\u00e4postilaatikko ikkunalla"},"content":{"rendered":"<p>Turvapaikka kirjeillesi: J\u00e4tt\u00e4v\u00e4tk\u00f6 postinkantajat kirjeesi aina oven eteen lattialle? T\u00e4m\u00e4 on erityisen \u00e4rsytt\u00e4v\u00e4\u00e4 sateisina p\u00e4ivin\u00e4. Lis\u00e4ksi postisi voi my\u00f6s kadota. T\u00e4m\u00e4 SONGMICS-postilaatikko tulee apuusi ja tarjoaa kirjeillesi pienen suojapaikan. Se suojaa painotuotteita s\u00e4\u00e4olosuhteilta ja on lis\u00e4ksi pitk\u00e4ik\u00e4inen. Syit\u00e4, miksi t\u00e4m\u00e4 postilaatikko on oikea valinta sinulle: Valmistettu ruostumattomasta ter\u00e4ksest\u00e4 ja galvanoidusta, jauhemaalatusta ter\u00e4ksest\u00e4, mik\u00e4 takaa pitk\u00e4n k\u00e4ytt\u00f6i\u00e4n. Kansi sulkeutuu pehme\u00e4sti, kun postinkantaja on j\u00e4tt\u00e4nyt kirjeet laatikkoon.Ikkunat ilmoittavat ajoissa, onko kirjeesi saapunut. Mukana 2 avainta lukkoon. Alareunassa on sanomalehtitasku. Helppo asentaa mukana toimitettujen asennustarvikkeiden avulla. Tuotetiedot: V\u00e4ri: hopea-antrasiitti Materiaali: ruostumaton ter\u00e4s, jauhemaalattu galvanoitu ter\u00e4s Koko: 37 x 10,5 x 37 cm (P x L x K) Paino: 3,6 kg Toimitus sis\u00e4lt\u00e4\u00e4: 1 x postilaatikko 2 x avain 4 x ruuvi 4 x tulppa 4 x kumiv\u00e4likappale SONGMICS-ohjeet: Postilaatikon sijoittaminen s\u00e4\u00e4nsuojaiseen paikkaan on suositeltavaa, jotta se kest\u00e4\u00e4 k\u00e4yt\u00f6ss\u00e4 pidemp\u00e4\u00e4n.<\/p>\n","protected":false},"excerpt":{"rendered":"<p>SONGMICS-postilaatikko, sein\u00e4postilaatikko ikkunalla, ruostumatonta ter\u00e4st\u00e4, etuovelle, lukolla ja avaimilla, hopea-antrasiitti GMB053G01<\/p>\n","protected":false},"featured_media":40100,"comment_status":"open","ping_status":"closed","template":"","meta":[],"product_brand":[],"product_cat":[32],"product_tag":[],"class_list":{"0":"post-30889","1":"product","2":"type-product","3":"status-publish","4":"has-post-thumbnail","6":"product_cat-uncategorized-fi","8":"first","9":"instock","10":"shipping-taxable","11":"purchasable","12":"product-type-simple"},"_links":{"self":[{"href":"https:\/\/nordicmart.andreevmaster.com\/fi\/wp-json\/wp\/v2\/product\/30889","targetHints":{"allow":["GET"]}}],"collection":[{"href":"https:\/\/nordicmart.andreevmaster.com\/fi\/wp-json\/wp\/v2\/product"}],"about":[{"href":"https:\/\/nordicmart.andreevmaster.com\/fi\/wp-json\/wp\/v2\/types\/product"}],"replies":[{"embeddable":true,"href":"https:\/\/nordicmart.andreevmaster.com\/fi\/wp-json\/wp\/v2\/comments?post=30889"}],"wp:featuredmedia":[{"embeddable":true,"href":"https:\/\/nordicmart.andreevmaster.com\/fi\/wp-json\/wp\/v2\/media\/40100"}],"wp:attachment":[{"href":"https:\/\/nordicmart.andreevmaster.com\/fi\/wp-json\/wp\/v2\/media?parent=30889"}],"wp:term":[{"taxonomy":"product_brand","embeddable":true,"href":"https:\/\/nordicmart.andreevmaster.com\/fi\/wp-json\/wp\/v2\/product_brand?post=30889"},{"taxonomy":"product_cat","embeddable":true,"href":"https:\/\/nordicmart.andreevmaster.com\/fi\/wp-json\/wp\/v2\/product_cat?post=30889"},{"taxonomy":"product_tag","embeddable":true,"href":"https:\/\/nordicmart.andreevmaster.com\/fi\/wp-json\/wp\/v2\/product_tag?post=30889"}],"curies":[{"name":"wp","href":"https:\/\/api.w.org\/{rel}","templated":true}]}}