{"id":30885,"date":"2026-02-27T00:11:36","date_gmt":"2026-02-27T00:11:36","guid":{"rendered":"https:\/\/nordicmart.andreevmaster.com\/product\/songmics-lukittava-seinapostilaatikko-antrasiitti\/"},"modified":"2026-02-27T09:34:50","modified_gmt":"2026-02-27T09:34:50","slug":"songmics-lukittava-seinapostilaatikko-antrasiitti","status":"publish","type":"product","link":"https:\/\/nordicmart.andreevmaster.com\/fi\/tuote\/songmics-lukittava-seinapostilaatikko-antrasiitti\/","title":{"rendered":"SONGMICS Lukittava sein\u00e4postilaatikko, antrasiitti"},"content":{"rendered":"<p>Turvapaikka kirjeillesi, sanomalehdillesi ja aikakauslehdillesi: J\u00e4tt\u00e4v\u00e4tk\u00f6 postinkantajat kirjeesi aina oven eteen lattialle? T\u00e4m\u00e4 on erityisen \u00e4rsytt\u00e4v\u00e4\u00e4 sateisina p\u00e4ivin\u00e4. Lis\u00e4ksi postisi voi my\u00f6s kadota. T\u00e4m\u00e4 SONGMICS-postilaatikko tulee apuun ja tarjoaa kirjeillesi, sanomalehdillesi ja aikakauslehdillesi pienen suojapaikan. Jauhemaalatusta ter\u00e4ksest\u00e4 valmistettu postilaatikko suojaa painotuotteita s\u00e4\u00e4olosuhteilta ja on lis\u00e4ksi pitk\u00e4ik\u00e4inen. Yksityiskohdat tekev\u00e4t eron: postilaatikon kansi suojaa lukkoa sadevedelt\u00e4 ja on lis\u00e4ksi varustettu vaimennusmekanismilla, jotta se sulkeutuu hitaasti, hiljaa ja pehme\u00e4sti. Alemman osan sanomalehtilaatikko tarjoaa lis\u00e4\u00e4 s\u00e4ilytystilaa sanomalehdille ja aikakauslehdille. Lis\u00e4ksi toimitamme asennustarvikkeet, jotta voit kiinnitt\u00e4\u00e4 postilaatikon helposti sein\u00e4\u00e4n. Korosta sis\u00e4\u00e4nk\u00e4ynti\u00e4si t\u00e4ll\u00e4 tyylikk\u00e4\u00e4ll\u00e4 postilaatikolla! Tuotetiedot: V\u00e4ri: antrasiitti Materiaali: jauhemaalattu ter\u00e4s Koko: 37 x 10,5 x 37 cm (P x L x K) Paino: 3,4 kg Toimitus sis\u00e4lt\u00e4\u00e4: 1 x postilaatikko 2 x avain 4 x ruuvi 4 x tulppa 4 x kumiv\u00e4likappale SONGICS-ohjeet: Postilaatikon sijoittaminen s\u00e4\u00e4nsuojaiseen paikkaan on suositeltavaa, jotta se kest\u00e4\u00e4 k\u00e4yt\u00f6ss\u00e4 pidemp\u00e4\u00e4n.<\/p>\n","protected":false},"excerpt":{"rendered":"<p>SONGMICS postilaatikko, lukittava sein\u00e4postilaatikko, sanomalehtiosasto, helppo asentaa, moderni, antrasiitti GMB051G02<\/p>\n","protected":false},"featured_media":40096,"comment_status":"open","ping_status":"closed","template":"","meta":[],"product_brand":[],"product_cat":[32],"product_tag":[],"class_list":{"0":"post-30885","1":"product","2":"type-product","3":"status-publish","4":"has-post-thumbnail","6":"product_cat-uncategorized-fi","8":"first","9":"instock","10":"shipping-taxable","11":"purchasable","12":"product-type-simple"},"_links":{"self":[{"href":"https:\/\/nordicmart.andreevmaster.com\/fi\/wp-json\/wp\/v2\/product\/30885","targetHints":{"allow":["GET"]}}],"collection":[{"href":"https:\/\/nordicmart.andreevmaster.com\/fi\/wp-json\/wp\/v2\/product"}],"about":[{"href":"https:\/\/nordicmart.andreevmaster.com\/fi\/wp-json\/wp\/v2\/types\/product"}],"replies":[{"embeddable":true,"href":"https:\/\/nordicmart.andreevmaster.com\/fi\/wp-json\/wp\/v2\/comments?post=30885"}],"wp:featuredmedia":[{"embeddable":true,"href":"https:\/\/nordicmart.andreevmaster.com\/fi\/wp-json\/wp\/v2\/media\/40096"}],"wp:attachment":[{"href":"https:\/\/nordicmart.andreevmaster.com\/fi\/wp-json\/wp\/v2\/media?parent=30885"}],"wp:term":[{"taxonomy":"product_brand","embeddable":true,"href":"https:\/\/nordicmart.andreevmaster.com\/fi\/wp-json\/wp\/v2\/product_brand?post=30885"},{"taxonomy":"product_cat","embeddable":true,"href":"https:\/\/nordicmart.andreevmaster.com\/fi\/wp-json\/wp\/v2\/product_cat?post=30885"},{"taxonomy":"product_tag","embeddable":true,"href":"https:\/\/nordicmart.andreevmaster.com\/fi\/wp-json\/wp\/v2\/product_tag?post=30885"}],"curies":[{"name":"wp","href":"https:\/\/api.w.org\/{rel}","templated":true}]}}