{"id":30881,"date":"2026-02-27T00:11:36","date_gmt":"2026-02-27T00:11:36","guid":{"rendered":"https:\/\/nordicmart.andreevmaster.com\/product\/songmics-postilaatikko-ruostumattomasta-teraksesta-hopea\/"},"modified":"2026-02-27T09:34:49","modified_gmt":"2026-02-27T09:34:49","slug":"songmics-postilaatikko-ruostumattomasta-teraksesta-hopea","status":"publish","type":"product","link":"https:\/\/nordicmart.andreevmaster.com\/fi\/tuote\/songmics-postilaatikko-ruostumattomasta-teraksesta-hopea\/","title":{"rendered":"SONGMICS postilaatikko ruostumattomasta ter\u00e4ksest\u00e4, hopea"},"content":{"rendered":"<p>Turvapaikka kirjeillesi, sanomalehdillesi ja aikakauslehdillesi: J\u00e4tt\u00e4\u00e4k\u00f6 postinkantaja kirjeesi aina oven eteen maahan? T\u00e4m\u00e4 on erityisen \u00e4rsytt\u00e4v\u00e4\u00e4 sateisina p\u00e4ivin\u00e4. Lis\u00e4ksi postisi voi my\u00f6s kadota. T\u00e4m\u00e4 SONGMICS-postilaatikko tulee apuusi ja tarjoaa kirjeillesi, sanomalehdillesi ja aikakauslehdillesi pienen suojapaikan. Ruostumattomasta ter\u00e4ksest\u00e4 valmistettu postilaatikko suojaa painotuotteita s\u00e4\u00e4olosuhteilta ja on lis\u00e4ksi pitk\u00e4ik\u00e4inen.Yksityiskohdat tekev\u00e4t eron: Seuraavat hyvin suunnitellut yksityiskohdat erottavat t\u00e4m\u00e4n postilaatikon muista: sen lukossa on k\u00e4\u00e4nnett\u00e4v\u00e4 kansi, joka suojaa sit\u00e4 sadevedelt\u00e4; ikkuna kertoo, kun kirjeesi ovat saapuneet; nimikylttien pidike varmistaa, ett\u00e4 kirjeesi p\u00e4\u00e4tyv\u00e4t oikeaan osoitteeseen; sanomalehtiosasto tarjoaa lis\u00e4varastotilaa sanomalehdille ja aikakauslehdille; mukana toimitettavat asennustarvikkeet helpottavat asennusta. Tuotetiedot: V\u00e4ri: hopea Materiaali: ruostumaton ter\u00e4s Koko: 30,5 x 9,5 x 33,3 cm (P x L x K) Paino: 1,6 kg Toimitus sis\u00e4lt\u00e4\u00e4: 1 x postilaatikko 2 x avain 4 x ruuvi 4 x tulppa 4 x kumiv\u00e4likappale SONGMICSin ohjeet:Postilaatikon k\u00e4ytt\u00f6i\u00e4n pident\u00e4miseksi on suositeltavaa sijoittaa se s\u00e4\u00e4nsuojaiseen paikkaan.<\/p>\n","protected":false},"excerpt":{"rendered":"<p>SONGMICS postilaatikko, sein\u00e4postilaatikko, lukko kuparisella lukkosylinterill\u00e4 ja k\u00e4\u00e4nnett\u00e4v\u00e4ll\u00e4 kannella, sanomalehtiosasto, ikkuna, nimikylttipidike, lukittava, helppo asentaa, musta GMB020B02<\/p>\n","protected":false},"featured_media":40092,"comment_status":"open","ping_status":"closed","template":"","meta":[],"product_brand":[],"product_cat":[32],"product_tag":[],"class_list":{"0":"post-30881","1":"product","2":"type-product","3":"status-publish","4":"has-post-thumbnail","6":"product_cat-uncategorized-fi","8":"first","9":"instock","10":"shipping-taxable","11":"purchasable","12":"product-type-simple"},"_links":{"self":[{"href":"https:\/\/nordicmart.andreevmaster.com\/fi\/wp-json\/wp\/v2\/product\/30881","targetHints":{"allow":["GET"]}}],"collection":[{"href":"https:\/\/nordicmart.andreevmaster.com\/fi\/wp-json\/wp\/v2\/product"}],"about":[{"href":"https:\/\/nordicmart.andreevmaster.com\/fi\/wp-json\/wp\/v2\/types\/product"}],"replies":[{"embeddable":true,"href":"https:\/\/nordicmart.andreevmaster.com\/fi\/wp-json\/wp\/v2\/comments?post=30881"}],"wp:featuredmedia":[{"embeddable":true,"href":"https:\/\/nordicmart.andreevmaster.com\/fi\/wp-json\/wp\/v2\/media\/40092"}],"wp:attachment":[{"href":"https:\/\/nordicmart.andreevmaster.com\/fi\/wp-json\/wp\/v2\/media?parent=30881"}],"wp:term":[{"taxonomy":"product_brand","embeddable":true,"href":"https:\/\/nordicmart.andreevmaster.com\/fi\/wp-json\/wp\/v2\/product_brand?post=30881"},{"taxonomy":"product_cat","embeddable":true,"href":"https:\/\/nordicmart.andreevmaster.com\/fi\/wp-json\/wp\/v2\/product_cat?post=30881"},{"taxonomy":"product_tag","embeddable":true,"href":"https:\/\/nordicmart.andreevmaster.com\/fi\/wp-json\/wp\/v2\/product_tag?post=30881"}],"curies":[{"name":"wp","href":"https:\/\/api.w.org\/{rel}","templated":true}]}}