{"id":30878,"date":"2026-02-27T00:11:35","date_gmt":"2026-02-27T00:11:35","guid":{"rendered":"https:\/\/nordicmart.andreevmaster.com\/product\/songmics-postilaatikko-musta\/"},"modified":"2026-02-27T09:34:49","modified_gmt":"2026-02-27T09:34:49","slug":"songmics-postilaatikko-musta","status":"publish","type":"product","link":"https:\/\/nordicmart.andreevmaster.com\/fi\/tuote\/songmics-postilaatikko-musta\/","title":{"rendered":"SONGMICS postilaatikko, musta"},"content":{"rendered":"<p>Tuotetiedot: V\u00e4ri: musta Materiaali: jauhemaalattu ter\u00e4s Koko: 30,5 x 9,5 x 33,3 cm (P x L x K) Paino: 1,6 kg Toimitus sis\u00e4lt\u00e4\u00e4: 1 x postilaatikko 1 x lis\u00e4varustepaketti SONGICSin ohjeet:Postilaatikon sijoittaminen s\u00e4\u00e4nsuojaiseen paikkaan on suositeltavaa, jotta sen k\u00e4ytt\u00f6ik\u00e4 pitenee.<\/p>\n","protected":false},"excerpt":{"rendered":"<p>SONGMICS postilaatikko, sein\u00e4postilaatikko, lukko kuparisella lukkosylinterill\u00e4 ja k\u00e4\u00e4nnett\u00e4v\u00e4ll\u00e4 kannella, sanomalehtiosasto, ikkuna, nimikylttipidike, lukittava, helppo asentaa, musta GMB020B02<\/p>\n","protected":false},"featured_media":40090,"comment_status":"open","ping_status":"closed","template":"","meta":[],"product_brand":[],"product_cat":[32],"product_tag":[],"class_list":{"0":"post-30878","1":"product","2":"type-product","3":"status-publish","4":"has-post-thumbnail","6":"product_cat-uncategorized-fi","8":"first","9":"instock","10":"shipping-taxable","11":"purchasable","12":"product-type-simple"},"_links":{"self":[{"href":"https:\/\/nordicmart.andreevmaster.com\/fi\/wp-json\/wp\/v2\/product\/30878","targetHints":{"allow":["GET"]}}],"collection":[{"href":"https:\/\/nordicmart.andreevmaster.com\/fi\/wp-json\/wp\/v2\/product"}],"about":[{"href":"https:\/\/nordicmart.andreevmaster.com\/fi\/wp-json\/wp\/v2\/types\/product"}],"replies":[{"embeddable":true,"href":"https:\/\/nordicmart.andreevmaster.com\/fi\/wp-json\/wp\/v2\/comments?post=30878"}],"wp:featuredmedia":[{"embeddable":true,"href":"https:\/\/nordicmart.andreevmaster.com\/fi\/wp-json\/wp\/v2\/media\/40090"}],"wp:attachment":[{"href":"https:\/\/nordicmart.andreevmaster.com\/fi\/wp-json\/wp\/v2\/media?parent=30878"}],"wp:term":[{"taxonomy":"product_brand","embeddable":true,"href":"https:\/\/nordicmart.andreevmaster.com\/fi\/wp-json\/wp\/v2\/product_brand?post=30878"},{"taxonomy":"product_cat","embeddable":true,"href":"https:\/\/nordicmart.andreevmaster.com\/fi\/wp-json\/wp\/v2\/product_cat?post=30878"},{"taxonomy":"product_tag","embeddable":true,"href":"https:\/\/nordicmart.andreevmaster.com\/fi\/wp-json\/wp\/v2\/product_tag?post=30878"}],"curies":[{"name":"wp","href":"https:\/\/api.w.org\/{rel}","templated":true}]}}