{"id":30877,"date":"2026-02-27T00:11:35","date_gmt":"2026-02-27T00:11:35","guid":{"rendered":"https:\/\/nordicmart.andreevmaster.com\/product\/songmics-tikkaat-alumiinitikkaat-2-luistamattomalla-askelmalla-tikkaat-taitettavat\/"},"modified":"2026-02-27T09:34:48","modified_gmt":"2026-02-27T09:34:48","slug":"songmics-tikkaat-alumiinitikkaat-2-luistamattomalla-askelmalla-tikkaat-taitettavat","status":"publish","type":"product","link":"https:\/\/nordicmart.andreevmaster.com\/fi\/tuote\/songmics-tikkaat-alumiinitikkaat-2-luistamattomalla-askelmalla-tikkaat-taitettavat\/","title":{"rendered":"SONGMICS tikkaat, alumiinitikkaat 2 luistamattomalla askelmalla, tikkaat taitettavat"},"content":{"rendered":"<p>SONGMICS alumiininen tikkaat, monik\u00e4ytt\u00f6iset tikkaat, kantavuus 150 kg, 3 askelmaa, T\u00dcV Rheinlandin testaama DIN EN14183 -standardin mukaisesti GLT23K<br \/>\nTekniset tiedot:<br \/>\n&#8211; Paino: 10,5 kg<br \/>\n&#8211; Mitat avattuna: 45 x 35,5 x 38 cm (S x L x K)<br \/>\n&#8211; Mitat kokoontaitettuna: 19 x 35,5 x 44 cm (S x L x K)<br \/>\n&#8211; Maks. staattinen kantavuus: 150 kg<br \/>\n&#8211; V\u00e4ri: hopeanharmaa-mustanmusta<br \/>\n&#8211; Materiaali: alumiiniseos, muovi<\/p>\n","protected":false},"excerpt":{"rendered":"<p>SONGMICS alumiininen tikkaat, monik\u00e4ytt\u00f6iset tikkaat, kantavuus 150 kg, 3 askelmaa, T\u00dcV Rheinlandin testaama DIN EN14183 -standardin mukaisesti GLT23K<\/p>\n","protected":false},"featured_media":40089,"comment_status":"open","ping_status":"closed","template":"","meta":[],"product_brand":[],"product_cat":[32],"product_tag":[],"class_list":{"0":"post-30877","1":"product","2":"type-product","3":"status-publish","4":"has-post-thumbnail","6":"product_cat-uncategorized-fi","8":"first","9":"instock","10":"shipping-taxable","11":"purchasable","12":"product-type-simple"},"_links":{"self":[{"href":"https:\/\/nordicmart.andreevmaster.com\/fi\/wp-json\/wp\/v2\/product\/30877","targetHints":{"allow":["GET"]}}],"collection":[{"href":"https:\/\/nordicmart.andreevmaster.com\/fi\/wp-json\/wp\/v2\/product"}],"about":[{"href":"https:\/\/nordicmart.andreevmaster.com\/fi\/wp-json\/wp\/v2\/types\/product"}],"replies":[{"embeddable":true,"href":"https:\/\/nordicmart.andreevmaster.com\/fi\/wp-json\/wp\/v2\/comments?post=30877"}],"wp:featuredmedia":[{"embeddable":true,"href":"https:\/\/nordicmart.andreevmaster.com\/fi\/wp-json\/wp\/v2\/media\/40089"}],"wp:attachment":[{"href":"https:\/\/nordicmart.andreevmaster.com\/fi\/wp-json\/wp\/v2\/media?parent=30877"}],"wp:term":[{"taxonomy":"product_brand","embeddable":true,"href":"https:\/\/nordicmart.andreevmaster.com\/fi\/wp-json\/wp\/v2\/product_brand?post=30877"},{"taxonomy":"product_cat","embeddable":true,"href":"https:\/\/nordicmart.andreevmaster.com\/fi\/wp-json\/wp\/v2\/product_cat?post=30877"},{"taxonomy":"product_tag","embeddable":true,"href":"https:\/\/nordicmart.andreevmaster.com\/fi\/wp-json\/wp\/v2\/product_tag?post=30877"}],"curies":[{"name":"wp","href":"https:\/\/api.w.org\/{rel}","templated":true}]}}