{"id":30876,"date":"2026-02-27T00:11:35","date_gmt":"2026-02-27T00:11:35","guid":{"rendered":"https:\/\/nordicmart.andreevmaster.com\/product\/songmics-monitoimiportaat-350-cm\/"},"modified":"2026-02-27T09:34:48","modified_gmt":"2026-02-27T09:34:48","slug":"songmics-monitoimiportaat-350-cm","status":"publish","type":"product","link":"https:\/\/nordicmart.andreevmaster.com\/fi\/tuote\/songmics-monitoimiportaat-350-cm\/","title":{"rendered":"SONGMICS monitoimiportaat 350 cm"},"content":{"rendered":"<p>Tuotetiedot &#8211; Mitat kokoontaitettuna: 97 x 39 x 25,5 cm (L x K x S) &#8211; Mitat t\u00e4ysin avattuna: 79,5 x 6 x 350 cm (L x K x S) &#8211; Korkeus kaksoistikkaana: 175 cm &#8211; Ty\u00f6alustan seisomakorkeus: 94 cm &#8211; Ty\u00f6alustan seisontapinta: 143 x 30 cm &#8211; Askelman leveys: 30 cm &#8211; Poikkileikkaus: 6 x 2,5 cm &#8211; Poikkileikkaus: 3 x 3 cm &#8211; Askelmien v\u00e4li: 28 cm &#8211; Paino: 18 kg Toimitus sis\u00e4lt\u00e4\u00e4: &#8211; 1 x monitoimiportaat &#8211; 1 x ohjeet<\/p>\n","protected":false},"excerpt":{"rendered":"<p>SONGMICS tikkaat, monik\u00e4ytt\u00f6iset tikkaat 3,5 m, porrastikkaat, alumiinitikkaat, kotitaloustikkaat, enint\u00e4\u00e4n 150 kg, 12 askelmaa ja 2 telinelevy\u00e4, vastaa standardia EN 131, hopeanv\u00e4riset GLT36M<\/p>\n","protected":false},"featured_media":40088,"comment_status":"open","ping_status":"closed","template":"","meta":[],"product_brand":[],"product_cat":[32],"product_tag":[],"class_list":{"0":"post-30876","1":"product","2":"type-product","3":"status-publish","4":"has-post-thumbnail","6":"product_cat-uncategorized-fi","8":"first","9":"instock","10":"shipping-taxable","11":"purchasable","12":"product-type-simple"},"_links":{"self":[{"href":"https:\/\/nordicmart.andreevmaster.com\/fi\/wp-json\/wp\/v2\/product\/30876","targetHints":{"allow":["GET"]}}],"collection":[{"href":"https:\/\/nordicmart.andreevmaster.com\/fi\/wp-json\/wp\/v2\/product"}],"about":[{"href":"https:\/\/nordicmart.andreevmaster.com\/fi\/wp-json\/wp\/v2\/types\/product"}],"replies":[{"embeddable":true,"href":"https:\/\/nordicmart.andreevmaster.com\/fi\/wp-json\/wp\/v2\/comments?post=30876"}],"wp:featuredmedia":[{"embeddable":true,"href":"https:\/\/nordicmart.andreevmaster.com\/fi\/wp-json\/wp\/v2\/media\/40088"}],"wp:attachment":[{"href":"https:\/\/nordicmart.andreevmaster.com\/fi\/wp-json\/wp\/v2\/media?parent=30876"}],"wp:term":[{"taxonomy":"product_brand","embeddable":true,"href":"https:\/\/nordicmart.andreevmaster.com\/fi\/wp-json\/wp\/v2\/product_brand?post=30876"},{"taxonomy":"product_cat","embeddable":true,"href":"https:\/\/nordicmart.andreevmaster.com\/fi\/wp-json\/wp\/v2\/product_cat?post=30876"},{"taxonomy":"product_tag","embeddable":true,"href":"https:\/\/nordicmart.andreevmaster.com\/fi\/wp-json\/wp\/v2\/product_tag?post=30876"}],"curies":[{"name":"wp","href":"https:\/\/api.w.org\/{rel}","templated":true}]}}